{"id":1162,"date":"2019-05-03T21:47:04","date_gmt":"2019-05-03T21:47:04","guid":{"rendered":"https:\/\/old.dreamond.com\/les-solutions\/notoriete\/marketing-digital\/"},"modified":"2019-05-05T19:01:03","modified_gmt":"2019-05-05T19:01:03","slug":"marketing-digital","status":"publish","type":"page","link":"https:\/\/old.dreamond.com\/fr\/les-solutions\/notoriete\/marketing-digital\/","title":{"rendered":"Marketing Digital"},"content":{"rendered":"<div class=\"wpb-content-wrapper\"><p>[vc_row css=\u00a0\u00bb.vc_custom_1551959491336{margin-top: 0px !important;}\u00a0\u00bb][vc_column][rev_slider alias=\u00a0\u00bbdigitalmarketing\u00a0\u00bb][vc_column_text css=\u00a0\u00bb.vc_custom_1551960522626{margin-top: 20px !important;}\u00a0\u00bb]<span style=\"font-size: 12pt\">Le marketing digital est un secteur en croissance dans le bon sens. Au fur et \u00e0 mesure que notre \u00e9quipe en apprend davantage sur le comportement des clients en ligne, nous affinons nos strat\u00e9gies pour g\u00e9n\u00e9rer le maximum d&rsquo;impact avec votre public.<\/span>[\/vc_column_text][vc_column_text]<\/p>\n<h5 style=\"text-align: center\"><span style=\"font-size: 12pt\">COMMENT NOUS VOUS AIDONS \u00c0 PRENDRE DES D\u00c9CISIONS INTELLIGENTES:<\/span><\/h5>\n<p>[\/vc_column_text][vc_row_inner][vc_column_inner width=\u00a0\u00bb1\/5&Prime;][vc_icon icon_fontawesome=\u00a0\u00bbfa fa-share-square\u00a0\u00bb color=\u00a0\u00bbcustom\u00a0\u00bb size=\u00a0\u00bbxl\u00a0\u00bb align=\u00a0\u00bbcenter\u00a0\u00bb css_animation=\u00a0\u00bbfadeInUp\u00a0\u00bb custom_color=\u00a0\u00bb#f43ea0&Prime;][vc_column_text]<\/p>\n<h5 style=\"text-align: center\"><strong><span style=\"font-size: 12pt\">DES M\u00c9DIAS SOCIAUX<\/span><\/strong><\/h5>\n<p>[\/vc_column_text][\/vc_column_inner][vc_column_inner width=\u00a0\u00bb1\/5&Prime;][vc_icon icon_fontawesome=\u00a0\u00bbfa fa-pencil-square\u00a0\u00bb color=\u00a0\u00bbcustom\u00a0\u00bb size=\u00a0\u00bbxl\u00a0\u00bb align=\u00a0\u00bbcenter\u00a0\u00bb css_animation=\u00a0\u00bbfadeInUp\u00a0\u00bb custom_color=\u00a0\u00bb#f43ea0&Prime;][vc_column_text]<\/p>\n<h5 style=\"text-align: center\"><strong>CONTENU MARKETING<\/strong><\/h5>\n<p>[\/vc_column_text][\/vc_column_inner][vc_column_inner width=\u00a0\u00bb1\/5&Prime;][vc_icon icon_fontawesome=\u00a0\u00bbfa fa-search\u00a0\u00bb color=\u00a0\u00bbcustom\u00a0\u00bb size=\u00a0\u00bbxl\u00a0\u00bb align=\u00a0\u00bbcenter\u00a0\u00bb css_animation=\u00a0\u00bbfadeInUp\u00a0\u00bb custom_color=\u00a0\u00bb#f43ea0&Prime;][vc_column_text]<\/p>\n<h5 style=\"text-align: center\"><strong><span style=\"font-size: 12pt\">OPTIMISATION DU MOTEUR DE RECHERCHE<\/span><\/strong><\/h5>\n<p>[\/vc_column_text][\/vc_column_inner][vc_column_inner width=\u00a0\u00bb1\/5&Prime;][vc_icon icon_fontawesome=\u00a0\u00bbfa fa-envelope-square\u00a0\u00bb color=\u00a0\u00bbcustom\u00a0\u00bb size=\u00a0\u00bbxl\u00a0\u00bb align=\u00a0\u00bbcenter\u00a0\u00bb css_animation=\u00a0\u00bbfadeInUp\u00a0\u00bb custom_color=\u00a0\u00bb#f43ea0&Prime;][vc_column_text]<\/p>\n<h5 style=\"text-align: center\"><strong>PUBLICIT\u00c9 PAR E-MAIL<\/strong><\/h5>\n<p>[\/vc_column_text][\/vc_column_inner][vc_column_inner width=\u00a0\u00bb1\/5&Prime;][vc_icon icon_fontawesome=\u00a0\u00bbfa fa-mouse-pointer\u00a0\u00bb color=\u00a0\u00bbcustom\u00a0\u00bb size=\u00a0\u00bbxl\u00a0\u00bb align=\u00a0\u00bbcenter\u00a0\u00bb css_animation=\u00a0\u00bbfadeInUp\u00a0\u00bb custom_color=\u00a0\u00bb#f43ea0&Prime;][vc_column_text]<\/p>\n<h5 style=\"text-align: center\"><strong>PAYER AVEC UN CLIC<\/strong><\/h5>\n<p>[\/vc_column_text][\/vc_column_inner][\/vc_row_inner][\/vc_column][\/vc_row]<\/p>\n<\/div>","protected":false},"excerpt":{"rendered":"<p>[vc_row css=\u00a0\u00bb.vc_custom_1551959491336{margin-top: 0px !important;}\u00a0\u00bb][vc_column][rev_slider alias=\u00a0\u00bbdigitalmarketing\u00a0\u00bb][vc_column_text css=\u00a0\u00bb.vc_custom_1551960522626{margin-top: 20px !important;}\u00a0\u00bb]Le marketing digital est un secteur en croissance dans le bon sens. Au fur et \u00e0 mesure que notre<span class=\"excerpt-hellip\"> [\u2026]<\/span><\/p>\n","protected":false},"author":9,"featured_media":0,"parent":1032,"menu_order":0,"comment_status":"closed","ping_status":"closed","template":"","meta":{"footnotes":""},"class_list":["post-1162","page","type-page","status-publish","hentry"],"_links":{"self":[{"href":"https:\/\/old.dreamond.com\/fr\/wp-json\/wp\/v2\/pages\/1162","targetHints":{"allow":["GET"]}}],"collection":[{"href":"https:\/\/old.dreamond.com\/fr\/wp-json\/wp\/v2\/pages"}],"about":[{"href":"https:\/\/old.dreamond.com\/fr\/wp-json\/wp\/v2\/types\/page"}],"author":[{"embeddable":true,"href":"https:\/\/old.dreamond.com\/fr\/wp-json\/wp\/v2\/users\/9"}],"replies":[{"embeddable":true,"href":"https:\/\/old.dreamond.com\/fr\/wp-json\/wp\/v2\/comments?post=1162"}],"version-history":[{"count":0,"href":"https:\/\/old.dreamond.com\/fr\/wp-json\/wp\/v2\/pages\/1162\/revisions"}],"up":[{"embeddable":true,"href":"https:\/\/old.dreamond.com\/fr\/wp-json\/wp\/v2\/pages\/1032"}],"wp:attachment":[{"href":"https:\/\/old.dreamond.com\/fr\/wp-json\/wp\/v2\/media?parent=1162"}],"curies":[{"name":"wp","href":"https:\/\/api.w.org\/{rel}","templated":true}]}}