{"id":1160,"date":"2019-05-03T21:42:00","date_gmt":"2019-05-03T21:42:00","guid":{"rendered":"https:\/\/old.dreamond.com\/les-solutions\/notoriete\/reputation-en-ligne\/"},"modified":"2019-05-05T18:58:07","modified_gmt":"2019-05-05T18:58:07","slug":"reputation-en-ligne","status":"publish","type":"page","link":"https:\/\/old.dreamond.com\/fr\/les-solutions\/notoriete\/reputation-en-ligne\/","title":{"rendered":"R\u00e9putation en ligne"},"content":{"rendered":"<div class=\"wpb-content-wrapper\"><p>[vc_row css=\u00a0\u00bb.vc_custom_1551959491336{margin-top: 0px !important;}\u00a0\u00bb][vc_column][rev_slider alias=\u00a0\u00bbonline-reputation\u00a0\u00bb][vc_column_text css=\u00a0\u00bb.vc_custom_1551960952376{margin-top: 20px !important;}\u00a0\u00bb]<span style=\"font-size: 12pt\">La gestion de la r\u00e9putation en ligne de Dreamond aide non seulement votre entreprise \u00e0 savoir quand de nouveaux avis sont mis en ligne, mais elle vous aide \u00e9galement \u00e0 obtenir davantage d&rsquo;avis de vos clients pour qu&rsquo;ils soient trouv\u00e9s, choisis et mieux \u00e9clair\u00e9s. Avec Dreamond, les clients deviennent votre meilleure forme de marketing et les avis sont le meilleur moyen.<\/span>[\/vc_column_text][vc_column_text]<\/p>\n<h5 style=\"text-align: center\"><span style=\"font-size: 12pt\">D\u00c9FIS AVEC LES AVIS EN LIGNE:<\/span><\/h5>\n<p>[\/vc_column_text][vc_row_inner][vc_column_inner width=\u00a0\u00bb1\/4&Prime;][vc_icon icon_fontawesome=\u00a0\u00bbfa fa-pie-chart\u00a0\u00bb color=\u00a0\u00bbcustom\u00a0\u00bb size=\u00a0\u00bbxl\u00a0\u00bb align=\u00a0\u00bbcenter\u00a0\u00bb css_animation=\u00a0\u00bbfadeInUp\u00a0\u00bb custom_color=\u00a0\u00bb#f43ea0&Prime;][vc_column_text]<\/p>\n<h5 style=\"text-align: center\"><span style=\"font-size: 12pt\">PLUS DE 90% DES CONSOMMATEURS LISENT LES AVIS EN LIGNE<\/span><\/h5>\n<p>[\/vc_column_text][\/vc_column_inner][vc_column_inner width=\u00a0\u00bb1\/4&Prime;][vc_icon icon_fontawesome=\u00a0\u00bbfa fa-thumbs-down\u00a0\u00bb color=\u00a0\u00bbcustom\u00a0\u00bb size=\u00a0\u00bbxl\u00a0\u00bb align=\u00a0\u00bbcenter\u00a0\u00bb css_animation=\u00a0\u00bbfadeInUp\u00a0\u00bb custom_color=\u00a0\u00bb#f43ea0&Prime;][vc_column_text]<\/p>\n<h5 style=\"text-align: center\"><strong>LES AVIS N\u00c9GATIFS NE PARTIRONT PAS TOUT SEULS<\/strong><\/h5>\n<p>[\/vc_column_text][\/vc_column_inner][vc_column_inner width=\u00a0\u00bb1\/4&Prime;][vc_icon icon_fontawesome=\u00a0\u00bbfa fa-exclamation-circle\u00a0\u00bb color=\u00a0\u00bbcustom\u00a0\u00bb size=\u00a0\u00bbxl\u00a0\u00bb align=\u00a0\u00bbcenter\u00a0\u00bb css_animation=\u00a0\u00bbfadeInUp\u00a0\u00bb custom_color=\u00a0\u00bb#f43ea0&Prime;][vc_column_text]<\/p>\n<h5 style=\"text-align: center\"><strong>TOUS VOS EFFORTS SE D\u00c9CHARGENT<\/strong><\/h5>\n<p>[\/vc_column_text][\/vc_column_inner][vc_column_inner width=\u00a0\u00bb1\/4&Prime;][vc_icon icon_fontawesome=\u00a0\u00bbfa fa-hourglass-half\u00a0\u00bb color=\u00a0\u00bbcustom\u00a0\u00bb size=\u00a0\u00bbxl\u00a0\u00bb align=\u00a0\u00bbcenter\u00a0\u00bb css_animation=\u00a0\u00bbfadeInUp\u00a0\u00bb custom_color=\u00a0\u00bb#f43ea0&Prime;][vc_column_text]<\/p>\n<h5 style=\"text-align: center\"><strong><span style=\"font-size: 12pt\">IL FAUT DU TEMPS POUR G\u00c9RER VOS AVIS EN LIGNE<\/span><\/strong><\/h5>\n<p>[\/vc_column_text][\/vc_column_inner][\/vc_row_inner][vc_column_text css=\u00a0\u00bb.vc_custom_1551961314328{margin-top: 20px !important;}\u00a0\u00bb]<span style=\"font-size: 12pt\">Dreamond sera en mesure d&rsquo;att\u00e9nuer les effets d&rsquo;une mauvaise publicit\u00e9, telle qu&rsquo;une vid\u00e9o virale n\u00e9gative, et de cr\u00e9er des techniques de marketing proactives pour faire revivre la r\u00e9putation positive de la soci\u00e9t\u00e9.<\/span>[\/vc_column_text][\/vc_column][\/vc_row]<\/p>\n<\/div>","protected":false},"excerpt":{"rendered":"<p>[vc_row css=\u00a0\u00bb.vc_custom_1551959491336{margin-top: 0px !important;}\u00a0\u00bb][vc_column][rev_slider alias=\u00a0\u00bbonline-reputation\u00a0\u00bb][vc_column_text css=\u00a0\u00bb.vc_custom_1551960952376{margin-top: 20px !important;}\u00a0\u00bb]La gestion de la r\u00e9putation en ligne de Dreamond aide non seulement votre entreprise \u00e0 savoir quand de nouveaux<span class=\"excerpt-hellip\"> [\u2026]<\/span><\/p>\n","protected":false},"author":9,"featured_media":0,"parent":1032,"menu_order":0,"comment_status":"closed","ping_status":"closed","template":"","meta":{"footnotes":""},"class_list":["post-1160","page","type-page","status-publish","hentry"],"_links":{"self":[{"href":"https:\/\/old.dreamond.com\/fr\/wp-json\/wp\/v2\/pages\/1160","targetHints":{"allow":["GET"]}}],"collection":[{"href":"https:\/\/old.dreamond.com\/fr\/wp-json\/wp\/v2\/pages"}],"about":[{"href":"https:\/\/old.dreamond.com\/fr\/wp-json\/wp\/v2\/types\/page"}],"author":[{"embeddable":true,"href":"https:\/\/old.dreamond.com\/fr\/wp-json\/wp\/v2\/users\/9"}],"replies":[{"embeddable":true,"href":"https:\/\/old.dreamond.com\/fr\/wp-json\/wp\/v2\/comments?post=1160"}],"version-history":[{"count":0,"href":"https:\/\/old.dreamond.com\/fr\/wp-json\/wp\/v2\/pages\/1160\/revisions"}],"up":[{"embeddable":true,"href":"https:\/\/old.dreamond.com\/fr\/wp-json\/wp\/v2\/pages\/1032"}],"wp:attachment":[{"href":"https:\/\/old.dreamond.com\/fr\/wp-json\/wp\/v2\/media?parent=1160"}],"curies":[{"name":"wp","href":"https:\/\/api.w.org\/{rel}","templated":true}]}}