{"id":1158,"date":"2019-05-03T21:28:15","date_gmt":"2019-05-03T21:28:15","guid":{"rendered":"https:\/\/old.dreamond.com\/les-solutions\/notoriete\/campagnes-marketing\/"},"modified":"2019-05-05T18:57:23","modified_gmt":"2019-05-05T18:57:23","slug":"campagnes-marketing","status":"publish","type":"page","link":"https:\/\/old.dreamond.com\/fr\/les-solutions\/notoriete\/campagnes-marketing\/","title":{"rendered":"Campagnes Marketing"},"content":{"rendered":"<div class=\"wpb-content-wrapper\"><p>[vc_row css=\u00a0\u00bb.vc_custom_1551959491336{margin-top: 0px !important;}\u00a0\u00bb][vc_column][rev_slider alias=\u00a0\u00bbmarketing-campaigns\u00a0\u00bb][vc_column_text css=\u00a0\u00bb.vc_custom_1551961960363{margin-top: 20px !important;}\u00a0\u00bb]<span style=\"font-size: 12pt\">Une campagne de marketing connecte vos produits et services au march\u00e9. Chez Dreamond, chaque campagne raconte l\u2019histoire de votre entreprise et la valeur de votre marque.<\/span>[\/vc_column_text][vc_column_text css=\u00a0\u00bb.vc_custom_1551962086441{margin-top: 20px !important;}\u00a0\u00bb]<span style=\"font-size: 12pt\">Une gestion de campagne marketing r\u00e9ussie ne se limite pas \u00e0 la cr\u00e9ation d\u2019une publicit\u00e9 ou d\u2019une page Web. Cela signifie \u00e9laborer et mettre en \u0153uvre un plan complet qui \u00e9nonce chacun de vos objectifs et indique comment vous allez les atteindre. Que vous vendiez un nouveau produit ou expliquiez la valeur de vos services, votre campagne de marketing devrait identifier ces deux \u00e9l\u00e9ments, car il s&rsquo;agit de votre feuille de route vers le succ\u00e8s.<\/span>[\/vc_column_text][vc_column_text]<\/p>\n<h5 style=\"text-align: center\"><strong>AVANTAGES DES CAMPAGNES MARKETING:<\/strong><\/h5>\n<p>[\/vc_column_text][vc_row_inner][vc_column_inner width=\u00a0\u00bb1\/5&Prime;][vc_icon icon_fontawesome=\u00a0\u00bbfa fa-line-chart\u00a0\u00bb color=\u00a0\u00bbcustom\u00a0\u00bb size=\u00a0\u00bbxl\u00a0\u00bb align=\u00a0\u00bbcenter\u00a0\u00bb css_animation=\u00a0\u00bbfadeInUp\u00a0\u00bb custom_color=\u00a0\u00bb#f43ea0&Prime;][vc_column_text]<\/p>\n<h5 style=\"text-align: center\"><span style=\"font-size: 12pt\"><strong>AUGMENTATION DES VENTES ET DES PROFITS<\/strong><\/span><\/h5>\n<p>[\/vc_column_text][\/vc_column_inner][vc_column_inner width=\u00a0\u00bb1\/5&Prime;][vc_icon icon_fontawesome=\u00a0\u00bbfa fa-product-hunt\u00a0\u00bb color=\u00a0\u00bbcustom\u00a0\u00bb size=\u00a0\u00bbxl\u00a0\u00bb align=\u00a0\u00bbcenter\u00a0\u00bb css_animation=\u00a0\u00bbfadeInUp\u00a0\u00bb custom_color=\u00a0\u00bb#f43ea0&Prime;][vc_column_text]<\/p>\n<p style=\"text-align: center\"><strong><span style=\"font-size: 12pt\">PR\u00c9SENTATION D&rsquo;UN NOUVEAU PRODUIT<\/span><\/strong><\/p>\n<p>[\/vc_column_text][\/vc_column_inner][vc_column_inner width=\u00a0\u00bb1\/5&Prime;][vc_icon icon_fontawesome=\u00a0\u00bbfa fa-tags\u00a0\u00bb color=\u00a0\u00bbcustom\u00a0\u00bb size=\u00a0\u00bbxl\u00a0\u00bb align=\u00a0\u00bbcenter\u00a0\u00bb css_animation=\u00a0\u00bbfadeInUp\u00a0\u00bb custom_color=\u00a0\u00bb#f43ea0&Prime;][vc_column_text]<\/p>\n<h5 style=\"text-align: center\"><span style=\"font-size: 12pt\">\u00c9TABLIR UNE IMAGE DE MARQUE<\/span><\/h5>\n<p>[\/vc_column_text][\/vc_column_inner][vc_column_inner width=\u00a0\u00bb1\/5&Prime;][vc_icon icon_fontawesome=\u00a0\u00bbfa fa-smile-o\u00a0\u00bb color=\u00a0\u00bbcustom\u00a0\u00bb size=\u00a0\u00bbxl\u00a0\u00bb align=\u00a0\u00bbcenter\u00a0\u00bb css_animation=\u00a0\u00bbfadeInUp\u00a0\u00bb custom_color=\u00a0\u00bb#f43ea0&Prime;][vc_column_text]<\/p>\n<h5 style=\"text-align: center\"><span style=\"font-size: 12pt\">R\u00c9DUIRE L\u2019IMPACT DE LA PUBLICIT\u00c9 N\u00c9GATIVE<\/span><\/h5>\n<p>[\/vc_column_text][\/vc_column_inner][vc_column_inner width=\u00a0\u00bb1\/5&Prime;][vc_icon icon_fontawesome=\u00a0\u00bbfa fa-users\u00a0\u00bb color=\u00a0\u00bbcustom\u00a0\u00bb size=\u00a0\u00bbxl\u00a0\u00bb align=\u00a0\u00bbcenter\u00a0\u00bb css_animation=\u00a0\u00bbfadeInUp\u00a0\u00bb custom_color=\u00a0\u00bb#f43ea0&Prime;][vc_column_text]<\/p>\n<h5 style=\"text-align: center\"><strong><span style=\"font-size: 12pt\">G\u00c9N\u00c9RER DE NOUVEAUX CLIENTS<\/span><\/strong><\/h5>\n<p>[\/vc_column_text][\/vc_column_inner][\/vc_row_inner][vc_column_text css=\u00a0\u00bb.vc_custom_1551962545776{margin-top: 20px !important;}\u00a0\u00bb]<span style=\"font-size: 12pt\">M\u00eame avec des objectifs, une messagerie et un flux de travail clairs, la gestion de toutes les parties mobiles d&rsquo;une campagne peut \u00eatre fastidieuse pour la plupart des propri\u00e9taires d&rsquo;entreprise. De nombreuses \u00e9quipes marketing utilisent un r\u00e9seau complexe de feuilles de calcul, de calendriers, de documents Word et de r\u00e9unions pour suivre les campagnes. Heureusement, Dreamond peut vous aider. Vous pouvez nous faire confiance pour cr\u00e9er des flux de travail, planifier les composants de votre campagne, suivre les taux de r\u00e9ponse, segmenter votre public, personnaliser votre messagerie et analyser vos r\u00e9sultats de mani\u00e8re pertinente et en temps opportun.<\/span>[\/vc_column_text][\/vc_column][\/vc_row]<\/p>\n<\/div>","protected":false},"excerpt":{"rendered":"<p>[vc_row css=\u00a0\u00bb.vc_custom_1551959491336{margin-top: 0px !important;}\u00a0\u00bb][vc_column][rev_slider alias=\u00a0\u00bbmarketing-campaigns\u00a0\u00bb][vc_column_text css=\u00a0\u00bb.vc_custom_1551961960363{margin-top: 20px !important;}\u00a0\u00bb]Une campagne de marketing connecte vos produits et services au march\u00e9. Chez Dreamond, chaque campagne raconte l\u2019histoire de votre<span class=\"excerpt-hellip\"> [\u2026]<\/span><\/p>\n","protected":false},"author":9,"featured_media":0,"parent":1032,"menu_order":0,"comment_status":"closed","ping_status":"closed","template":"","meta":{"footnotes":""},"class_list":["post-1158","page","type-page","status-publish","hentry"],"_links":{"self":[{"href":"https:\/\/old.dreamond.com\/fr\/wp-json\/wp\/v2\/pages\/1158","targetHints":{"allow":["GET"]}}],"collection":[{"href":"https:\/\/old.dreamond.com\/fr\/wp-json\/wp\/v2\/pages"}],"about":[{"href":"https:\/\/old.dreamond.com\/fr\/wp-json\/wp\/v2\/types\/page"}],"author":[{"embeddable":true,"href":"https:\/\/old.dreamond.com\/fr\/wp-json\/wp\/v2\/users\/9"}],"replies":[{"embeddable":true,"href":"https:\/\/old.dreamond.com\/fr\/wp-json\/wp\/v2\/comments?post=1158"}],"version-history":[{"count":0,"href":"https:\/\/old.dreamond.com\/fr\/wp-json\/wp\/v2\/pages\/1158\/revisions"}],"up":[{"embeddable":true,"href":"https:\/\/old.dreamond.com\/fr\/wp-json\/wp\/v2\/pages\/1032"}],"wp:attachment":[{"href":"https:\/\/old.dreamond.com\/fr\/wp-json\/wp\/v2\/media?parent=1158"}],"curies":[{"name":"wp","href":"https:\/\/api.w.org\/{rel}","templated":true}]}}