{"id":1156,"date":"2019-05-03T21:22:16","date_gmt":"2019-05-03T21:22:16","guid":{"rendered":"https:\/\/old.dreamond.com\/les-solutions\/generation-de-leads-lead-nurturing\/generer-des-leads-qualifies\/"},"modified":"2019-05-05T18:56:35","modified_gmt":"2019-05-05T18:56:35","slug":"generer-des-leads-qualifies","status":"publish","type":"page","link":"https:\/\/old.dreamond.com\/fr\/les-solutions\/generation-de-leads-lead-nurturing\/generer-des-leads-qualifies\/","title":{"rendered":"G\u00e9n\u00e9rer des leads qualifi\u00e9s"},"content":{"rendered":"<div class=\"wpb-content-wrapper\"><p>[vc_row css=\u00a0\u00bb.vc_custom_1551959491336{margin-top: 0px !important;}\u00a0\u00bb][vc_column][rev_slider alias=\u00a0\u00bblead-generation\u00a0\u00bb][vc_column_text css=\u00a0\u00bb.vc_custom_1552039058738{margin-top: 20px !important;}\u00a0\u00bb]<span style=\"font-size: 12pt\">Le processus d&rsquo;achat a chang\u00e9, les propri\u00e9taires d&rsquo;entreprise et les sp\u00e9cialistes du marketing doivent trouver de nouveaux moyens de joindre les acheteurs et de se faire entendre \u00e0 travers le bruit. Au lieu de rechercher des clients avec des campagnes publicitaires massives al\u00e9atoires et des envois de mails, vous devez maintenant vous concentrer sur votre recherche et apprendre \u00e0 \u00e9tablir des relations continues avec vos prospects.<\/span>[\/vc_column_text][vc_column_text]<\/p>\n<h5 style=\"text-align: center\"><strong><span style=\"font-size: 12pt\">LES SOLUTIONS DE LEAD GENERATION DREAMOND :<\/span><\/strong><\/h5>\n<p>[\/vc_column_text][vc_row_inner][vc_column_inner width=\u00a0\u00bb1\/5&Prime;][\/vc_column_inner][vc_column_inner width=\u00a0\u00bb1\/5&Prime;][vc_icon icon_fontawesome=\u00a0\u00bbfa fa-search\u00a0\u00bb color=\u00a0\u00bbcustom\u00a0\u00bb size=\u00a0\u00bbxl\u00a0\u00bb align=\u00a0\u00bbcenter\u00a0\u00bb css_animation=\u00a0\u00bbfadeInUp\u00a0\u00bb custom_color=\u00a0\u00bb#f43ea0&Prime;][vc_column_text]<\/p>\n<h5 style=\"text-align: center\"><strong><span style=\"font-size: 12pt\">CONNA\u00ceTRE VOTRE PUBLIC<\/span><\/strong><\/h5>\n<p>[\/vc_column_text][\/vc_column_inner][vc_column_inner width=\u00a0\u00bb1\/5&Prime;][vc_icon icon_fontawesome=\u00a0\u00bbfa fa-list-ol\u00a0\u00bb color=\u00a0\u00bbcustom\u00a0\u00bb size=\u00a0\u00bbxl\u00a0\u00bb align=\u00a0\u00bbcenter\u00a0\u00bb css_animation=\u00a0\u00bbfadeInUp\u00a0\u00bb custom_color=\u00a0\u00bb#f43ea0&Prime;][vc_column_text]<\/p>\n<h5 style=\"text-align: center\"><strong><span style=\"font-size: 12pt\">FAIRE DE LA MESURE UNE PRIORIT\u00c9<\/span><\/strong><\/h5>\n<p>[\/vc_column_text][\/vc_column_inner][vc_column_inner width=\u00a0\u00bb1\/5&Prime;][vc_icon icon_fontawesome=\u00a0\u00bbfa fa-users\u00a0\u00bb color=\u00a0\u00bbcustom\u00a0\u00bb size=\u00a0\u00bbxl\u00a0\u00bb align=\u00a0\u00bbcenter\u00a0\u00bb css_animation=\u00a0\u00bbfadeInUp\u00a0\u00bb custom_color=\u00a0\u00bb#f43ea0&Prime;][vc_column_text]<\/p>\n<h5 style=\"text-align: center\"><span style=\"font-size: 12pt\">METTRE LES BONNES PERSONNES AUX BONS ROLES<\/span><\/h5>\n<p>[\/vc_column_text][\/vc_column_inner][vc_column_inner width=\u00a0\u00bb1\/5&Prime;][\/vc_column_inner][\/vc_row_inner][\/vc_column][\/vc_row][vc_row][vc_column][vc_column_text css=\u00a0\u00bb.vc_custom_1552039300601{margin-top: 20px !important;}\u00a0\u00bb]<\/p>\n<h5 style=\"text-align: center\"><strong><span style=\"font-size: 12pt\">LES SERVICES DE LEAD GENERATION DREAMOND<\/span><\/strong><\/h5>\n<p>[\/vc_column_text][vc_column_text css=\u00a0\u00bb.vc_custom_1552039339826{margin-top: 20px !important;}\u00a0\u00bb]<\/p>\n<p style=\"text-align: center\"><span style=\"font-size: 12pt\">Travailler avec nous est tr\u00e8s simple, dites-en plus sur vos prospects Id\u00e9aux et nous vous proposerons une liste personnalis\u00e9e.<\/span><\/p>\n<p>[\/vc_column_text][vc_column_text css=\u00a0\u00bb.vc_custom_1552039657470{margin-top: 20px !important;}\u00a0\u00bb]<\/p>\n<h4 style=\"text-align: center\"><strong><span style=\"font-size: 14pt\">TRAVAILLONS ENSEMBLE!<\/span><\/strong><\/h4>\n<p>[\/vc_column_text][vc_column_text css=\u00a0\u00bb.vc_custom_1552039706494{margin-top: 20px !important;}\u00a0\u00bb]<\/p>\n<p style=\"text-align: center\"><span style=\"font-size: 12pt\">Nous connaissons les difficult\u00e9s de la prospection, nous essayons donc de simplifier les choses en fournissant les bons prospects. Contactez-nous et parlons-en!<\/span><\/p>\n<p>[\/vc_column_text][\/vc_column][\/vc_row]<\/p>\n<\/div>","protected":false},"excerpt":{"rendered":"<p>[vc_row css=\u00a0\u00bb.vc_custom_1551959491336{margin-top: 0px !important;}\u00a0\u00bb][vc_column][rev_slider alias=\u00a0\u00bblead-generation\u00a0\u00bb][vc_column_text css=\u00a0\u00bb.vc_custom_1552039058738{margin-top: 20px !important;}\u00a0\u00bb]Le processus d&rsquo;achat a chang\u00e9, les propri\u00e9taires d&rsquo;entreprise et les sp\u00e9cialistes du marketing doivent trouver de nouveaux moyens de<span class=\"excerpt-hellip\"> [\u2026]<\/span><\/p>\n","protected":false},"author":9,"featured_media":0,"parent":1012,"menu_order":0,"comment_status":"closed","ping_status":"closed","template":"","meta":{"footnotes":""},"class_list":["post-1156","page","type-page","status-publish","hentry"],"_links":{"self":[{"href":"https:\/\/old.dreamond.com\/fr\/wp-json\/wp\/v2\/pages\/1156","targetHints":{"allow":["GET"]}}],"collection":[{"href":"https:\/\/old.dreamond.com\/fr\/wp-json\/wp\/v2\/pages"}],"about":[{"href":"https:\/\/old.dreamond.com\/fr\/wp-json\/wp\/v2\/types\/page"}],"author":[{"embeddable":true,"href":"https:\/\/old.dreamond.com\/fr\/wp-json\/wp\/v2\/users\/9"}],"replies":[{"embeddable":true,"href":"https:\/\/old.dreamond.com\/fr\/wp-json\/wp\/v2\/comments?post=1156"}],"version-history":[{"count":0,"href":"https:\/\/old.dreamond.com\/fr\/wp-json\/wp\/v2\/pages\/1156\/revisions"}],"up":[{"embeddable":true,"href":"https:\/\/old.dreamond.com\/fr\/wp-json\/wp\/v2\/pages\/1012"}],"wp:attachment":[{"href":"https:\/\/old.dreamond.com\/fr\/wp-json\/wp\/v2\/media?parent=1156"}],"curies":[{"name":"wp","href":"https:\/\/api.w.org\/{rel}","templated":true}]}}