{"id":1150,"date":"2019-05-03T20:41:39","date_gmt":"2019-05-03T20:41:39","guid":{"rendered":"https:\/\/old.dreamond.com\/les-solutions\/optimisation-des-ventes\/developpement-des-ventes\/"},"modified":"2019-05-03T20:41:40","modified_gmt":"2019-05-03T20:41:40","slug":"developpement-des-ventes","status":"publish","type":"page","link":"https:\/\/old.dreamond.com\/fr\/les-solutions\/optimisation-des-ventes\/developpement-des-ventes\/","title":{"rendered":"D\u00e9veloppement des ventes"},"content":{"rendered":"<div class=\"wpb-content-wrapper\"><p>[vc_row css=\u00a0\u00bb.vc_custom_1551959491336{margin-top: 0px !important;}\u00a0\u00bb][vc_column][rev_slider alias=\u00a0\u00bbsales-development\u00a0\u00bb][vc_column_text css=\u00a0\u00bb.vc_custom_1552387090832{margin-top: 20px !important;}\u00a0\u00bb]<\/p>\n<h5 style=\"text-align: center\"><span style=\"font-size: 12pt\">Les activit\u00e9s de d\u00e9veloppement des ventes peuvent faire ou d\u00e9faire votre \u00e9quipe<\/span><\/h5>\n<p>[\/vc_column_text][vc_column_text]<span style=\"font-size: 12pt\">En mati\u00e8re de d\u00e9veloppement des ventes, il faut se concentrer sur les bons indicateurs et planifier chaque jour pour optimiser les meilleures actions. Si vous adoptez des comportements pr\u00e9visibles et r\u00e9p\u00e9tables, optimis\u00e9s en permanence \u00e0 partir d\u2019analyses enregistr\u00e9es et mesurables, qualit\u00e9 et quantit\u00e9 peuvent aller de pair.<\/span>[\/vc_column_text][vc_column_text]<\/p>\n<h2 style=\"text-align: center\">OUTILS ET TECHNOLOGIE<\/h2>\n<p>[\/vc_column_text][vc_column_text]<span style=\"font-size: 12pt\">Les ventes modernes utilisent une suite d&rsquo;outils d&rsquo;activation et d&rsquo;automatisation des ventes pour accro\u00eetre l&rsquo;efficacit\u00e9, r\u00e9duire les co\u00fbts et am\u00e9liorer le retour sur investissement. Nous ach\u00e8terons tous les outils n\u00e9cessaires tout en r\u00e9duisant vos co\u00fbts de technologie et en \u00e9liminant les risques li\u00e9s \u00e0 la longueur des contrats.<\/span>[\/vc_column_text][\/vc_column][\/vc_row][vc_row][vc_column][vc_column_text css=\u00a0\u00bb.vc_custom_1552387316532{margin-top: 20px !important;}\u00a0\u00bb]<\/p>\n<p style=\"text-align: center\"><span style=\"font-size: 12pt\">Dreamond peut aider votre entreprise \u00e0 d\u00e9terminer l&rsquo;\u00e9l\u00e9ment universel de votre produit et \u00e0 prendre des mesures modestes tout en entrant sur le nouveau march\u00e9. La soci\u00e9t\u00e9 aidera \u00e9galement \u00e0 d\u00e9terminer le talent d\u00e9j\u00e0 disponible.<\/span><\/p>\n<p>[\/vc_column_text][vc_column_text css=\u00a0\u00bb.vc_custom_1552039657470{margin-top: 20px !important;}\u00a0\u00bb]<\/p>\n<h4 style=\"text-align: center\"><strong><span style=\"font-size: 14pt\">TRAVAILLONS ENSEMBLE!<\/span><\/strong><\/h4>\n<p>[\/vc_column_text][vc_column_text css=\u00a0\u00bb.vc_custom_1552387369917{margin-top: 20px !important;}\u00a0\u00bb]<\/p>\n<p style=\"text-align: center\"><span style=\"font-size: 12pt\">Dites-nous quelle est la strat\u00e9gie actuelle de d\u00e9veloppement des ventes de votre \u00e9quipe. Contactez-nous et parlons-en !<\/span><\/p>\n<p>[\/vc_column_text][\/vc_column][\/vc_row]<\/p>\n<\/div>","protected":false},"excerpt":{"rendered":"<p>[vc_row css=\u00a0\u00bb.vc_custom_1551959491336{margin-top: 0px !important;}\u00a0\u00bb][vc_column][rev_slider alias=\u00a0\u00bbsales-development\u00a0\u00bb][vc_column_text css=\u00a0\u00bb.vc_custom_1552387090832{margin-top: 20px !important;}\u00a0\u00bb] Les activit\u00e9s de d\u00e9veloppement des ventes peuvent faire ou d\u00e9faire votre \u00e9quipe [\/vc_column_text][vc_column_text]En mati\u00e8re de d\u00e9veloppement des ventes,<span class=\"excerpt-hellip\"> [\u2026]<\/span><\/p>\n","protected":false},"author":9,"featured_media":0,"parent":1002,"menu_order":0,"comment_status":"closed","ping_status":"closed","template":"","meta":{"footnotes":""},"class_list":["post-1150","page","type-page","status-publish","hentry"],"_links":{"self":[{"href":"https:\/\/old.dreamond.com\/fr\/wp-json\/wp\/v2\/pages\/1150","targetHints":{"allow":["GET"]}}],"collection":[{"href":"https:\/\/old.dreamond.com\/fr\/wp-json\/wp\/v2\/pages"}],"about":[{"href":"https:\/\/old.dreamond.com\/fr\/wp-json\/wp\/v2\/types\/page"}],"author":[{"embeddable":true,"href":"https:\/\/old.dreamond.com\/fr\/wp-json\/wp\/v2\/users\/9"}],"replies":[{"embeddable":true,"href":"https:\/\/old.dreamond.com\/fr\/wp-json\/wp\/v2\/comments?post=1150"}],"version-history":[{"count":0,"href":"https:\/\/old.dreamond.com\/fr\/wp-json\/wp\/v2\/pages\/1150\/revisions"}],"up":[{"embeddable":true,"href":"https:\/\/old.dreamond.com\/fr\/wp-json\/wp\/v2\/pages\/1002"}],"wp:attachment":[{"href":"https:\/\/old.dreamond.com\/fr\/wp-json\/wp\/v2\/media?parent=1150"}],"curies":[{"name":"wp","href":"https:\/\/api.w.org\/{rel}","templated":true}]}}