{"id":1146,"date":"2019-05-03T20:23:12","date_gmt":"2019-05-03T20:23:12","guid":{"rendered":"https:\/\/old.dreamond.com\/leviers-technologiques\/"},"modified":"2019-05-05T18:49:24","modified_gmt":"2019-05-05T18:49:24","slug":"leviers-technologiques","status":"publish","type":"page","link":"https:\/\/old.dreamond.com\/fr\/les-solutions\/efficacite-de-lorganisation\/leviers-technologiques\/","title":{"rendered":"Leviers technologiques"},"content":{"rendered":"<div class=\"wpb-content-wrapper\"><p>[vc_row css=\u00a0\u00bb.vc_custom_1551959491336{margin-top: 0px !important;}\u00a0\u00bb][vc_column][rev_slider alias=\u00a0\u00bbleverage-technologies\u00a0\u00bb][vc_column_text css=\u00a0\u00bb.vc_custom_1552548948022{margin-top: 20px !important;}\u00a0\u00bb]<span style=\"font-size: 12pt\">Les petites et moyennes entreprises doivent tirer parti de la technologie pour promouvoir leur croissance. Cela implique souvent une transformation num\u00e9rique dans l&rsquo;entreprise. Il est important pour les entreprises de tirer parti des technologies utilis\u00e9es, car la mani\u00e8re dont les employ\u00e9s travaillent dans la soci\u00e9t\u00e9 a chang\u00e9 ainsi que les attentes de leurs clients.<\/span>[\/vc_column_text][vc_column_text css=\u00a0\u00bb.vc_custom_1552548974912{margin-top: 20px !important;}\u00a0\u00bb]<span style=\"font-size: 12pt\">Les solutions technologiques peuvent \u00eatre impl\u00e9ment\u00e9es dans la g\u00e9n\u00e9ration de leads, la communication client, la prise de commande et les achats, les r\u00e9unions clients et le suivi apr\u00e8s-vente.<\/span>[\/vc_column_text][vc_column_text]<\/p>\n<h5 style=\"text-align: center\"><span style=\"font-size: 12pt\">Secteurs o\u00f9 la technologie \u00e0 effet de levier est le plus important:<\/span><\/h5>\n<p>[\/vc_column_text][vc_row_inner][vc_column_inner width=\u00a0\u00bb1\/3&Prime;][vc_icon icon_fontawesome=\u00a0\u00bbfa fa-phone\u00a0\u00bb color=\u00a0\u00bbcustom\u00a0\u00bb size=\u00a0\u00bbxl\u00a0\u00bb align=\u00a0\u00bbcenter\u00a0\u00bb css_animation=\u00a0\u00bbfadeInUp\u00a0\u00bb custom_color=\u00a0\u00bb#f43ea0&Prime;][vc_column_text]<\/p>\n<p style=\"text-align: center\"><span style=\"font-size: 12pt\">Pour le service client, les solutions technologiques permettent une communication client plus efficace rendue possible par des r\u00e9ponses automatis\u00e9es par courrier \u00e9lectronique. Il est facile pour les clients de poser des questions et d\u2019informer la soci\u00e9t\u00e9 de leurs probl\u00e8mes par l\u2019interm\u00e9diaire du support de chat en direct sur le site, des contacts sociaux, des m\u00e9dias sociaux, du formulaire de contact sur le site, des coordonn\u00e9es, etc.<\/span><\/p>\n<p>[\/vc_column_text][\/vc_column_inner][vc_column_inner width=\u00a0\u00bb1\/3&Prime;][vc_icon icon_fontawesome=\u00a0\u00bbfa fa-briefcase\u00a0\u00bb color=\u00a0\u00bbcustom\u00a0\u00bb size=\u00a0\u00bbxl\u00a0\u00bb align=\u00a0\u00bbcenter\u00a0\u00bb css_animation=\u00a0\u00bbfadeInUp\u00a0\u00bb custom_color=\u00a0\u00bb#f43ea0&Prime;][vc_column_text]<\/p>\n<p style=\"text-align: center\"><span style=\"font-size: 12pt\">En termes de gestion, la technologie contribue de mani\u00e8re significative \u00e0 la gestion de projet et de temps, ainsi qu\u2019\u00e0 la gestion des r\u00e9unions du personnel, en particulier pour les lieux de travail multi-sites. Des outils automatis\u00e9s bas\u00e9s sur Internet, tels que logiciels de gestion de projets, logiciels de suivi du temps, conf\u00e9rences de vid\u00e9oconf\u00e9rence et de t\u00e9l\u00e9conf\u00e9rence, peuvent grandement contribuer \u00e0 rendre les t\u00e2ches de gestion moins p\u00e9nibles.<\/span><\/p>\n<p>[\/vc_column_text][\/vc_column_inner][vc_column_inner width=\u00a0\u00bb1\/3&Prime;][vc_icon icon_fontawesome=\u00a0\u00bbfa fa-calculator\u00a0\u00bb color=\u00a0\u00bbcustom\u00a0\u00bb size=\u00a0\u00bbxl\u00a0\u00bb align=\u00a0\u00bbcenter\u00a0\u00bb css_animation=\u00a0\u00bbfadeInUp\u00a0\u00bb custom_color=\u00a0\u00bb#f43ea0&Prime;][vc_column_text]<\/p>\n<p style=\"text-align: center\"><span style=\"font-size: 12pt\">Les solutions technologiques destin\u00e9es au secteur de la comptabilit\u00e9 rendent plus efficaces la g\u00e9n\u00e9ration de factures, la r\u00e9ception de paiements, le traitement de la paie, les livres d&rsquo;\u00e9quilibrage, la g\u00e9n\u00e9ration de rapports financiers et la g\u00e9n\u00e9ration de ch\u00e8ques avec un d\u00e9lai de traitement r\u00e9duit. Parmi les outils disponibles pour ces t\u00e2ches figurent le logiciel de comptabilit\u00e9, le d\u00e9p\u00f4t direct en ligne, la g\u00e9n\u00e9ration automatis\u00e9e de factures et le service de paie en ligne.<\/span><\/p>\n<p>[\/vc_column_text][\/vc_column_inner][\/vc_row_inner][vc_column_text]<\/p>\n<p style=\"text-align: center\"><em><span style=\"font-size: 14pt\">Construire une marque, r\u00e9pondre aux attentes des clients et d\u00e9velopper un avantage concurrentiel fort est \u00e0 la port\u00e9e des petites entreprises qui tirent parti de la technologie et prennent au s\u00e9rieux la transformation num\u00e9rique.<\/span><\/em><\/p>\n<p>[\/vc_column_text][\/vc_column][\/vc_row][vc_row][vc_column][vc_column_text css=\u00a0\u00bb.vc_custom_1552039657470{margin-top: 20px !important;}\u00a0\u00bb]<\/p>\n<h4 style=\"text-align: center\"><strong><span style=\"font-size: 14pt\">TRAVAILLONS ENSEMBLE!<\/span><\/strong><\/h4>\n<p>[\/vc_column_text][vc_column_text css=\u00a0\u00bb.vc_custom_1552549323194{margin-top: 20px !important;}\u00a0\u00bb]<\/p>\n<p style=\"text-align: center\"><span style=\"font-size: 12pt\">Contactez-nous pour une consultation gratuite sur la mani\u00e8re dont vous pouvez tirer parti de l&rsquo;expertise de notre \u00e9quipe en applications Web et mobiles pour am\u00e9liorer votre entreprise, pour une productivit\u00e9 et des profits accrus. Contactez nous!<\/span><\/p>\n<p>[\/vc_column_text][\/vc_column][\/vc_row]<\/p>\n<\/div>","protected":false},"excerpt":{"rendered":"<p>[vc_row css=\u00a0\u00bb.vc_custom_1551959491336{margin-top: 0px !important;}\u00a0\u00bb][vc_column][rev_slider alias=\u00a0\u00bbleverage-technologies\u00a0\u00bb][vc_column_text css=\u00a0\u00bb.vc_custom_1552548948022{margin-top: 20px !important;}\u00a0\u00bb]Les petites et moyennes entreprises doivent tirer parti de la technologie pour promouvoir leur croissance. Cela implique souvent une<span class=\"excerpt-hellip\"> [\u2026]<\/span><\/p>\n","protected":false},"author":9,"featured_media":0,"parent":1164,"menu_order":0,"comment_status":"closed","ping_status":"closed","template":"","meta":{"footnotes":""},"class_list":["post-1146","page","type-page","status-publish","hentry"],"_links":{"self":[{"href":"https:\/\/old.dreamond.com\/fr\/wp-json\/wp\/v2\/pages\/1146","targetHints":{"allow":["GET"]}}],"collection":[{"href":"https:\/\/old.dreamond.com\/fr\/wp-json\/wp\/v2\/pages"}],"about":[{"href":"https:\/\/old.dreamond.com\/fr\/wp-json\/wp\/v2\/types\/page"}],"author":[{"embeddable":true,"href":"https:\/\/old.dreamond.com\/fr\/wp-json\/wp\/v2\/users\/9"}],"replies":[{"embeddable":true,"href":"https:\/\/old.dreamond.com\/fr\/wp-json\/wp\/v2\/comments?post=1146"}],"version-history":[{"count":0,"href":"https:\/\/old.dreamond.com\/fr\/wp-json\/wp\/v2\/pages\/1146\/revisions"}],"up":[{"embeddable":true,"href":"https:\/\/old.dreamond.com\/fr\/wp-json\/wp\/v2\/pages\/1164"}],"wp:attachment":[{"href":"https:\/\/old.dreamond.com\/fr\/wp-json\/wp\/v2\/media?parent=1146"}],"curies":[{"name":"wp","href":"https:\/\/api.w.org\/{rel}","templated":true}]}}