{"id":1144,"date":"2019-05-03T19:53:42","date_gmt":"2019-05-03T19:53:42","guid":{"rendered":"https:\/\/old.dreamond.com\/automatisation\/"},"modified":"2019-05-05T18:48:57","modified_gmt":"2019-05-05T18:48:57","slug":"automatisation","status":"publish","type":"page","link":"https:\/\/old.dreamond.com\/fr\/les-solutions\/efficacite-de-lorganisation\/automatisation\/","title":{"rendered":"Automatisation"},"content":{"rendered":"<div class=\"wpb-content-wrapper\"><p>[vc_row css=\u00a0\u00bb.vc_custom_1551959491336{margin-top: 0px !important;}\u00a0\u00bb][vc_column][rev_slider alias=\u00a0\u00bbautomation\u00a0\u00bb][vc_column_text css=\u00a0\u00bb.vc_custom_1552549805685{margin-top: 20px !important;}\u00a0\u00bb]<span style=\"font-size: 12pt\">L&rsquo;automatisation offre les meilleurs avantages sur quatre aspects commerciaux majeurs, \u00e0 savoir l&rsquo;organisation, les processus, la gestion et l&rsquo;am\u00e9lioration. Aujourd&rsquo;hui, toute entreprise peut apporter tous les outils \u00e0 utiliser pour l&rsquo;automatisation dans un seul outil sp\u00e9cifique. Une suite professionnelle tout-en-un est possible gr\u00e2ce \u00e0 l&rsquo;automatisation. Cela peut aider \u00e0 gagner du temps, \u00e0 faire \u00e9voluer l&rsquo;entreprise correctement et \u00e0 fournir une communication client extr\u00eamement efficace \u00e0 ses clients.<\/span>[\/vc_column_text][vc_column_text css=\u00a0\u00bb.vc_custom_1552549785758{margin-top: 20px !important;}\u00a0\u00bb]<span style=\"font-size: 12pt\">Il est important que l\u2019entreprise sache ce qu\u2019elle peut faire. Cela permettra \u00e0 l\u2019entrepreneur de conna\u00eetre les syst\u00e8mes qui peuvent \u00eatre utilis\u00e9s pour prendre en charge les processus que l\u2019entreprise peut ex\u00e9cuter. C\u2019est gr\u00e2ce \u00e0 la d\u00e9finition des processus que l\u2019entreprise sera en mesure de trouver la plate-forme appropri\u00e9e pouvant r\u00e9pondre aux besoins de l\u2019entreprise.<\/span>[\/vc_column_text][vc_column_text css=\u00a0\u00bb.vc_custom_1552549833135{margin-top: 20px !important;}\u00a0\u00bb]<span style=\"font-size: 12pt\">\u00c0 travers l&rsquo;automatisation de tous les processus internes de l\u2019entreprise. Tous les processus de routine peuvent \u00eatre automatis\u00e9s, donnant plus de libert\u00e9 aux employ\u00e9s. Le suivi du client peut \u00eatre automatis\u00e9, r\u00e9duisant ainsi le temps pass\u00e9 \u00e0 r\u00e9pondre aux demandes de renseignements. Les donn\u00e9es de l&rsquo;entreprise peuvent \u00eatre mises en un seul endroit pour faciliter l&rsquo;utilisation.<\/span>[\/vc_column_text][vc_column_text]<\/p>\n<p style=\"text-align: center\"><em><span style=\"font-size: 14pt\">Il existe diff\u00e9rents types d&rsquo;automatisation et le choix d\u00e9pend de ce dont votre entreprise a besoin.<\/span><\/em><\/p>\n<p>[\/vc_column_text][\/vc_column][\/vc_row][vc_row][vc_column][vc_column_text css=\u00a0\u00bb.vc_custom_1552039657470{margin-top: 20px !important;}\u00a0\u00bb]<\/p>\n<h4 style=\"text-align: center\"><span style=\"font-size: 14pt\"><strong>TRAVAILLONS ENSEMBLE!<\/strong><\/span><\/h4>\n<p>[\/vc_column_text][vc_column_text css=\u00a0\u00bb.vc_custom_1552550015740{margin-top: 20px !important;}\u00a0\u00bb]<\/p>\n<p style=\"text-align: center\"><span style=\"font-size: 12pt\">Contactez-nous pour une consultation gratuite sur les besoins de votre entreprise et sur les am\u00e9liorations \u00e0 apporter pour am\u00e9liorer votre activit\u00e9, votre productivit\u00e9 et vos b\u00e9n\u00e9fices. Contactez nous!<\/span><\/p>\n<p>[\/vc_column_text][\/vc_column][\/vc_row]<\/p>\n<\/div>","protected":false},"excerpt":{"rendered":"<p>[vc_row css=\u00a0\u00bb.vc_custom_1551959491336{margin-top: 0px !important;}\u00a0\u00bb][vc_column][rev_slider alias=\u00a0\u00bbautomation\u00a0\u00bb][vc_column_text css=\u00a0\u00bb.vc_custom_1552549805685{margin-top: 20px !important;}\u00a0\u00bb]L&rsquo;automatisation offre les meilleurs avantages sur quatre aspects commerciaux majeurs, \u00e0 savoir l&rsquo;organisation, les processus, la gestion et l&rsquo;am\u00e9lioration.<span class=\"excerpt-hellip\"> [\u2026]<\/span><\/p>\n","protected":false},"author":9,"featured_media":0,"parent":1164,"menu_order":0,"comment_status":"closed","ping_status":"closed","template":"","meta":{"footnotes":""},"class_list":["post-1144","page","type-page","status-publish","hentry"],"_links":{"self":[{"href":"https:\/\/old.dreamond.com\/fr\/wp-json\/wp\/v2\/pages\/1144","targetHints":{"allow":["GET"]}}],"collection":[{"href":"https:\/\/old.dreamond.com\/fr\/wp-json\/wp\/v2\/pages"}],"about":[{"href":"https:\/\/old.dreamond.com\/fr\/wp-json\/wp\/v2\/types\/page"}],"author":[{"embeddable":true,"href":"https:\/\/old.dreamond.com\/fr\/wp-json\/wp\/v2\/users\/9"}],"replies":[{"embeddable":true,"href":"https:\/\/old.dreamond.com\/fr\/wp-json\/wp\/v2\/comments?post=1144"}],"version-history":[{"count":0,"href":"https:\/\/old.dreamond.com\/fr\/wp-json\/wp\/v2\/pages\/1144\/revisions"}],"up":[{"embeddable":true,"href":"https:\/\/old.dreamond.com\/fr\/wp-json\/wp\/v2\/pages\/1164"}],"wp:attachment":[{"href":"https:\/\/old.dreamond.com\/fr\/wp-json\/wp\/v2\/media?parent=1144"}],"curies":[{"name":"wp","href":"https:\/\/api.w.org\/{rel}","templated":true}]}}