{"id":1142,"date":"2019-05-03T19:41:07","date_gmt":"2019-05-03T19:41:07","guid":{"rendered":"https:\/\/old.dreamond.com\/integration-de-logiciel\/"},"modified":"2019-05-05T18:47:45","modified_gmt":"2019-05-05T18:47:45","slug":"integration-de-logiciel","status":"publish","type":"page","link":"https:\/\/old.dreamond.com\/fr\/les-solutions\/efficacite-de-lorganisation\/integration-de-logiciel\/","title":{"rendered":"Int\u00e9gration de logiciel"},"content":{"rendered":"<div class=\"wpb-content-wrapper\"><p>[vc_row css=\u00a0\u00bb.vc_custom_1551959491336{margin-top: 0px !important;}\u00a0\u00bb][vc_column][rev_slider alias=\u00a0\u00bbsoftware-integration\u00a0\u00bb][vc_column_text css=\u00a0\u00bb.vc_custom_1552550340826{margin-top: 20px !important;}\u00a0\u00bb]<span style=\"font-size: 12pt\">Diff\u00e9rents d\u00e9partements d&rsquo;affaires utilisent souvent divers outils automatis\u00e9s pour leurs t\u00e2ches vari\u00e9es. Cela n\u00e9cessite l&rsquo;utilisation de plusieurs outils dans toute l&rsquo;entreprise, ce qui peut s&rsquo;av\u00e9rer fastidieux et difficile \u00e0 g\u00e9rer. Il est inefficace pour les employ\u00e9s de travailler sur diff\u00e9rents outils. La plupart du temps, il est difficile d&rsquo;atteindre les objectifs de l&rsquo;entreprise de cette fa\u00e7on. Gr\u00e2ce \u00e0 l\u2019int\u00e9gration des diff\u00e9rents syst\u00e8mes de l\u2019entreprise, celle-ci peut \u00e9conomiser beaucoup de temps et d\u2019argent.<\/span>[\/vc_column_text][vc_column_text]<\/p>\n<h4 style=\"text-align: center\"><strong><span style=\"font-size: 14pt\">L&rsquo;int\u00e9gration de logiciels dans une entreprise peut conduire aux meilleurs r\u00e9sultats qui sont les suivants:<\/span><\/strong><\/h4>\n<p>[\/vc_column_text][vc_row_inner][vc_column_inner width=\u00a0\u00bb1\/3&Prime;][vc_icon icon_fontawesome=\u00a0\u00bbfa fa-briefcase\u00a0\u00bb color=\u00a0\u00bbcustom\u00a0\u00bb size=\u00a0\u00bbxl\u00a0\u00bb align=\u00a0\u00bbcenter\u00a0\u00bb css_animation=\u00a0\u00bbfadeInUp\u00a0\u00bb custom_color=\u00a0\u00bb#f43ea0&Prime;][vc_column_text]<\/p>\n<p style=\"text-align: center\"><span style=\"font-size: 12pt\">Changer de pr\u00e9paration pour les organisations<\/span><\/p>\n<p>[\/vc_column_text][\/vc_column_inner][vc_column_inner width=\u00a0\u00bb1\/3&Prime;][vc_icon icon_fontawesome=\u00a0\u00bbfa fa-database\u00a0\u00bb color=\u00a0\u00bbcustom\u00a0\u00bb size=\u00a0\u00bbxl\u00a0\u00bb align=\u00a0\u00bbcenter\u00a0\u00bb css_animation=\u00a0\u00bbfadeInUp\u00a0\u00bb custom_color=\u00a0\u00bb#f43ea0&Prime;][vc_column_text]<\/p>\n<p style=\"text-align: center\"><span style=\"font-size: 12pt\">Am\u00e9lioration de la pr\u00e9cision des donn\u00e9es<\/span><\/p>\n<p>[\/vc_column_text][\/vc_column_inner][vc_column_inner width=\u00a0\u00bb1\/3&Prime;][vc_icon icon_fontawesome=\u00a0\u00bbfa fa-line-chart\u00a0\u00bb color=\u00a0\u00bbcustom\u00a0\u00bb size=\u00a0\u00bbxl\u00a0\u00bb align=\u00a0\u00bbcenter\u00a0\u00bb css_animation=\u00a0\u00bbfadeInUp\u00a0\u00bb custom_color=\u00a0\u00bb#f43ea0&Prime;][vc_column_text]<\/p>\n<p style=\"text-align: center\"><span style=\"font-size: 12pt\">Productivit\u00e9 accrue<\/span><\/p>\n<p>[\/vc_column_text][\/vc_column_inner][\/vc_row_inner][vc_row_inner][vc_column_inner width=\u00a0\u00bb1\/2&Prime;][vc_icon icon_fontawesome=\u00a0\u00bbfa fa-clock-o\u00a0\u00bb color=\u00a0\u00bbcustom\u00a0\u00bb size=\u00a0\u00bbxl\u00a0\u00bb align=\u00a0\u00bbcenter\u00a0\u00bb css_animation=\u00a0\u00bbfadeInUp\u00a0\u00bb custom_color=\u00a0\u00bb#f43ea0&Prime;][vc_column_text]<\/p>\n<p style=\"text-align: center\"><span style=\"font-size: 12pt\">Acc\u00e8s aux donn\u00e9es et visibilit\u00e9 en temps r\u00e9el<\/span><\/p>\n<p>[\/vc_column_text][\/vc_column_inner][vc_column_inner width=\u00a0\u00bb1\/2&Prime;][vc_icon icon_fontawesome=\u00a0\u00bbfa fa-star\u00a0\u00bb color=\u00a0\u00bbcustom\u00a0\u00bb size=\u00a0\u00bbxl\u00a0\u00bb align=\u00a0\u00bbcenter\u00a0\u00bb css_animation=\u00a0\u00bbfadeInUp\u00a0\u00bb custom_color=\u00a0\u00bb#f43ea0&Prime;][vc_column_text]<\/p>\n<p style=\"text-align: center\"><span style=\"font-size: 12pt\">Am\u00e9lioration de la communication et de la collaboration avec les clients<\/span><\/p>\n<p>[\/vc_column_text][\/vc_column_inner][\/vc_row_inner][vc_column_text]<\/p>\n<p style=\"text-align: center\"><em><span style=\"font-size: 14pt\">Avec un logiciel int\u00e9gr\u00e9, une entreprise peut conna\u00eetre une croissance acc\u00e9l\u00e9r\u00e9e. Que vous suiviez votre id\u00e9e d\u2019une strat\u00e9gie bimodale ou que vous mettiez en \u0153uvre votre propre strat\u00e9gie, vous devriez envisager la solution de technologie d\u2019int\u00e9gration \u00e0 utiliser.<\/span><\/em><\/p>\n<p>[\/vc_column_text][\/vc_column][\/vc_row][vc_row][vc_column][vc_column_text css=\u00a0\u00bb.vc_custom_1552039657470{margin-top: 20px !important;}\u00a0\u00bb]<\/p>\n<h4 style=\"text-align: center\"><strong><span style=\"font-size: 14pt\">TRAVAILLONS ENSEMBLE!<\/span><\/strong><\/h4>\n<p>[\/vc_column_text][vc_column_text css=\u00a0\u00bb.vc_custom_1552550746840{margin-top: 20px !important;}\u00a0\u00bb]<\/p>\n<p style=\"text-align: center\"><span style=\"font-size: 12pt\">Contactez-nous pour plus d&rsquo;explications sur l&rsquo;int\u00e9gration de logiciels et sur la mani\u00e8re dont nous pouvons vous aider \u00e0 choisir le logiciel \u00e0 utiliser. Contactez nous!<\/span><\/p>\n<p>[\/vc_column_text][\/vc_column][\/vc_row]<\/p>\n<\/div>","protected":false},"excerpt":{"rendered":"<p>[vc_row css=\u00a0\u00bb.vc_custom_1551959491336{margin-top: 0px !important;}\u00a0\u00bb][vc_column][rev_slider alias=\u00a0\u00bbsoftware-integration\u00a0\u00bb][vc_column_text css=\u00a0\u00bb.vc_custom_1552550340826{margin-top: 20px !important;}\u00a0\u00bb]Diff\u00e9rents d\u00e9partements d&rsquo;affaires utilisent souvent divers outils automatis\u00e9s pour leurs t\u00e2ches vari\u00e9es. Cela n\u00e9cessite l&rsquo;utilisation de plusieurs outils dans<span class=\"excerpt-hellip\"> [\u2026]<\/span><\/p>\n","protected":false},"author":9,"featured_media":0,"parent":1164,"menu_order":0,"comment_status":"closed","ping_status":"closed","template":"","meta":{"footnotes":""},"class_list":["post-1142","page","type-page","status-publish","hentry"],"_links":{"self":[{"href":"https:\/\/old.dreamond.com\/fr\/wp-json\/wp\/v2\/pages\/1142","targetHints":{"allow":["GET"]}}],"collection":[{"href":"https:\/\/old.dreamond.com\/fr\/wp-json\/wp\/v2\/pages"}],"about":[{"href":"https:\/\/old.dreamond.com\/fr\/wp-json\/wp\/v2\/types\/page"}],"author":[{"embeddable":true,"href":"https:\/\/old.dreamond.com\/fr\/wp-json\/wp\/v2\/users\/9"}],"replies":[{"embeddable":true,"href":"https:\/\/old.dreamond.com\/fr\/wp-json\/wp\/v2\/comments?post=1142"}],"version-history":[{"count":0,"href":"https:\/\/old.dreamond.com\/fr\/wp-json\/wp\/v2\/pages\/1142\/revisions"}],"up":[{"embeddable":true,"href":"https:\/\/old.dreamond.com\/fr\/wp-json\/wp\/v2\/pages\/1164"}],"wp:attachment":[{"href":"https:\/\/old.dreamond.com\/fr\/wp-json\/wp\/v2\/media?parent=1142"}],"curies":[{"name":"wp","href":"https:\/\/api.w.org\/{rel}","templated":true}]}}