{"id":1140,"date":"2019-05-03T19:24:53","date_gmt":"2019-05-03T19:24:53","guid":{"rendered":"https:\/\/old.dreamond.com\/tirer-parti-des-avantages-du-cloud\/"},"modified":"2019-05-05T18:47:22","modified_gmt":"2019-05-05T18:47:22","slug":"tirer-parti-des-avantages-du-cloud","status":"publish","type":"page","link":"https:\/\/old.dreamond.com\/fr\/tirer-parti-des-avantages-du-cloud\/","title":{"rendered":"Tirer parti des avantages du Cloud"},"content":{"rendered":"<div class=\"wpb-content-wrapper\"><p>[vc_row css=\u00a0\u00bb.vc_custom_1551959491336{margin-top: 0px !important;}\u00a0\u00bb][vc_column][rev_slider alias=\u00a0\u00bbleverage-cloud-advantage\u00a0\u00bb][vc_column_text css=\u00a0\u00bb.vc_custom_1552649748627{margin-top: 20px !important;}\u00a0\u00bb]<span style=\"font-size: 12pt\">Des d\u00e9taillants aux institutions financi\u00e8res, les entreprises tirent parti du Cloud pour devancer leurs concurrents et offrir la meilleure exp\u00e9rience client. Certains d&rsquo;entre eux d\u00e9placent tous les syst\u00e8mes et toutes les plates-formes vers le Cloud, tandis que d&rsquo;autres ne font que d\u00e9placer des objets et garder le reste \u00e0 la maison.<\/span>[\/vc_column_text][vc_column_text css=\u00a0\u00bb.vc_custom_1552649786276{margin-top: 20px !important;}\u00a0\u00bb]<span style=\"font-size: 12pt\">Le cloud peut apporter plusieurs avantages \u00e0 votre entreprise. Il peut \u00eatre utilis\u00e9 pour traiter des donn\u00e9es volumineuses et des analyses. Il sert \u00e9galement de protection rentable des donn\u00e9es et \u00e9galement de reprise apr\u00e8s incident. C&rsquo;est utile pour un test flexible et pour le d\u00e9veloppement. C&rsquo;est \u00e9galement une aide pr\u00e9cieuse lors des pics de demande. Il contribue \u00e9galement \u00e0 la mise \u00e0 niveau des capacit\u00e9s de votre entreprise en mati\u00e8re de traitement et de planification des ressources.<\/span>[\/vc_column_text][vc_column_text]<\/p>\n<h5 style=\"text-align: center\"><strong><span style=\"font-size: 12pt\">R\u00e9sultats commerciaux que les technologies en Cloud pourraient apporter \u00e0 l&rsquo;industrie:<\/span><\/strong><\/h5>\n<p>[\/vc_column_text][vc_row_inner][vc_column_inner width=\u00a0\u00bb1\/5&Prime;][vc_icon icon_fontawesome=\u00a0\u00bbfa fa-money\u00a0\u00bb color=\u00a0\u00bbcustom\u00a0\u00bb size=\u00a0\u00bbxl\u00a0\u00bb align=\u00a0\u00bbcenter\u00a0\u00bb css_animation=\u00a0\u00bbfadeInUp\u00a0\u00bb custom_color=\u00a0\u00bb#f43ea0&Prime;][vc_column_text]<\/p>\n<h5 style=\"text-align: center\"><span style=\"font-size: 12pt\">R\u00e9duction des co\u00fbts<\/span><\/h5>\n<p>[\/vc_column_text][\/vc_column_inner][vc_column_inner width=\u00a0\u00bb1\/5&Prime;][vc_icon icon_fontawesome=\u00a0\u00bbfa fa-briefcase\u00a0\u00bb color=\u00a0\u00bbcustom\u00a0\u00bb size=\u00a0\u00bbxl\u00a0\u00bb align=\u00a0\u00bbcenter\u00a0\u00bb css_animation=\u00a0\u00bbfadeInUp\u00a0\u00bb custom_color=\u00a0\u00bb#f43ea0&Prime;][vc_column_text]<\/p>\n<h5 style=\"text-align: center\"><span style=\"font-size: 12pt\">Continuit\u00e9 de l&rsquo;activit\u00e9<\/span><\/h5>\n<p>[\/vc_column_text][\/vc_column_inner][vc_column_inner width=\u00a0\u00bb1\/5&Prime;][vc_icon icon_fontawesome=\u00a0\u00bbfa fa-cogs\u00a0\u00bb color=\u00a0\u00bbcustom\u00a0\u00bb size=\u00a0\u00bbxl\u00a0\u00bb align=\u00a0\u00bbcenter\u00a0\u00bb css_animation=\u00a0\u00bbfadeInUp\u00a0\u00bb custom_color=\u00a0\u00bb#f43ea0&Prime;][vc_column_text]<\/p>\n<h5 style=\"text-align: center\"><span style=\"font-size: 12pt\"><strong>Automatisation<\/strong><\/span><\/h5>\n<p>[\/vc_column_text][\/vc_column_inner][vc_column_inner width=\u00a0\u00bb1\/5&Prime;][vc_icon icon_fontawesome=\u00a0\u00bbfa fa-star\u00a0\u00bb color=\u00a0\u00bbcustom\u00a0\u00bb size=\u00a0\u00bbxl\u00a0\u00bb align=\u00a0\u00bbcenter\u00a0\u00bb css_animation=\u00a0\u00bbfadeInUp\u00a0\u00bb custom_color=\u00a0\u00bb#f43ea0&Prime;][vc_column_text]<\/p>\n<h5 style=\"text-align: center\"><strong><span style=\"font-size: 12pt\">Nouvelles offres<\/span><\/strong><\/h5>\n<p>[\/vc_column_text][\/vc_column_inner][vc_column_inner width=\u00a0\u00bb1\/5&Prime;][vc_icon icon_fontawesome=\u00a0\u00bbfa fa-check-square-o\u00a0\u00bb color=\u00a0\u00bbcustom\u00a0\u00bb size=\u00a0\u00bbxl\u00a0\u00bb align=\u00a0\u00bbcenter\u00a0\u00bb css_animation=\u00a0\u00bbfadeInUp\u00a0\u00bb custom_color=\u00a0\u00bb#f43ea0&Prime;][vc_column_text]<\/p>\n<h5 style=\"text-align: center\"><strong><span style=\"font-size: 12pt\">Conformit\u00e9<\/span><\/strong><\/h5>\n<p>[\/vc_column_text][\/vc_column_inner][\/vc_row_inner][vc_column_text]<\/p>\n<h4 style=\"text-align: center\"><em><span style=\"font-size: 14pt\">La technologie Cloud offre \u00e9galement une flexibilit\u00e9 et une \u00e9volutivit\u00e9 significatives. La question qui se pose maintenant n\u2019est donc pas de savoir si votre organisation doit passer au cloud, mais plut\u00f4t quand.<\/span><\/em><\/h4>\n<p>[\/vc_column_text][\/vc_column][\/vc_row][vc_row][vc_column][vc_column_text css=\u00a0\u00bb.vc_custom_1552039657470{margin-top: 20px !important;}\u00a0\u00bb]<\/p>\n<h4 style=\"text-align: center\"><strong><span style=\"font-size: 14pt\">TRAVAILLONS ENSEMBLE!<\/span><\/strong><\/h4>\n<p>[\/vc_column_text][vc_column_text css=\u00a0\u00bb.vc_custom_1552650829197{margin-top: 20px !important;}\u00a0\u00bb]<\/p>\n<p style=\"text-align: center\"><span style=\"font-size: 12pt\">Dites-nous quelles sont vos exigences commerciales actuelles et nous vous expliquons comment et quand nous pouvons exploiter efficacement l&rsquo;avantage du Cloud de votre entreprise. Contactez nous!<\/span><\/p>\n<p>[\/vc_column_text][\/vc_column][\/vc_row]<\/p>\n<\/div>","protected":false},"excerpt":{"rendered":"<p>[vc_row css=\u00a0\u00bb.vc_custom_1551959491336{margin-top: 0px !important;}\u00a0\u00bb][vc_column][rev_slider alias=\u00a0\u00bbleverage-cloud-advantage\u00a0\u00bb][vc_column_text css=\u00a0\u00bb.vc_custom_1552649748627{margin-top: 20px !important;}\u00a0\u00bb]Des d\u00e9taillants aux institutions financi\u00e8res, les entreprises tirent parti du Cloud pour devancer leurs concurrents et offrir la meilleure<span class=\"excerpt-hellip\"> [\u2026]<\/span><\/p>\n","protected":false},"author":9,"featured_media":0,"parent":0,"menu_order":0,"comment_status":"closed","ping_status":"closed","template":"","meta":{"footnotes":""},"class_list":["post-1140","page","type-page","status-publish","hentry"],"_links":{"self":[{"href":"https:\/\/old.dreamond.com\/fr\/wp-json\/wp\/v2\/pages\/1140","targetHints":{"allow":["GET"]}}],"collection":[{"href":"https:\/\/old.dreamond.com\/fr\/wp-json\/wp\/v2\/pages"}],"about":[{"href":"https:\/\/old.dreamond.com\/fr\/wp-json\/wp\/v2\/types\/page"}],"author":[{"embeddable":true,"href":"https:\/\/old.dreamond.com\/fr\/wp-json\/wp\/v2\/users\/9"}],"replies":[{"embeddable":true,"href":"https:\/\/old.dreamond.com\/fr\/wp-json\/wp\/v2\/comments?post=1140"}],"version-history":[{"count":0,"href":"https:\/\/old.dreamond.com\/fr\/wp-json\/wp\/v2\/pages\/1140\/revisions"}],"wp:attachment":[{"href":"https:\/\/old.dreamond.com\/fr\/wp-json\/wp\/v2\/media?parent=1140"}],"curies":[{"name":"wp","href":"https:\/\/api.w.org\/{rel}","templated":true}]}}