{"id":1083,"date":"2019-05-02T21:37:06","date_gmt":"2019-05-02T21:37:06","guid":{"rendered":"https:\/\/old.dreamond.com\/secteurs\/developpement-de-logiciels\/"},"modified":"2019-05-05T18:45:55","modified_gmt":"2019-05-05T18:45:55","slug":"developpement-de-logiciels","status":"publish","type":"page","link":"https:\/\/old.dreamond.com\/fr\/secteurs\/developpement-de-logiciels\/","title":{"rendered":"D\u00e9veloppement de logiciels"},"content":{"rendered":"<div class=\"wpb-content-wrapper\"><p>[vc_row][vc_column]<div class=\"trailer_box \"><img decoding=\"async\" class=\"scale-with-grid\" src=\"https:\/\/old.dreamond.com\/wp-content\/uploads\/2019\/03\/software.jpg\" alt=\"software\" width=\"1200\" height=\"800\"\/><div class=\"desc\"><div class=\"subtitle\">INDUSTRIE DU D\u00c9VELOPPEMENT LOGICIEL<\/div><div class=\"line\"><\/div><\/div><\/div>\n[\/vc_column][\/vc_row][vc_row][vc_column][vc_column_text]<span style=\"font-size: 12pt\">Le traitement de probl\u00e8mes de gestion complexes fait partie de la gestion d\u2019une entreprise, quel que soit le type d\u2019entreprise que vous dirigez. L&rsquo;industrie du d\u00e9veloppement de logiciels ne fait pas exception. Il est en afflux constant de nouveaux d\u00e9veloppements de produits, d&rsquo;am\u00e9liorations et de mises \u00e0 niveau, de tendances et de solutions Web.<\/span>[\/vc_column_text][vc_column_text]Il s&rsquo;agit d&rsquo;un secteur extr\u00eamement complexe qui exige des travailleurs des comp\u00e9tences sp\u00e9cifiques au logiciel. Par cons\u00e9quent, il est \u00e9galement difficile d\u2019identifier et de recruter des personnes poss\u00e9dant le niveau d\u2019exp\u00e9rience et de comp\u00e9tences requis pour les diff\u00e9rents produits logiciels. L\u2019industrie du logiciel \u00e9volue et \u00e9volue rapidement, et les entreprises qui ne peuvent pas suivre le rythme peuvent se replier aussi vite qu\u2019elles ont commenc\u00e9.[\/vc_column_text][vc_column_text]<\/p>\n<h4 style=\"text-align: center\"><strong><span style=\"font-size: 14pt\">Vous trouverez ci-dessous certains des principaux d\u00e9fis qui affectent les soci\u00e9t\u00e9s de d\u00e9veloppement de logiciels du monde entier:<\/span><\/strong><\/h4>\n<p>[\/vc_column_text][vc_row_inner css=\u00a0\u00bb.vc_custom_1552913244789{margin-bottom: 0px !important;}\u00a0\u00bb][vc_column_inner width=\u00a0\u00bb2\/3&Prime; css=\u00a0\u00bb.vc_custom_1552913259294{margin-bottom: 0px !important;}\u00a0\u00bb][vc_column_text]<\/p>\n<h4><strong><span style=\"font-size: 14pt\">CONCURRENCE EXTR\u00caMEMENT \u00c9LEV\u00c9E EN RAISON DE LA MONDIALISATION<\/span><\/strong><\/h4>\n<p>[\/vc_column_text][vc_column_text]<span style=\"font-size: 12pt\">Apr\u00e8s tout, votre entreprise est peut-\u00eatre une bonne id\u00e9e, mais il est fort probable qu\u2019une entreprise existe d\u00e9j\u00e0. Les entrepreneurs en d\u00e9veloppement logiciel souffrent beaucoup de la pression exerc\u00e9e par le march\u00e9 de temps en temps. La concurrence est vive tant au niveau local qu\u2019international et cela peut se produire dans diff\u00e9rents d\u00e9partements tels que la couverture client, les structures de tarification, les contrats de niveau de service, le service client et la r\u00e9tention, etc. que les chefs de projet collaborent avec les dirigeants, les propri\u00e9taires d\u2019entreprise et les parties prenantes.<\/span>[\/vc_column_text][\/vc_column_inner][vc_column_inner width=\u00a0\u00bb1\/3&Prime; css=\u00a0\u00bb.vc_custom_1552913251684{margin-bottom: 0px !important;}\u00a0\u00bb][vc_single_image image=\u00a0\u00bb499&Prime; img_size=\u00a0\u00bblarge\u00a0\u00bb][\/vc_column_inner][\/vc_row_inner][vc_row_inner][vc_column_inner width=\u00a0\u00bb1\/3&Prime;][vc_single_image image=\u00a0\u00bb500&Prime; img_size=\u00a0\u00bblarge\u00a0\u00bb][\/vc_column_inner][vc_column_inner width=\u00a0\u00bb2\/3&Prime;][vc_column_text]<\/p>\n<h4><span style=\"font-size: 14pt\"><span style=\"font-size: 14pt\"><b>EXPERTISE <\/b><\/span><span style=\"font-size: 18.6667px\"><b>LIMIT\u00c9E<\/b><\/span><span style=\"font-size: 14pt\"><b> AUX LOGICIELS <\/b><\/span><\/span><span style=\"font-size: 14pt\"><b>SP\u00c9CIFIQUES<\/b><\/span><\/h4>\n<p>[\/vc_column_text][vc_column_text]<span style=\"font-size: 12pt\">Le processus de s\u00e9lection de logiciels est en soi une t\u00e2che fastidieuse. C&rsquo;est encore plus difficile quand il est mis en \u0153uvre en raison du manque d&rsquo;exp\u00e9rience en gestion de professionnels, qu&rsquo;ils soient internes ou externes. Certains ensembles de comp\u00e9tences sont destin\u00e9s \u00e0 la mise en \u0153uvre de syst\u00e8mes g\u00e9n\u00e9raux, mais les grandes mises en \u0153uvre d&rsquo;ERP n\u00e9cessitent des gestionnaires de projet tr\u00e8s exp\u00e9riment\u00e9s, capables de mettre en \u0153uvre de tels syst\u00e8mes plus sp\u00e9cifiques. Une exp\u00e9rience et une expertise en mati\u00e8re de mise en \u0153uvre de projet directement li\u00e9e au syst\u00e8me sont n\u00e9cessaires \u00e0 mesure que le syst\u00e8me devient plus complexe, de m\u00eame que la mise en \u0153uvre du projet et la taille de l\u2019organisation.<\/span>[\/vc_column_text][\/vc_column_inner][\/vc_row_inner][vc_row_inner css=\u00a0\u00bb.vc_custom_1552913244789{margin-bottom: 0px !important;}\u00a0\u00bb][vc_column_inner width=\u00a0\u00bb2\/3&Prime; css=\u00a0\u00bb.vc_custom_1552913259294{margin-bottom: 0px !important;}\u00a0\u00bb][vc_column_text]<\/p>\n<h4><strong><span style=\"font-size: 14pt\">CO\u00dbT GLOBAL ET POSSIBILIT\u00c9 DE D\u00c9PENSES EXCESSIVES<\/span><\/strong><\/h4>\n<p>[\/vc_column_text][vc_column_text]<span style=\"font-size: 12pt\">Il peut \u00eatre d\u00e9licat et ahurissant de juger du co\u00fbt global d&rsquo;un projet de progiciel. Cela n\u00e9cessite une interaction \u00e9troite et r\u00e9guli\u00e8re avec l&rsquo;\u00e9quipe de d\u00e9veloppement de logiciels pour pouvoir d\u00e9terminer les co\u00fbts probables d\u00e8s le d\u00e9but du projet. Il est toujours n\u00e9cessaire de laisser de la place aux co\u00fbts suppl\u00e9mentaires li\u00e9s aux nouvelles fonctionnalit\u00e9s et autres circonstances impr\u00e9vues. Il est essentiel d\u2019adopter les meilleures pratiques de d\u00e9veloppement de logiciels et d\u2019observer des mesures d\u2019\u00e9conomie permettant de mesurer le temps et le budget n\u00e9cessaires au projet. Le but ultime est de fournir un excellent produit au prix le plus appropri\u00e9 et dans les meilleurs d\u00e9lais.<\/span>[\/vc_column_text][\/vc_column_inner][vc_column_inner width=\u00a0\u00bb1\/3&Prime; css=\u00a0\u00bb.vc_custom_1552913251684{margin-bottom: 0px !important;}\u00a0\u00bb][vc_single_image image=\u00a0\u00bb501&Prime; img_size=\u00a0\u00bblarge\u00a0\u00bb][\/vc_column_inner][\/vc_row_inner][vc_row_inner][vc_column_inner width=\u00a0\u00bb1\/3&Prime;][vc_single_image image=\u00a0\u00bb502&Prime; img_size=\u00a0\u00bblarge\u00a0\u00bb][\/vc_column_inner][vc_column_inner width=\u00a0\u00bb2\/3&Prime;][vc_column_text]<\/p>\n<h4><strong><span style=\"font-size: 14pt\">DIFFICULT\u00c9 DANS L&rsquo;INT\u00c9GRATION DE PLUSIEURS SYST\u00c8MES ET TECHNOLOGIES<\/span><\/strong><\/h4>\n<p>[\/vc_column_text][vc_column_text]<span style=\"font-size: 12pt\">L&rsquo;int\u00e9gration devient plus difficile car il est n\u00e9cessaire de g\u00e9rer la disponibilit\u00e9 des donn\u00e9es provenant de diff\u00e9rentes sources qui sont des syst\u00e8mes tiers diff\u00e9rents. Il est important pour eux de cr\u00e9er une plate-forme unique. La cr\u00e9ation d&rsquo;une application flexible permettant de g\u00e9rer les probl\u00e8mes d&rsquo;int\u00e9gration est essentielle pour toute entreprise. L&rsquo;int\u00e9gration permet de mapper les donn\u00e9es pour qu&rsquo;elles soient tr\u00e8s compr\u00e9hensibles pour les utilisateurs.<\/span>[\/vc_column_text][\/vc_column_inner][\/vc_row_inner][vc_row_inner css=\u00a0\u00bb.vc_custom_1552913244789{margin-bottom: 0px !important;}\u00a0\u00bb][vc_column_inner width=\u00a0\u00bb2\/3&Prime; css=\u00a0\u00bb.vc_custom_1552913259294{margin-bottom: 0px !important;}\u00a0\u00bb][vc_column_text]<\/p>\n<h4><strong><span style=\"font-size: 14pt\">MULTIPLES EXIGENCES DU NIVEAU D&rsquo;UTILISATEUR<\/span><\/strong><\/h4>\n<p>[\/vc_column_text][vc_column_text]<span style=\"font-size: 12pt\">Pour la mise en \u0153uvre de syst\u00e8mes de gestionnaires de projet au sein de l&rsquo;industrie du logiciel, il est n\u00e9cessaire que les gestionnaires de projet ma\u00eetrisent diff\u00e9rents types d&rsquo;utilisateurs dot\u00e9s de syst\u00e8mes sp\u00e9cifiques. Cela implique \u00e9galement de disposer des droits d&rsquo;acc\u00e8s et des autorisations appropri\u00e9s pour chaque syst\u00e8me. Cela peut \u00eatre complexe ou extr\u00eamement compliqu\u00e9 selon le syst\u00e8me. Des connaissances techniques sont n\u00e9cessaires pour s&rsquo;assurer que la mise en \u0153uvre des syst\u00e8mes peut se d\u00e9rouler sans heurts et que les exigences des utilisateurs sont prises en compte pour la configuration des contr\u00f4les internes. N&rsquo;oubliez pas qu&rsquo;il existe des syst\u00e8mes sp\u00e9cifiques \u00e0 l&rsquo;utilisateur, mais \u00e9galement des mod\u00e8les bas\u00e9s sur des r\u00f4les. Il est important que le d\u00e9veloppeur de logiciel soit aussi flexible que ses comp\u00e9tences techniques.<\/span>[\/vc_column_text][\/vc_column_inner][vc_column_inner width=\u00a0\u00bb1\/3&Prime; css=\u00a0\u00bb.vc_custom_1552913251684{margin-bottom: 0px !important;}\u00a0\u00bb][vc_single_image image=\u00a0\u00bb503&Prime; img_size=\u00a0\u00bblarge\u00a0\u00bb][\/vc_column_inner][\/vc_row_inner][vc_custom_heading text=\u00a0\u00bbMarketing et g\u00e9n\u00e9ration de leads pour les \u00e9diteurs de logiciels\u00a0\u00bb font_container=\u00a0\u00bbtag:h2|text_align:center\u00a0\u00bb google_fonts=\u00a0\u00bbfont_family:Montserrat%3Aregular%2C700|font_style:400%20regular%3A400%3Anormal\u00a0\u00bb][vc_column_text]<br \/>\n<span style=\"font-size: 12pt\">Dreamond aide les \u00e9diteurs de logiciels \u00e0 attirer leurs clients gr\u00e2ce au marketing num\u00e9rique. La strat\u00e9gie de marketing des produits logiciels suivante vise \u00e0 aider les clients \u00e0 devenir plus agiles, ax\u00e9s sur les r\u00e9sultats et en phase avec les besoins des acheteurs.<\/span><br \/>\n[\/vc_column_text][vc_row_inner css=\u00a0\u00bb.vc_custom_1552915210121{margin-bottom: 0px !important;}\u00a0\u00bb][vc_column_inner width=\u00a0\u00bb1\/3&Prime; css=\u00a0\u00bb.vc_custom_1552915006713{background-color: #f3419c !important;}\u00a0\u00bb][vc_icon icon_fontawesome=\u00a0\u00bbfa fa-handshake-o\u00a0\u00bb color=\u00a0\u00bbcustom\u00a0\u00bb size=\u00a0\u00bbxl\u00a0\u00bb align=\u00a0\u00bbcenter\u00a0\u00bb custom_color=\u00a0\u00bb#ffffff\u00a0\u00bb][vc_column_text]<\/p>\n<h5 style=\"text-align: center\"><span style=\"color: #ffffff\"><strong><span style=\"font-size: 12pt\">CONSULTANT<\/span><\/strong><\/span><\/h5>\n<p>[\/vc_column_text][\/vc_column_inner][vc_column_inner width=\u00a0\u00bb1\/3&Prime; css=\u00a0\u00bb.vc_custom_1552915106481{background-color: #000000 !important;}\u00a0\u00bb][vc_icon icon_fontawesome=\u00a0\u00bbfa fa-bullhorn\u00a0\u00bb color=\u00a0\u00bbcustom\u00a0\u00bb size=\u00a0\u00bbxl\u00a0\u00bb align=\u00a0\u00bbcenter\u00a0\u00bb custom_color=\u00a0\u00bb#ffffff\u00a0\u00bb][vc_column_text]<\/p>\n<h5 style=\"text-align: center\"><span style=\"color: #ffffff\"><strong><span style=\"font-size: 12pt\">PUBLICIT\u00c9 EN LIGNE<\/span><\/strong><\/span><\/h5>\n<p>[\/vc_column_text][\/vc_column_inner][vc_column_inner width=\u00a0\u00bb1\/3&Prime; css=\u00a0\u00bb.vc_custom_1552915162274{background-color: #f3419c !important;}\u00a0\u00bb][vc_icon icon_fontawesome=\u00a0\u00bbfa fa-link\u00a0\u00bb color=\u00a0\u00bbcustom\u00a0\u00bb size=\u00a0\u00bbxl\u00a0\u00bb align=\u00a0\u00bbcenter\u00a0\u00bb custom_color=\u00a0\u00bb#ffffff\u00a0\u00bb][vc_column_text]<\/p>\n<h5 style=\"text-align: center\"><span style=\"font-size: 12pt;color: #ffffff\"><strong>OPTIMISATION DU MOTEUR DE RECHERCHE<\/strong><\/span><\/h5>\n<p>[\/vc_column_text][\/vc_column_inner][\/vc_row_inner][vc_row_inner][vc_column_inner width=\u00a0\u00bb1\/3&Prime; css=\u00a0\u00bb.vc_custom_1552915224088{background-color: #000000 !important;}\u00a0\u00bb][vc_icon icon_fontawesome=\u00a0\u00bbfa fa-facebook-square\u00a0\u00bb color=\u00a0\u00bbcustom\u00a0\u00bb size=\u00a0\u00bbxl\u00a0\u00bb align=\u00a0\u00bbcenter\u00a0\u00bb custom_color=\u00a0\u00bb#ffffff\u00a0\u00bb][vc_column_text]<\/p>\n<h5 style=\"text-align: center\"><span style=\"font-size: 12pt;color: #ffffff\"><strong>GESTION DES M\u00c9DIAS SOCIAUX<\/strong><\/span><\/h5>\n<p>[\/vc_column_text][\/vc_column_inner][vc_column_inner width=\u00a0\u00bb1\/3&Prime; css=\u00a0\u00bb.vc_custom_1552915235417{background-color: #f3419c !important;}\u00a0\u00bb][vc_icon icon_fontawesome=\u00a0\u00bbfa fa-desktop\u00a0\u00bb color=\u00a0\u00bbcustom\u00a0\u00bb size=\u00a0\u00bbxl\u00a0\u00bb align=\u00a0\u00bbcenter\u00a0\u00bb custom_color=\u00a0\u00bb#ffffff\u00a0\u00bb][vc_column_text]<\/p>\n<h5 style=\"text-align: center\"><span style=\"font-size: 12pt\"><strong>D\u00c9VELOPPEMENT<\/strong><\/span><\/h5>\n<p>[\/vc_column_text][\/vc_column_inner][vc_column_inner width=\u00a0\u00bb1\/3&Prime; css=\u00a0\u00bb.vc_custom_1552915243432{background-color: #000000 !important;}\u00a0\u00bb][vc_icon icon_fontawesome=\u00a0\u00bbfa fa-envelope\u00a0\u00bb color=\u00a0\u00bbcustom\u00a0\u00bb size=\u00a0\u00bbxl\u00a0\u00bb align=\u00a0\u00bbcenter\u00a0\u00bb custom_color=\u00a0\u00bb#ffffff\u00a0\u00bb][vc_column_text]<\/p>\n<h5 style=\"text-align: center\"><span style=\"font-size: 12pt;color: #ffffff\"><strong>MARKETING DIRECT<\/strong><\/span><\/h5>\n<p>[\/vc_column_text][\/vc_column_inner][\/vc_row_inner][\/vc_column][\/vc_row][vc_row][vc_column width=\u00a0\u00bb1\/4&Prime;][\/vc_column][vc_column width=\u00a0\u00bb1\/4&Prime;][vc_btn title=\u00a0\u00bbDISCUTONS DAVANTAGE\u00a0\u00bb style=\u00a0\u00bbflat\u00a0\u00bb color=\u00a0\u00bbjuicy-pink\u00a0\u00bb size=\u00a0\u00bblg\u00a0\u00bb align=\u00a0\u00bbcenter\u00a0\u00bb css_animation=\u00a0\u00bbbounceIn\u00a0\u00bb button_block=\u00a0\u00bbtrue\u00a0\u00bb link=\u00a0\u00bburl:http%3A%2F%2Fdreamond.com%2Fcontact%2F%3Flang%3Dfr|\u00a0\u00bb][\/vc_column][vc_column width=\u00a0\u00bb1\/4&Prime;][vc_btn title=\u00a0\u00bb VOIR NOS SERVICES\u00a0\u00bb style=\u00a0\u00bbflat\u00a0\u00bb color=\u00a0\u00bbblack\u00a0\u00bb size=\u00a0\u00bblg\u00a0\u00bb align=\u00a0\u00bbcenter\u00a0\u00bb css_animation=\u00a0\u00bbbounceIn\u00a0\u00bb button_block=\u00a0\u00bbtrue\u00a0\u00bb link=\u00a0\u00bburl:http%3A%2F%2Fdreamond.com%2Fservices%2F%3Flang%3Dfr|\u00a0\u00bb][\/vc_column][vc_column width=\u00a0\u00bb1\/4&Prime;][\/vc_column][\/vc_row]<\/p>\n<\/div>","protected":false},"excerpt":{"rendered":"<p>[vc_row][vc_column][\/vc_column][\/vc_row][vc_row][vc_column][vc_column_text]Le traitement de probl\u00e8mes de gestion complexes fait partie de la gestion d\u2019une entreprise, quel que soit le type d\u2019entreprise que vous dirigez. L&rsquo;industrie du d\u00e9veloppement<span class=\"excerpt-hellip\"> [\u2026]<\/span><\/p>\n","protected":false},"author":9,"featured_media":0,"parent":1024,"menu_order":0,"comment_status":"closed","ping_status":"closed","template":"","meta":{"footnotes":""},"class_list":["post-1083","page","type-page","status-publish","hentry"],"_links":{"self":[{"href":"https:\/\/old.dreamond.com\/fr\/wp-json\/wp\/v2\/pages\/1083","targetHints":{"allow":["GET"]}}],"collection":[{"href":"https:\/\/old.dreamond.com\/fr\/wp-json\/wp\/v2\/pages"}],"about":[{"href":"https:\/\/old.dreamond.com\/fr\/wp-json\/wp\/v2\/types\/page"}],"author":[{"embeddable":true,"href":"https:\/\/old.dreamond.com\/fr\/wp-json\/wp\/v2\/users\/9"}],"replies":[{"embeddable":true,"href":"https:\/\/old.dreamond.com\/fr\/wp-json\/wp\/v2\/comments?post=1083"}],"version-history":[{"count":0,"href":"https:\/\/old.dreamond.com\/fr\/wp-json\/wp\/v2\/pages\/1083\/revisions"}],"up":[{"embeddable":true,"href":"https:\/\/old.dreamond.com\/fr\/wp-json\/wp\/v2\/pages\/1024"}],"wp:attachment":[{"href":"https:\/\/old.dreamond.com\/fr\/wp-json\/wp\/v2\/media?parent=1083"}],"curies":[{"name":"wp","href":"https:\/\/api.w.org\/{rel}","templated":true}]}}