{"id":1081,"date":"2019-05-02T21:12:58","date_gmt":"2019-05-02T21:12:58","guid":{"rendered":"https:\/\/old.dreamond.com\/secteurs\/immobilier\/"},"modified":"2019-05-05T18:45:27","modified_gmt":"2019-05-05T18:45:27","slug":"immobilier","status":"publish","type":"page","link":"https:\/\/old.dreamond.com\/fr\/secteurs\/immobilier\/","title":{"rendered":"Immobilier"},"content":{"rendered":"<div class=\"wpb-content-wrapper\"><p>[vc_row][vc_column]<div class=\"trailer_box \"><img decoding=\"async\" class=\"scale-with-grid\" src=\"https:\/\/old.dreamond.com\/wp-content\/uploads\/2019\/03\/real-estate.jpg\" alt=\"real estate\" width=\"1280\" height=\"853\"\/><div class=\"desc\"><div class=\"subtitle\">SECTEUR IMMOBILIER<\/div><div class=\"line\"><\/div><\/div><\/div>\n[\/vc_column][\/vc_row][vc_row][vc_column][vc_column_text]<span style=\"font-size: 12pt\">Il est difficile de d\u00e9velopper une entreprise immobili\u00e8re sans que vous ayez \u00e0 vendre les propri\u00e9t\u00e9s que vous avez construites. Pour que vous puissiez vendre les propri\u00e9t\u00e9s, vos initiatives marketing doivent \u00eatre optimales. Cependant, le plus souvent, vous rencontrez de nombreux probl\u00e8mes de marketing. Ces d\u00e9fis r\u00e9duisent le rythme de vos initiatives marketing, r\u00e9duisent les revenus de votre entreprise, entravent votre retour sur investissement marketing et entravent la croissance globale de votre entreprise.<\/span>[\/vc_column_text][vc_column_text]<\/p>\n<h5 style=\"text-align: center\"><span style=\"font-size: 14pt\">Voici les probl\u00e8mes les plus cruciaux et les plus courants dans le secteur immobilier:<\/span><\/h5>\n<p>[\/vc_column_text][vc_row_inner css=\u00a0\u00bb.vc_custom_1552913244789{margin-bottom: 0px !important;}\u00a0\u00bb][vc_column_inner width=\u00a0\u00bb2\/3&Prime; css=\u00a0\u00bb.vc_custom_1552913259294{margin-bottom: 0px !important;}\u00a0\u00bb][vc_column_text]<\/p>\n<h4><strong><span style=\"font-size: 14pt\">GESTION DE LA VOLATILIT\u00c9 DU MARCH\u00c9<\/span><\/strong><\/h4>\n<p>[\/vc_column_text][vc_column_text]<span style=\"font-size: 12pt\">L&rsquo;un des principaux d\u00e9fis de l&rsquo;immobilier consiste \u00e0 se tenir au courant de la situation actuelle du march\u00e9. La volatilit\u00e9 du march\u00e9 est ind\u00e9pendante de la volont\u00e9 du sp\u00e9cialiste du marketing. Cependant, le plus souvent, les agents immobiliers sont victimes des conditions de march\u00e9 ind\u00e9sirables qui peuvent conduire \u00e0 une faible vente de propri\u00e9t\u00e9s.<\/span><\/p>\n<p><span style=\"font-size: 12pt\">Il peut \u00eatre difficile de jouer avec la volatilit\u00e9 du march\u00e9, mais cela peut quand m\u00eame vous donner l\u2019occasion de vous d\u00e9marquer du reste de vos concurrents. Ce dont vous avez besoin ici est une strat\u00e9gie judicieuse. La premi\u00e8re \u00e9tape consiste \u00e0 d\u00e9terminer la cause fondamentale du faible march\u00e9 de l&rsquo;immobilier. Cela peut \u00eatre une nouvelle politique gouvernementale ou une stagnation du march\u00e9 due \u00e0 un trop grand nombre d&rsquo;entreprises immobili\u00e8res en concurrence. Une fois que vous avez compris cela, il existe plusieurs fa\u00e7ons de g\u00e9rer la situation.<\/span>[\/vc_column_text][\/vc_column_inner][vc_column_inner width=\u00a0\u00bb1\/3&Prime; css=\u00a0\u00bb.vc_custom_1552913251684{margin-bottom: 0px !important;}\u00a0\u00bb][vc_single_image image=\u00a0\u00bb509&Prime; img_size=\u00a0\u00bblarge\u00a0\u00bb][\/vc_column_inner][\/vc_row_inner][vc_row_inner][vc_column_inner width=\u00a0\u00bb1\/3&Prime;][vc_single_image image=\u00a0\u00bb510&Prime; img_size=\u00a0\u00bblarge\u00a0\u00bb][\/vc_column_inner][vc_column_inner width=\u00a0\u00bb2\/3&Prime;][vc_column_text]<\/p>\n<h4><strong><span style=\"font-size: 14pt\">CAMPAGNES DE MARKETING PAS SI SMART<\/span><\/strong><\/h4>\n<p>[\/vc_column_text][vc_column_text]<span style=\"font-size: 12pt\">Il peut \u00eatre rentable de lancer une campagne de marketing immobilier num\u00e9rique pour votre entreprise. Nombre de ces entreprises sont la cible de campagnes de marketing num\u00e9rique mal g\u00e9r\u00e9es. Cela n\u00e9cessite que vous proposiez syst\u00e9matiquement une strat\u00e9gie de campagne. Avant de commencer, vous devez conna\u00eetre les bons canaux \u00e0 utiliser pour la campagne. Vous devez peser le pour et le contre de chacun des canaux.<\/span><\/p>\n<p><span style=\"font-size: 12pt\">Apr\u00e8s avoir choisi les cha\u00eenes, vous devez rechercher les bons outils pour votre promotion. Vous devez comprendre les outils pour pouvoir contr\u00f4ler la campagne que vous ex\u00e9cutez. Ils vous informeront sur les campagnes performantes et celles qui ne le sont pas. Cela contribuera \u00e9galement \u00e0 renforcer la sensibilisation, votre intention et \u00e0 convertir votre public plus rapidement.<\/span>[\/vc_column_text][\/vc_column_inner][\/vc_row_inner][vc_row_inner css=\u00a0\u00bb.vc_custom_1552913244789{margin-bottom: 0px !important;}\u00a0\u00bb][vc_column_inner width=\u00a0\u00bb2\/3&Prime; css=\u00a0\u00bb.vc_custom_1552913259294{margin-bottom: 0px !important;}\u00a0\u00bb][vc_column_text]<\/p>\n<h4><strong><span style=\"font-size: 14pt\">DIFFICULT\u00c9 DANS L&rsquo;UTILISATION D&rsquo;OUTILS DE COMMERCIALISATION IMMOBILI\u00c8RE<\/span><\/strong><\/h4>\n<p>[\/vc_column_text][vc_column_text]<span style=\"font-size: 12pt\">L&rsquo;un des principaux d\u00e9fis du marketing num\u00e9rique pour l&rsquo;immobilier est le manque d&rsquo;expertise dans l&rsquo;utilisation de ces outils de marketing. En outre, il pourrait \u00eatre difficile de trouver ou de cr\u00e9er les outils qui fonctionnent r\u00e9ellement. La technique consiste ici \u00e0 revoir les objectifs de chaque outil que vous utilisez. Il existe de nombreux outils que vous pouvez utiliser pour diff\u00e9rents objectifs marketing. Cependant, cela implique \u00e9galement de contr\u00f4ler leur utilisation et d\u2019\u00e9quilibrer le budget ainsi que les activit\u00e9s de chaque outil afin d\u2019optimiser vos campagnes marketing.<\/span>[\/vc_column_text][\/vc_column_inner][vc_column_inner width=\u00a0\u00bb1\/3&Prime; css=\u00a0\u00bb.vc_custom_1552913251684{margin-bottom: 0px !important;}\u00a0\u00bb][vc_single_image image=\u00a0\u00bb511&Prime; img_size=\u00a0\u00bblarge\u00a0\u00bb][\/vc_column_inner][\/vc_row_inner][vc_row_inner][vc_column_inner width=\u00a0\u00bb1\/3&Prime;][vc_single_image image=\u00a0\u00bb512&Prime; img_size=\u00a0\u00bblarge\u00a0\u00bb][\/vc_column_inner][vc_column_inner width=\u00a0\u00bb2\/3&Prime;][vc_column_text]<\/p>\n<h4><strong><span style=\"font-size: 14pt\">L&rsquo;UTILISATION DE L&rsquo;AUTOMATISATION POUR CR\u00c9ER UN SERVICE ET UNE EXP\u00c9RIENCE PERSONNALIS\u00c9S<\/span><\/strong><\/h4>\n<p>[\/vc_column_text][vc_column_text]<span style=\"font-size: 12pt\">Les soci\u00e9t\u00e9s immobili\u00e8res doivent \u00eatre conscientes que le lien entre les marques et leurs consommateurs n&rsquo;est plus lin\u00e9aire. Il s\u2019agit d\u2019un processus global qui n\u00e9cessite deux points de contact client mieux personnalis\u00e9s pour que les utilisateurs en ligne puissent faire partie du processus de vente. Le d\u00e9fi consiste ici \u00e0 int\u00e9grer vos techniques de personnalisation dans vos initiatives d&rsquo;automatisation du marketing. Ce sera un probl\u00e8me majeure si vous en savez peu sur le marketing automatis\u00e9 et sur l\u2019utilisation des technologies li\u00e9es au marketing.<\/span>[\/vc_column_text][\/vc_column_inner][\/vc_row_inner][vc_custom_heading text=\u00a0\u00bbMarketing digital pour l&rsquo;immobilier\u00a0\u00bb font_container=\u00a0\u00bbtag:h2|text_align:center\u00a0\u00bb google_fonts=\u00a0\u00bbfont_family:Montserrat%3Aregular%2C700|font_style:400%20regular%3A400%3Anormal\u00a0\u00bb][vc_column_text]<br \/>\n<span style=\"font-size: 12pt\">Marketing num\u00e9rique pour l&rsquo;immobilier<\/span><br \/>\n[\/vc_column_text][vc_row_inner css=\u00a0\u00bb.vc_custom_1552915210121{margin-bottom: 0px !important;}\u00a0\u00bb][vc_column_inner width=\u00a0\u00bb1\/3&Prime; css=\u00a0\u00bb.vc_custom_1552915006713{background-color: #f3419c !important;}\u00a0\u00bb][vc_icon icon_fontawesome=\u00a0\u00bbfa fa-handshake-o\u00a0\u00bb color=\u00a0\u00bbcustom\u00a0\u00bb size=\u00a0\u00bbxl\u00a0\u00bb align=\u00a0\u00bbcenter\u00a0\u00bb custom_color=\u00a0\u00bb#ffffff\u00a0\u00bb][vc_column_text]<\/p>\n<h5 style=\"text-align: center\"><span style=\"font-size: 12pt;color: #ffffff\"><strong>CONSULTANT<\/strong><\/span><\/h5>\n<p>[\/vc_column_text][\/vc_column_inner][vc_column_inner width=\u00a0\u00bb1\/3&Prime; css=\u00a0\u00bb.vc_custom_1552915106481{background-color: #000000 !important;}\u00a0\u00bb][vc_icon icon_fontawesome=\u00a0\u00bbfa fa-bullhorn\u00a0\u00bb color=\u00a0\u00bbcustom\u00a0\u00bb size=\u00a0\u00bbxl\u00a0\u00bb align=\u00a0\u00bbcenter\u00a0\u00bb custom_color=\u00a0\u00bb#ffffff\u00a0\u00bb][vc_column_text]<\/p>\n<h5 style=\"text-align: center\"><span style=\"font-size: 12pt;color: #ffffff\"><strong>PUBLICIT\u00c9 EN LIGNE<\/strong><\/span><\/h5>\n<p>[\/vc_column_text][\/vc_column_inner][vc_column_inner width=\u00a0\u00bb1\/3&Prime; css=\u00a0\u00bb.vc_custom_1552915162274{background-color: #f3419c !important;}\u00a0\u00bb][vc_icon icon_fontawesome=\u00a0\u00bbfa fa-link\u00a0\u00bb color=\u00a0\u00bbcustom\u00a0\u00bb size=\u00a0\u00bbxl\u00a0\u00bb align=\u00a0\u00bbcenter\u00a0\u00bb custom_color=\u00a0\u00bb#ffffff\u00a0\u00bb][vc_column_text]<\/p>\n<h5 style=\"text-align: center\"><span style=\"color: #ffffff\"><strong><span style=\"font-size: 12pt\">OPTIMISATION DU MOTEUR DE RECHERCHE<\/span><\/strong><\/span><\/h5>\n<p>[\/vc_column_text][\/vc_column_inner][\/vc_row_inner][vc_row_inner][vc_column_inner width=\u00a0\u00bb1\/3&Prime; css=\u00a0\u00bb.vc_custom_1552915224088{background-color: #000000 !important;}\u00a0\u00bb][vc_icon icon_fontawesome=\u00a0\u00bbfa fa-facebook-square\u00a0\u00bb color=\u00a0\u00bbcustom\u00a0\u00bb size=\u00a0\u00bbxl\u00a0\u00bb align=\u00a0\u00bbcenter\u00a0\u00bb custom_color=\u00a0\u00bb#ffffff\u00a0\u00bb][vc_column_text]<\/p>\n<h5 style=\"text-align: center\"><span style=\"font-size: 12pt;color: #ffffff\">GESTION DES M\u00c9DIAS SOCIAUX<\/span><\/h5>\n<p>[\/vc_column_text][\/vc_column_inner][vc_column_inner width=\u00a0\u00bb1\/3&Prime; css=\u00a0\u00bb.vc_custom_1552915235417{background-color: #f3419c !important;}\u00a0\u00bb][vc_icon icon_fontawesome=\u00a0\u00bbfa fa-desktop\u00a0\u00bb color=\u00a0\u00bbcustom\u00a0\u00bb size=\u00a0\u00bbxl\u00a0\u00bb align=\u00a0\u00bbcenter\u00a0\u00bb custom_color=\u00a0\u00bb#ffffff\u00a0\u00bb][vc_column_text]<\/p>\n<h5 style=\"text-align: center\"><span style=\"font-size: 12pt;color: #ffffff\"><strong>D\u00c9VELOPPEMENT<\/strong><\/span><\/h5>\n<p>[\/vc_column_text][\/vc_column_inner][vc_column_inner width=\u00a0\u00bb1\/3&Prime; css=\u00a0\u00bb.vc_custom_1552915243432{background-color: #000000 !important;}\u00a0\u00bb][vc_icon icon_fontawesome=\u00a0\u00bbfa fa-envelope\u00a0\u00bb color=\u00a0\u00bbcustom\u00a0\u00bb size=\u00a0\u00bbxl\u00a0\u00bb align=\u00a0\u00bbcenter\u00a0\u00bb custom_color=\u00a0\u00bb#ffffff\u00a0\u00bb][vc_column_text]<\/p>\n<h5 style=\"text-align: center\"><span style=\"font-size: 12pt;color: #ffffff\">MARKETING DIRECT<\/span><\/h5>\n<p>[\/vc_column_text][\/vc_column_inner][\/vc_row_inner][\/vc_column][\/vc_row][vc_row][vc_column width=\u00a0\u00bb1\/4&Prime;][\/vc_column][vc_column width=\u00a0\u00bb1\/4&Prime;][vc_btn title=\u00a0\u00bbDISCUTONS DAVANTAGE\u00a0\u00bb style=\u00a0\u00bbflat\u00a0\u00bb color=\u00a0\u00bbjuicy-pink\u00a0\u00bb size=\u00a0\u00bblg\u00a0\u00bb align=\u00a0\u00bbcenter\u00a0\u00bb css_animation=\u00a0\u00bbbounceIn\u00a0\u00bb button_block=\u00a0\u00bbtrue\u00a0\u00bb link=\u00a0\u00bburl:http%3A%2F%2Fdreamond.com%2Fcontact%2F%3Flang%3Dfr|\u00a0\u00bb][\/vc_column][vc_column width=\u00a0\u00bb1\/4&Prime;][vc_btn title=\u00a0\u00bb VOIR NOS SERVICES\u00a0\u00bb style=\u00a0\u00bbflat\u00a0\u00bb color=\u00a0\u00bbblack\u00a0\u00bb size=\u00a0\u00bblg\u00a0\u00bb align=\u00a0\u00bbcenter\u00a0\u00bb css_animation=\u00a0\u00bbbounceIn\u00a0\u00bb button_block=\u00a0\u00bbtrue\u00a0\u00bb link=\u00a0\u00bburl:http%3A%2F%2Fdreamond.com%2Fservices%2F%3Flang%3Dfr|\u00a0\u00bb][\/vc_column][vc_column width=\u00a0\u00bb1\/4&Prime;][\/vc_column][\/vc_row]<\/p>\n<\/div>","protected":false},"excerpt":{"rendered":"<p>[vc_row][vc_column][\/vc_column][\/vc_row][vc_row][vc_column][vc_column_text]Il est difficile de d\u00e9velopper une entreprise immobili\u00e8re sans que vous ayez \u00e0 vendre les propri\u00e9t\u00e9s que vous avez construites. Pour que vous puissiez vendre les<span class=\"excerpt-hellip\"> [\u2026]<\/span><\/p>\n","protected":false},"author":9,"featured_media":0,"parent":1024,"menu_order":0,"comment_status":"closed","ping_status":"closed","template":"","meta":{"footnotes":""},"class_list":["post-1081","page","type-page","status-publish","hentry"],"_links":{"self":[{"href":"https:\/\/old.dreamond.com\/fr\/wp-json\/wp\/v2\/pages\/1081","targetHints":{"allow":["GET"]}}],"collection":[{"href":"https:\/\/old.dreamond.com\/fr\/wp-json\/wp\/v2\/pages"}],"about":[{"href":"https:\/\/old.dreamond.com\/fr\/wp-json\/wp\/v2\/types\/page"}],"author":[{"embeddable":true,"href":"https:\/\/old.dreamond.com\/fr\/wp-json\/wp\/v2\/users\/9"}],"replies":[{"embeddable":true,"href":"https:\/\/old.dreamond.com\/fr\/wp-json\/wp\/v2\/comments?post=1081"}],"version-history":[{"count":0,"href":"https:\/\/old.dreamond.com\/fr\/wp-json\/wp\/v2\/pages\/1081\/revisions"}],"up":[{"embeddable":true,"href":"https:\/\/old.dreamond.com\/fr\/wp-json\/wp\/v2\/pages\/1024"}],"wp:attachment":[{"href":"https:\/\/old.dreamond.com\/fr\/wp-json\/wp\/v2\/media?parent=1081"}],"curies":[{"name":"wp","href":"https:\/\/api.w.org\/{rel}","templated":true}]}}