{"id":1077,"date":"2019-05-02T20:54:47","date_gmt":"2019-05-02T20:54:47","guid":{"rendered":"https:\/\/old.dreamond.com\/secteurs\/consultant\/"},"modified":"2019-05-05T18:45:03","modified_gmt":"2019-05-05T18:45:03","slug":"consultant","status":"publish","type":"page","link":"https:\/\/old.dreamond.com\/fr\/secteurs\/consultant\/","title":{"rendered":"Consultant"},"content":{"rendered":"<div class=\"wpb-content-wrapper\"><p>[vc_row][vc_column]<div class=\"trailer_box \"><img decoding=\"async\" class=\"scale-with-grid\" src=\"https:\/\/old.dreamond.com\/wp-content\/uploads\/2019\/03\/consulting.jpg\" alt=\"consulting\" width=\"1280\" height=\"854\"\/><div class=\"desc\"><div class=\"subtitle\">SECTEUR CONSEIL<\/div><div class=\"line\"><\/div><\/div><\/div>\n[\/vc_column][\/vc_row][vc_row][vc_column][vc_column_text]<span style=\"font-size: 12pt\">Les d\u00e9fis marketing entourent les soci\u00e9t\u00e9s de conseil en g\u00e9n\u00e9ral. Certains de ces d\u00e9fis sont anciens alors que d&rsquo;autres sont nouveaux. De nombreuses forces ouvrent la voie au changement dans ce secteur et elles sont \u00e9galement vari\u00e9es.<\/span>[\/vc_column_text][vc_column_text]<\/p>\n<h4 style=\"text-align: center\"><span style=\"font-size: 14pt\"><strong>Les principaux d\u00e9fis auxquels le secteur du conseil est confront\u00e9 sont les suivants:<\/strong><\/span><\/h4>\n<p>[\/vc_column_text][vc_row_inner css=\u00a0\u00bb.vc_custom_1552913244789{margin-bottom: 0px !important;}\u00a0\u00bb][vc_column_inner width=\u00a0\u00bb2\/3&Prime; css=\u00a0\u00bb.vc_custom_1552913259294{margin-bottom: 0px !important;}\u00a0\u00bb][vc_column_text]<\/p>\n<h4><span style=\"font-size: 14pt\"><strong>CONCURRENCE ACCRUE<\/strong><\/span><\/h4>\n<p>[\/vc_column_text][vc_column_text]<span style=\"font-size: 12pt\">La plupart des soci\u00e9t\u00e9s de conseil consid\u00e8rent que la concurrence est leur principale pr\u00e9occupation. La plupart d&rsquo;entre elles s&rsquo;inqui\u00e8tent des nouveaux joueurs et des grandes entreprises. La plupart des entreprises non \u00e9tablies ou peu importantes sur le march\u00e9 craignent de rester \u00e0 flot et d&rsquo;\u00eatre comp\u00e9titives. La v\u00e9rit\u00e9 est que des fusions se produisent dans le secteur du conseil et que les nouvelles technologies semblent menacer la marchandisation de certaines industries de base.<\/span>[\/vc_column_text][\/vc_column_inner][vc_column_inner width=\u00a0\u00bb1\/3&Prime; css=\u00a0\u00bb.vc_custom_1552913251684{margin-bottom: 0px !important;}\u00a0\u00bb][vc_single_image image=\u00a0\u00bb525&Prime; img_size=\u00a0\u00bblarge\u00a0\u00bb][\/vc_column_inner][\/vc_row_inner][vc_row_inner][vc_column_inner width=\u00a0\u00bb1\/3&Prime;][vc_single_image image=\u00a0\u00bb526&Prime; img_size=\u00a0\u00bblarge\u00a0\u00bb][\/vc_column_inner][vc_column_inner width=\u00a0\u00bb2\/3&Prime;][vc_column_text]<\/p>\n<h5><strong><span style=\"font-size: 14pt\">VOLATILIT\u00c9 DU MARCH\u00c9<\/span><\/strong><\/h5>\n<p>[\/vc_column_text][vc_column_text]<span style=\"font-size: 12pt\">De nos jours, le secteur du conseil est un immense champ de bataille. Auparavant, l&rsquo;industrie du conseil prosp\u00e9rait principalement gr\u00e2ce aux interactions interpersonnelles, mais il existe aujourd&rsquo;hui un champ de bataille en ligne tr\u00e8s ouvert entre diff\u00e9rentes entreprises. C\u2019est l\u00e0 que les entreprises se font concurrence et que les acheteurs ont tendance \u00e0 choisir les gagnants. En plus de cela, tout le paysage de l&rsquo;industrie du conseil \u00e9volue rapidement aussi. Des acquisitions et des fusions se produisent \u00e0 un rythme record. De temps en temps, des entreprises bien financ\u00e9es vont voir le jour. Ce type de march\u00e9 semble durer.<\/span>[\/vc_column_text][\/vc_column_inner][\/vc_row_inner][vc_row_inner css=\u00a0\u00bb.vc_custom_1552913244789{margin-bottom: 0px !important;}\u00a0\u00bb][vc_column_inner width=\u00a0\u00bb2\/3&Prime; css=\u00a0\u00bb.vc_custom_1552913259294{margin-bottom: 0px !important;}\u00a0\u00bb][vc_column_text]<\/p>\n<h4><strong><span style=\"font-size: 14pt\">MODIFICATIONS DES PR\u00c9F\u00c9RENCES ET DES BESOINS DE SERVICE DE L\u2019ACHETEUR<\/span><\/strong><\/h4>\n<p>[\/vc_column_text][vc_column_text]<span style=\"font-size: 12pt\">Il y a des changements majeurs dans la mani\u00e8re dont les consommateurs ach\u00e8tent des produits ou des services. Ils sont davantage motiv\u00e9s par l&rsquo;augmentation de la recherche en ligne, l&rsquo;utilisation accrue des m\u00e9dias sociaux et l&rsquo;utilisation de plateformes non traditionnelles pour la recherche de soci\u00e9t\u00e9s de conseil. Les r\u00e9f\u00e9rences ont \u00e9norm\u00e9ment chang\u00e9. Les r\u00e9f\u00e9rences aujourd&rsquo;hui peuvent se rapporter \u00e0 des personnes qui n&rsquo;avaient m\u00eame pas fr\u00e9quent\u00e9 des soci\u00e9t\u00e9s de conseil dans le pass\u00e9, mais qui avaient d\u00e9couvert l&rsquo;existence du secteur aupr\u00e8s d&rsquo;une autre source. Les entreprises am\u00e9liorent \u00e9galement leur r\u00e9putation en ligne gr\u00e2ce \u00e0 l&rsquo;utilisation d&rsquo;outils sophistiqu\u00e9s de marketing de contenu et \u00e0 leur engagement direct sur des sites de m\u00e9dias sociaux.<\/span>[\/vc_column_text][\/vc_column_inner][vc_column_inner width=\u00a0\u00bb1\/3&Prime; css=\u00a0\u00bb.vc_custom_1552913251684{margin-bottom: 0px !important;}\u00a0\u00bb][vc_single_image image=\u00a0\u00bb527&Prime; img_size=\u00a0\u00bblarge\u00a0\u00bb][\/vc_column_inner][\/vc_row_inner][vc_row_inner][vc_column_inner width=\u00a0\u00bb1\/3&Prime;][vc_single_image image=\u00a0\u00bb528&Prime; img_size=\u00a0\u00bblarge\u00a0\u00bb][\/vc_column_inner][vc_column_inner width=\u00a0\u00bb2\/3&Prime;][vc_column_text]<\/p>\n<h4><span style=\"font-size: 14pt\"><strong>BESOIN D&rsquo;AM\u00c9LIORER LES COMP\u00c9TENCES<\/strong><\/span><\/h4>\n<p>[\/vc_column_text][vc_column_text]<span style=\"font-size: 12pt\">Il est courant que les soci\u00e9t\u00e9s de conseil renouvellent leurs employ\u00e9s. Chaque fois qu&rsquo;une nouvelle technologie ou technique s&rsquo;installe, le cabinet de conseil ressent la pression de la suivre. Si elles ne le font pas, elles ne peuvent pas rivaliser sur le march\u00e9. Il existe deux moyens principaux de relever ce d\u00e9fi: recycler les professionnels et recruter de nouveaux talents poss\u00e9dant toutes les comp\u00e9tences n\u00e9cessaires. La plupart des entreprises appliquent ces deux m\u00e9thodes, mais elles posent \u00e9galement d&rsquo;importants probl\u00e8mes. Tout d\u2019abord, il est co\u00fbteux d\u2019embaucher de nouveaux employ\u00e9s et le r\u00e9outillage des employ\u00e9s actuels \u00e9loigne les employ\u00e9s d\u2019un travail facturable.<\/span>[\/vc_column_text][\/vc_column_inner][\/vc_row_inner][vc_row_inner css=\u00a0\u00bb.vc_custom_1552913244789{margin-bottom: 0px !important;}\u00a0\u00bb][vc_column_inner width=\u00a0\u00bb2\/3&Prime; css=\u00a0\u00bb.vc_custom_1552913259294{margin-bottom: 0px !important;}\u00a0\u00bb][vc_column_text]<\/p>\n<h4><span style=\"font-size: 14pt\"><strong>PRESSION CONSTANTE POUR LA BAISSE DES PRIX<\/strong><\/span><\/h4>\n<p>[\/vc_column_text][vc_column_text]<span style=\"font-size: 12pt\">Une autre pr\u00e9occupation majeure des soci\u00e9t\u00e9s de conseil est la pression constante pour faire baisser les prix. Ce d\u00e9fi est li\u00e9 \u00e0 toutes les autres pr\u00e9occupations, telles que la concurrence croissante, l\u2019automatisation, la marchandisation, la perturbation de la technologie, etc. Avec l\u2019av\u00e8nement de solutions de remplacement moins co\u00fbteuses et de technologies \u00e9mergentes, les entreprises sont constamment contraintes de r\u00e9duire leurs tarifs de services.<\/span>[\/vc_column_text][\/vc_column_inner][vc_column_inner width=\u00a0\u00bb1\/3&Prime; css=\u00a0\u00bb.vc_custom_1552913251684{margin-bottom: 0px !important;}\u00a0\u00bb][vc_single_image image=\u00a0\u00bb529&Prime; img_size=\u00a0\u00bblarge\u00a0\u00bb][\/vc_column_inner][\/vc_row_inner][vc_custom_heading text=\u00a0\u00bbActivez vos strat\u00e9gies de marketing num\u00e9rique avec l&rsquo;aide de Dreamond!\u00a0\u00bb font_container=\u00a0\u00bbtag:h2|text_align:center\u00a0\u00bb google_fonts=\u00a0\u00bbfont_family:Montserrat%3Aregular%2C700|font_style:400%20regular%3A400%3Anormal\u00a0\u00bb][vc_column_text]<br \/>\n<span style=\"font-size: 12pt\">Vous savez que vous devrez faire appel \u00e0 des sous-traitants pour atteindre certains de vos objectifs, mais vous ne savez pas trop \u00e0 qui vous adresser, comment les tenir responsables une fois qu&rsquo;ils ont d\u00e9marr\u00e9 ou comment d\u00e9terminer le meilleur fournisseur de solutions. Dreamond peut certainement vous aider.<\/span><br \/>\n[\/vc_column_text][vc_row_inner css=\u00a0\u00bb.vc_custom_1552915210121{margin-bottom: 0px !important;}\u00a0\u00bb][vc_column_inner width=\u00a0\u00bb1\/3&Prime; css=\u00a0\u00bb.vc_custom_1552915006713{background-color: #f3419c !important;}\u00a0\u00bb][vc_icon icon_fontawesome=\u00a0\u00bbfa fa-handshake-o\u00a0\u00bb color=\u00a0\u00bbcustom\u00a0\u00bb size=\u00a0\u00bbxl\u00a0\u00bb align=\u00a0\u00bbcenter\u00a0\u00bb custom_color=\u00a0\u00bb#ffffff\u00a0\u00bb][vc_column_text]<\/p>\n<h5 style=\"text-align: center\"><strong><span style=\"font-size: 12pt\">CONSULTANT<\/span><\/strong><\/h5>\n<p>[\/vc_column_text][\/vc_column_inner][vc_column_inner width=\u00a0\u00bb1\/3&Prime; css=\u00a0\u00bb.vc_custom_1552915106481{background-color: #000000 !important;}\u00a0\u00bb][vc_icon icon_fontawesome=\u00a0\u00bbfa fa-bullhorn\u00a0\u00bb color=\u00a0\u00bbcustom\u00a0\u00bb size=\u00a0\u00bbxl\u00a0\u00bb align=\u00a0\u00bbcenter\u00a0\u00bb custom_color=\u00a0\u00bb#ffffff\u00a0\u00bb][vc_column_text]<\/p>\n<h5 style=\"text-align: center\"><span style=\"font-size: 12pt;color: #ffffff\">PUBLICIT\u00c9 EN LIGNE<\/span><\/h5>\n<p>[\/vc_column_text][\/vc_column_inner][vc_column_inner width=\u00a0\u00bb1\/3&Prime; css=\u00a0\u00bb.vc_custom_1552915162274{background-color: #f3419c !important;}\u00a0\u00bb][vc_icon icon_fontawesome=\u00a0\u00bbfa fa-link\u00a0\u00bb color=\u00a0\u00bbcustom\u00a0\u00bb size=\u00a0\u00bbxl\u00a0\u00bb align=\u00a0\u00bbcenter\u00a0\u00bb custom_color=\u00a0\u00bb#ffffff\u00a0\u00bb][vc_column_text]<\/p>\n<h5 style=\"text-align: center\"><span style=\"font-size: 12pt;color: #ffffff\">OPTIMISATION DU MOTEUR DE RECHERCHE<\/span><\/h5>\n<p>[\/vc_column_text][\/vc_column_inner][\/vc_row_inner][vc_row_inner][vc_column_inner width=\u00a0\u00bb1\/3&Prime; css=\u00a0\u00bb.vc_custom_1552915224088{background-color: #000000 !important;}\u00a0\u00bb][vc_icon icon_fontawesome=\u00a0\u00bbfa fa-facebook-square\u00a0\u00bb color=\u00a0\u00bbcustom\u00a0\u00bb size=\u00a0\u00bbxl\u00a0\u00bb align=\u00a0\u00bbcenter\u00a0\u00bb custom_color=\u00a0\u00bb#ffffff\u00a0\u00bb][vc_column_text]<\/p>\n<h5 style=\"text-align: center\"><span style=\"font-size: 12pt;color: #ffffff\">GESTION DES M\u00c9DIAS SOCIAUX<\/span><\/h5>\n<p>[\/vc_column_text][\/vc_column_inner][vc_column_inner width=\u00a0\u00bb1\/3&Prime; css=\u00a0\u00bb.vc_custom_1552915235417{background-color: #f3419c !important;}\u00a0\u00bb][vc_icon icon_fontawesome=\u00a0\u00bbfa fa-desktop\u00a0\u00bb color=\u00a0\u00bbcustom\u00a0\u00bb size=\u00a0\u00bbxl\u00a0\u00bb align=\u00a0\u00bbcenter\u00a0\u00bb custom_color=\u00a0\u00bb#ffffff\u00a0\u00bb][vc_column_text]<\/p>\n<h5 style=\"text-align: center\"><span style=\"font-size: 12pt;color: #ffffff\">D\u00c9VELOPPEMENT<\/span><\/h5>\n<p>[\/vc_column_text][\/vc_column_inner][vc_column_inner width=\u00a0\u00bb1\/3&Prime; css=\u00a0\u00bb.vc_custom_1552915243432{background-color: #000000 !important;}\u00a0\u00bb][vc_icon icon_fontawesome=\u00a0\u00bbfa fa-envelope\u00a0\u00bb color=\u00a0\u00bbcustom\u00a0\u00bb size=\u00a0\u00bbxl\u00a0\u00bb align=\u00a0\u00bbcenter\u00a0\u00bb custom_color=\u00a0\u00bb#ffffff\u00a0\u00bb][vc_column_text]<\/p>\n<h5 style=\"text-align: center\"><span style=\"color: #ffffff\"><strong>MARKETING DIRECT<\/strong><\/span><\/h5>\n<p>[\/vc_column_text][\/vc_column_inner][\/vc_row_inner][\/vc_column][\/vc_row][vc_row][vc_column width=\u00a0\u00bb1\/4&Prime;][\/vc_column][vc_column width=\u00a0\u00bb1\/4&Prime;][vc_btn title=\u00a0\u00bbDISCUTONS DAVANTAGE\u00a0\u00bb style=\u00a0\u00bbflat\u00a0\u00bb color=\u00a0\u00bbjuicy-pink\u00a0\u00bb size=\u00a0\u00bblg\u00a0\u00bb align=\u00a0\u00bbcenter\u00a0\u00bb css_animation=\u00a0\u00bbbounceIn\u00a0\u00bb button_block=\u00a0\u00bbtrue\u00a0\u00bb link=\u00a0\u00bburl:http%3A%2F%2Fdreamond.com%2Fcontact%2F%3Flang%3Dfr|\u00a0\u00bb][\/vc_column][vc_column width=\u00a0\u00bb1\/4&Prime;][vc_btn title=\u00a0\u00bb VOIR NOS SERVICES\u00a0\u00bb style=\u00a0\u00bbflat\u00a0\u00bb color=\u00a0\u00bbblack\u00a0\u00bb size=\u00a0\u00bblg\u00a0\u00bb align=\u00a0\u00bbcenter\u00a0\u00bb css_animation=\u00a0\u00bbbounceIn\u00a0\u00bb button_block=\u00a0\u00bbtrue\u00a0\u00bb link=\u00a0\u00bburl:http%3A%2F%2Fdreamond.com%2Fservices%2F%3Flang%3Dfr|\u00a0\u00bb][\/vc_column][vc_column width=\u00a0\u00bb1\/4&Prime;][\/vc_column][\/vc_row]<\/p>\n<\/div>","protected":false},"excerpt":{"rendered":"<p>[vc_row][vc_column][\/vc_column][\/vc_row][vc_row][vc_column][vc_column_text]Les d\u00e9fis marketing entourent les soci\u00e9t\u00e9s de conseil en g\u00e9n\u00e9ral. Certains de ces d\u00e9fis sont anciens alors que d&rsquo;autres sont nouveaux. De nombreuses forces ouvrent la<span class=\"excerpt-hellip\"> [\u2026]<\/span><\/p>\n","protected":false},"author":9,"featured_media":0,"parent":1024,"menu_order":0,"comment_status":"closed","ping_status":"closed","template":"","meta":{"footnotes":""},"class_list":["post-1077","page","type-page","status-publish","hentry"],"_links":{"self":[{"href":"https:\/\/old.dreamond.com\/fr\/wp-json\/wp\/v2\/pages\/1077","targetHints":{"allow":["GET"]}}],"collection":[{"href":"https:\/\/old.dreamond.com\/fr\/wp-json\/wp\/v2\/pages"}],"about":[{"href":"https:\/\/old.dreamond.com\/fr\/wp-json\/wp\/v2\/types\/page"}],"author":[{"embeddable":true,"href":"https:\/\/old.dreamond.com\/fr\/wp-json\/wp\/v2\/users\/9"}],"replies":[{"embeddable":true,"href":"https:\/\/old.dreamond.com\/fr\/wp-json\/wp\/v2\/comments?post=1077"}],"version-history":[{"count":0,"href":"https:\/\/old.dreamond.com\/fr\/wp-json\/wp\/v2\/pages\/1077\/revisions"}],"up":[{"embeddable":true,"href":"https:\/\/old.dreamond.com\/fr\/wp-json\/wp\/v2\/pages\/1024"}],"wp:attachment":[{"href":"https:\/\/old.dreamond.com\/fr\/wp-json\/wp\/v2\/media?parent=1077"}],"curies":[{"name":"wp","href":"https:\/\/api.w.org\/{rel}","templated":true}]}}