{"id":1070,"date":"2019-04-30T22:19:21","date_gmt":"2019-04-30T22:19:21","guid":{"rendered":"https:\/\/old.dreamond.com\/secteurs\/e-commerce\/"},"modified":"2019-05-05T19:06:38","modified_gmt":"2019-05-05T19:06:38","slug":"e-commerce","status":"publish","type":"page","link":"https:\/\/old.dreamond.com\/fr\/secteurs\/e-commerce\/","title":{"rendered":"E-Commerce"},"content":{"rendered":"<div class=\"wpb-content-wrapper\"><p>[vc_row][vc_column]<div class=\"trailer_box \"><img decoding=\"async\" class=\"scale-with-grid\" src=\"https:\/\/old.dreamond.com\/wp-content\/uploads\/2019\/03\/e-commerce-2.jpg\" alt=\"e-commerce (2)\" width=\"1280\" height=\"853\"\/><div class=\"desc\"><div class=\"subtitle\">INDUSTRIE DU E-COMMERCE<\/div><div class=\"line\"><\/div><\/div><\/div>\n[\/vc_column][\/vc_row][vc_row][vc_column][vc_column_text]<span style=\"font-size: 12pt\">Avec l&rsquo;av\u00e8nement de la num\u00e9risation, de nombreuses possibilit\u00e9s s&rsquo;offrent au sp\u00e9cialiste du marketing en ligne.<\/span><\/p>\n<p><span style=\"font-size: 12pt\">Les clients pr\u00e9f\u00e8rent faire du shopping omnicanal. Les entrepreneurs peuvent proposer leurs produits partout dans le monde. Parall\u00e8lement \u00e0 ces changements majeurs dans la mani\u00e8re dont les entreprises sont g\u00e9r\u00e9es, les d\u00e9fis sont majeurs.<\/span>[\/vc_column_text][vc_column_text]<\/p>\n<h4 style=\"text-align: center\"><span style=\"font-size: 14pt\"><strong>Les principaux d\u00e9fis auxquels le secteur du commerce \u00e9lectronique est confront\u00e9 sont les suivants:<\/strong><\/span><\/h4>\n<p>[\/vc_column_text][vc_row_inner css=\u00a0\u00bb.vc_custom_1552913244789{margin-bottom: 0px !important;}\u00a0\u00bb][vc_column_inner width=\u00a0\u00bb2\/3&Prime; css=\u00a0\u00bb.vc_custom_1552913259294{margin-bottom: 0px !important;}\u00a0\u00bb][vc_column_text]<\/p>\n<h4><span style=\"font-size: 14pt\"><strong>QUELS PRODUITS VENDRE<\/strong><\/span><\/h4>\n<p>[\/vc_column_text][vc_column_text]<span style=\"font-size: 12pt\">Amazon est le leader du commerce \u00e9lectronique en raison de son catalogue de produits en ligne massif. Les plates-formes de chariots de magasinage ont \u00e9limin\u00e9 de nombreux obstacles \u00e0 l&rsquo;entr\u00e9e de presque tous les produits. Cela signifie qu&rsquo;un entrepreneur peut ouvrir une boutique en ligne en quelques jours \u00e0 peine et qu&rsquo;il peut vendre autant de produits qu&rsquo;il le souhaite. Cela signifie une concurrence serr\u00e9e. Tous ces facteurs font qu&rsquo;il est stressant de choisir un produit \u00e0 vendre qui se d\u00e9marquera du lot, \u00e0 moins que vous ne fabriquiez un produit original \u00e0 vendre.<\/span>[\/vc_column_text][\/vc_column_inner][vc_column_inner width=\u00a0\u00bb1\/3&Prime; css=\u00a0\u00bb.vc_custom_1552913251684{margin-bottom: 0px !important;}\u00a0\u00bb][vc_single_image image=\u00a0\u00bb535&Prime; img_size=\u00a0\u00bblarge\u00a0\u00bb][\/vc_column_inner][\/vc_row_inner][vc_row_inner][vc_column_inner width=\u00a0\u00bb1\/3&Prime;][vc_single_image image=\u00a0\u00bb536&Prime; img_size=\u00a0\u00bblarge\u00a0\u00bb][\/vc_column_inner][vc_column_inner width=\u00a0\u00bb2\/3&Prime;][vc_column_text]<\/p>\n<h4 id=\"tw-target-text\" class=\"tw-data-text tw-ta tw-text-small\" data-placeholder=\"Traduction\"><strong><span style=\"font-size: 14pt\">LES BONS PARTENAIRES TECHNOLOGIQUES ET COMMERCIAUX<\/span><\/strong><\/h4>\n<p>[\/vc_column_text][vc_column_text]<span style=\"font-size: 12pt\">De nombreux d\u00e9taillants en ligne sont confront\u00e9s \u00e0 des probl\u00e8mes de croissance majeurs du fait que la technologie qu\u2019ils utilisent limite leur capacit\u00e9 ou qu\u2019ils se sont associ\u00e9s \u00e0 de mauvais fournisseurs ou agences pour leur permettre de g\u00e9rer correctement les projets. Il est crucial pour les d\u00e9taillants de disposer d\u2019une base technologique solide leur permettant de cro\u00eetre. Ils doivent choisir le bon logiciel de gestion des stocks, le syst\u00e8me de gestion de la relation client, les outils d&rsquo;analyse et la solution de panier d&rsquo;achat. Ils doivent imp\u00e9rativement choisir judicieusement les agences ou les entreprises avec lesquelles ils doivent s&rsquo;associer.<\/span>[\/vc_column_text][\/vc_column_inner][\/vc_row_inner][vc_row_inner css=\u00a0\u00bb.vc_custom_1552913244789{margin-bottom: 0px !important;}\u00a0\u00bb][vc_column_inner width=\u00a0\u00bb2\/3&Prime; css=\u00a0\u00bb.vc_custom_1552913259294{margin-bottom: 0px !important;}\u00a0\u00bb][vc_column_text]<\/p>\n<h4><strong><span style=\"font-size: 14pt\">CAPTURER LES BONS LEADS<\/span><\/strong><\/h4>\n<p>[\/vc_column_text][vc_column_text]<span style=\"font-size: 12pt\">Les entrepreneurs en ligne d\u00e9pensent souvent beaucoup pour acqu\u00e9rir du trafic conduisant \u00e0 leurs sites. Avec un taux de conversion habituel compris entre 1 et 3%, ils doivent s\u2019efforcer davantage de g\u00e9n\u00e9rer des leads afin de maximiser les r\u00e9sultats de leurs initiatives marketing. La cl\u00e9 ici est la liste. La cr\u00e9ation d\u2019une liste d\u2019abonn\u00e9s au courrier \u00e9lectronique est indispensable au succ\u00e8s \u00e0 long terme. Les pistes ne sont pas les m\u00eames. Il est important que le message appropri\u00e9 soit envoy\u00e9 \u00e0 un public particulier pour qu&rsquo;il soit converti en piste et, esp\u00e9rons-le, en ventes.<\/span>[\/vc_column_text][\/vc_column_inner][vc_column_inner width=\u00a0\u00bb1\/3&Prime; css=\u00a0\u00bb.vc_custom_1552913251684{margin-bottom: 0px !important;}\u00a0\u00bb][vc_single_image image=\u00a0\u00bb537&Prime; img_size=\u00a0\u00bblarge\u00a0\u00bb][\/vc_column_inner][\/vc_row_inner][vc_row_inner][vc_column_inner width=\u00a0\u00bb1\/3&Prime;][vc_single_image image=\u00a0\u00bb538&Prime; img_size=\u00a0\u00bblarge\u00a0\u00bb][\/vc_column_inner][vc_column_inner width=\u00a0\u00bb2\/3&Prime;][vc_column_text]<\/p>\n<h4><strong><span style=\"font-size: 14pt\">G\u00c9N\u00c9RATION DE TRAFIC<\/span><\/strong><\/h4>\n<p>[\/vc_column_text][vc_column_text]<span style=\"font-size: 12pt\">Les canaux de marketing num\u00e9rique sont vari\u00e9s et changent constamment. Cela signifie que les entrepreneurs ne disposent pas d\u2019un canal particulier sur lequel ils peuvent compter pour g\u00e9n\u00e9rer du trafic sur leur site. Ils doivent exploiter efficacement les canaux suivants: PPC, annonces graphiques, SEO, moteurs de magasinage, filiales et sites de m\u00e9dias sociaux. Leur site doit \u00eatre visible l\u00e0 o\u00f9 leur public cible accorde plus d&rsquo;attention.<\/span>[\/vc_column_text][\/vc_column_inner][\/vc_row_inner][vc_row_inner css=\u00a0\u00bb.vc_custom_1552913244789{margin-bottom: 0px !important;}\u00a0\u00bb][vc_column_inner width=\u00a0\u00bb2\/3&Prime; css=\u00a0\u00bb.vc_custom_1552913259294{margin-bottom: 0px !important;}\u00a0\u00bb][vc_column_text]<\/p>\n<h4><strong>CROISSANCE \u00c0 LONG TERME EN APPRENANT<\/strong><\/h4>\n<p>[\/vc_column_text][vc_column_text]<span style=\"font-size: 12pt\">C&rsquo;est un moyen de d\u00e9velopper l&rsquo;activit\u00e9 en augmentant ses ventes, mais le facteur le plus important est sa rentabilit\u00e9. Il est important pour les entrepreneurs de trouver les meilleurs moyens de r\u00e9duire les co\u00fbts d&rsquo;inventaire, d&rsquo;am\u00e9liorer l&rsquo;efficacit\u00e9 et l&rsquo;efficience de la commercialisation, de r\u00e9duire les co\u00fbts d&rsquo;exp\u00e9dition, ainsi que les co\u00fbts de contr\u00f4le des commandes.<\/span>[\/vc_column_text][\/vc_column_inner][vc_column_inner width=\u00a0\u00bb1\/3&Prime; css=\u00a0\u00bb.vc_custom_1552913251684{margin-bottom: 0px !important;}\u00a0\u00bb][vc_single_image image=\u00a0\u00bb539&Prime; img_size=\u00a0\u00bblarge\u00a0\u00bb][\/vc_column_inner][\/vc_row_inner][vc_custom_heading text=\u00a0\u00bb PR\u00caTS, METTEZ EN PLACE, VENDEZ avec Dreamond!\u00a0\u00bb font_container=\u00a0\u00bbtag:h2|text_align:center\u00a0\u00bb google_fonts=\u00a0\u00bbfont_family:Montserrat%3Aregular%2C700|font_style:400%20regular%3A400%3Anormal\u00a0\u00bb][vc_column_text]<\/p>\n<p style=\"text-align: center\"><span style=\"font-size: 12pt\">Les entreprises de commerce \u00e9lectronique disposent de plusieurs outils de marketing num\u00e9rique. En utilisant correctement le marketing entrant et sortant, chacun peut cr\u00e9er des campagnes con\u00e7ues pour aider son magasin en ligne \u00e0 attirer des clients et \u00e0 se d\u00e9velopper mieux. Ne soyez pas le dernier \u00e0 savoir!<\/span><\/p>\n<p>[\/vc_column_text][vc_row_inner css=\u00a0\u00bb.vc_custom_1552915210121{margin-bottom: 0px !important;}\u00a0\u00bb][vc_column_inner width=\u00a0\u00bb1\/3&Prime; css=\u00a0\u00bb.vc_custom_1552915006713{background-color: #f3419c !important;}\u00a0\u00bb][vc_icon icon_fontawesome=\u00a0\u00bbfa fa-handshake-o\u00a0\u00bb color=\u00a0\u00bbcustom\u00a0\u00bb size=\u00a0\u00bbxl\u00a0\u00bb align=\u00a0\u00bbcenter\u00a0\u00bb custom_color=\u00a0\u00bb#ffffff\u00a0\u00bb][vc_column_text]<\/p>\n<h5 id=\"tw-target-text\" class=\"tw-data-text tw-ta tw-text-medium\" style=\"text-align: center\" data-placeholder=\"Traduction\"><span style=\"color: #ffffff\"><strong><span lang=\"fr\" style=\"font-size: 12pt\">CONSULTANT<\/span><\/strong><\/span><\/h5>\n<p>[\/vc_column_text][\/vc_column_inner][vc_column_inner width=\u00a0\u00bb1\/3&Prime; css=\u00a0\u00bb.vc_custom_1552915106481{background-color: #000000 !important;}\u00a0\u00bb][vc_icon icon_fontawesome=\u00a0\u00bbfa fa-bullhorn\u00a0\u00bb color=\u00a0\u00bbcustom\u00a0\u00bb size=\u00a0\u00bbxl\u00a0\u00bb align=\u00a0\u00bbcenter\u00a0\u00bb custom_color=\u00a0\u00bb#ffffff\u00a0\u00bb][vc_column_text]<\/p>\n<h5 id=\"tw-target-text\" class=\"tw-data-text tw-ta tw-text-medium\" style=\"text-align: center\" data-placeholder=\"Traduction\"><span style=\"color: #ffffff\"><strong><span lang=\"fr\" style=\"font-size: 12pt\">PUBLICIT\u00c9 EN LIGNE<\/span><\/strong><\/span><\/h5>\n<p>[\/vc_column_text][\/vc_column_inner][vc_column_inner width=\u00a0\u00bb1\/3&Prime; css=\u00a0\u00bb.vc_custom_1552915162274{background-color: #f3419c !important;}\u00a0\u00bb][vc_icon icon_fontawesome=\u00a0\u00bbfa fa-link\u00a0\u00bb color=\u00a0\u00bbcustom\u00a0\u00bb size=\u00a0\u00bbxl\u00a0\u00bb align=\u00a0\u00bbcenter\u00a0\u00bb custom_color=\u00a0\u00bb#ffffff\u00a0\u00bb][vc_column_text]<\/p>\n<h5 style=\"text-align: center\"><span style=\"color: #ffffff\"><strong>OPTIMISATION DU MOTEUR DE RECHERCHE<\/strong><\/span><\/h5>\n<p>[\/vc_column_text][\/vc_column_inner][\/vc_row_inner][vc_row_inner][vc_column_inner width=\u00a0\u00bb1\/3&Prime; css=\u00a0\u00bb.vc_custom_1552915224088{background-color: #000000 !important;}\u00a0\u00bb][vc_icon icon_fontawesome=\u00a0\u00bbfa fa-facebook-square\u00a0\u00bb color=\u00a0\u00bbcustom\u00a0\u00bb size=\u00a0\u00bbxl\u00a0\u00bb align=\u00a0\u00bbcenter\u00a0\u00bb custom_color=\u00a0\u00bb#ffffff\u00a0\u00bb][vc_column_text]<\/p>\n<h5 style=\"text-align: center\"><span style=\"font-size: 12pt;color: #ffffff\">GESTION DES M\u00c9DIAS SOCIAUX<\/span><\/h5>\n<p>[\/vc_column_text][\/vc_column_inner][vc_column_inner width=\u00a0\u00bb1\/3&Prime; css=\u00a0\u00bb.vc_custom_1552915235417{background-color: #f3419c !important;}\u00a0\u00bb][vc_icon icon_fontawesome=\u00a0\u00bbfa fa-desktop\u00a0\u00bb color=\u00a0\u00bbcustom\u00a0\u00bb size=\u00a0\u00bbxl\u00a0\u00bb align=\u00a0\u00bbcenter\u00a0\u00bb custom_color=\u00a0\u00bb#ffffff\u00a0\u00bb][vc_column_text]<\/p>\n<h5 id=\"tw-target-text\" class=\"tw-data-text tw-ta tw-text-medium\" style=\"text-align: center\" data-placeholder=\"Traduction\"><span lang=\"fr\" style=\"font-size: 12pt;color: #ffffff\">D\u00c9VELOPPEMENT<\/span><\/h5>\n<p>[\/vc_column_text][\/vc_column_inner][vc_column_inner width=\u00a0\u00bb1\/3&Prime; css=\u00a0\u00bb.vc_custom_1552915243432{background-color: #000000 !important;}\u00a0\u00bb][vc_icon icon_fontawesome=\u00a0\u00bbfa fa-envelope\u00a0\u00bb color=\u00a0\u00bbcustom\u00a0\u00bb size=\u00a0\u00bbxl\u00a0\u00bb align=\u00a0\u00bbcenter\u00a0\u00bb custom_color=\u00a0\u00bb#ffffff\u00a0\u00bb][vc_column_text]<\/p>\n<h5 id=\"tw-target-text\" class=\"tw-data-text tw-ta tw-text-medium\" style=\"text-align: center\" data-placeholder=\"Traduction\"><span lang=\"fr\" style=\"font-size: 12pt;color: #ffffff\">MARKETING DIRECT<\/span><\/h5>\n<p>[\/vc_column_text][\/vc_column_inner][\/vc_row_inner][\/vc_column][\/vc_row][vc_row][vc_column width=\u00a0\u00bb1\/4&Prime;][\/vc_column][vc_column width=\u00a0\u00bb1\/4&Prime;][vc_btn title=\u00a0\u00bbDISCUTONS DAVANTAGE\u00a0\u00bb style=\u00a0\u00bbflat\u00a0\u00bb color=\u00a0\u00bbjuicy-pink\u00a0\u00bb size=\u00a0\u00bblg\u00a0\u00bb align=\u00a0\u00bbcenter\u00a0\u00bb css_animation=\u00a0\u00bbbounceIn\u00a0\u00bb button_block=\u00a0\u00bbtrue\u00a0\u00bb link=\u00a0\u00bburl:http%3A%2F%2Fdreamond.com%2Fcontact%2F%3Flang%3Dfr|\u00a0\u00bb][\/vc_column][vc_column width=\u00a0\u00bb1\/4&Prime;][vc_btn title=\u00a0\u00bb VOIR NOS SERVICES\u00a0\u00bb style=\u00a0\u00bbflat\u00a0\u00bb color=\u00a0\u00bbblack\u00a0\u00bb size=\u00a0\u00bblg\u00a0\u00bb align=\u00a0\u00bbcenter\u00a0\u00bb css_animation=\u00a0\u00bbbounceIn\u00a0\u00bb button_block=\u00a0\u00bbtrue\u00a0\u00bb link=\u00a0\u00bburl:http%3A%2F%2Fdreamond.com%2Fservices%2F%3Flang%3Dfr|\u00a0\u00bb][\/vc_column][vc_column width=\u00a0\u00bb1\/4&Prime;][\/vc_column][\/vc_row]<\/p>\n<\/div>","protected":false},"excerpt":{"rendered":"<p>[vc_row][vc_column][\/vc_column][\/vc_row][vc_row][vc_column][vc_column_text]Avec l&rsquo;av\u00e8nement de la num\u00e9risation, de nombreuses possibilit\u00e9s s&rsquo;offrent au sp\u00e9cialiste du marketing en ligne. Les clients pr\u00e9f\u00e8rent faire du shopping omnicanal. Les entrepreneurs peuvent proposer<span class=\"excerpt-hellip\"> [\u2026]<\/span><\/p>\n","protected":false},"author":9,"featured_media":0,"parent":1024,"menu_order":0,"comment_status":"closed","ping_status":"closed","template":"","meta":{"footnotes":""},"class_list":["post-1070","page","type-page","status-publish","hentry"],"_links":{"self":[{"href":"https:\/\/old.dreamond.com\/fr\/wp-json\/wp\/v2\/pages\/1070","targetHints":{"allow":["GET"]}}],"collection":[{"href":"https:\/\/old.dreamond.com\/fr\/wp-json\/wp\/v2\/pages"}],"about":[{"href":"https:\/\/old.dreamond.com\/fr\/wp-json\/wp\/v2\/types\/page"}],"author":[{"embeddable":true,"href":"https:\/\/old.dreamond.com\/fr\/wp-json\/wp\/v2\/users\/9"}],"replies":[{"embeddable":true,"href":"https:\/\/old.dreamond.com\/fr\/wp-json\/wp\/v2\/comments?post=1070"}],"version-history":[{"count":0,"href":"https:\/\/old.dreamond.com\/fr\/wp-json\/wp\/v2\/pages\/1070\/revisions"}],"up":[{"embeddable":true,"href":"https:\/\/old.dreamond.com\/fr\/wp-json\/wp\/v2\/pages\/1024"}],"wp:attachment":[{"href":"https:\/\/old.dreamond.com\/fr\/wp-json\/wp\/v2\/media?parent=1070"}],"curies":[{"name":"wp","href":"https:\/\/api.w.org\/{rel}","templated":true}]}}