{"id":1064,"date":"2019-04-30T21:39:30","date_gmt":"2019-04-30T21:39:30","guid":{"rendered":"https:\/\/old.dreamond.com\/conseil-aux-entreprises\/"},"modified":"2019-05-08T12:17:00","modified_gmt":"2019-05-08T12:17:00","slug":"conseil-aux-entreprises","status":"publish","type":"page","link":"https:\/\/old.dreamond.com\/fr\/services\/conseil-aux-entreprises\/","title":{"rendered":"Conseil aux entreprises"},"content":{"rendered":"<div class=\"wpb-content-wrapper\"><p>[vc_row][vc_column][vc_cta h2=\u00a0\u00bbCOMMENT NOUS TRAVAILLONS\u00a0\u00bb txt_align=\u00a0\u00bbcenter\u00a0\u00bb style=\u00a0\u00bbflat\u00a0\u00bb color=\u00a0\u00bbblack\u00a0\u00bb add_button=\u00a0\u00bbbottom\u00a0\u00bb btn_title=\u00a0\u00bbCONTACTEZ NOUS\u00a0\u00bb btn_style=\u00a0\u00bbflat\u00a0\u00bb btn_color=\u00a0\u00bbjuicy-pink\u00a0\u00bb btn_size=\u00a0\u00bblg\u00a0\u00bb btn_align=\u00a0\u00bbcenter\u00a0\u00bb btn_css_animation=\u00a0\u00bbbounceIn\u00a0\u00bb btn_link=\u00a0\u00bburl:https%3A%2F%2Fdreamond.com%2Ffr%2Fcontact%2F%3Flang%3Dfr|\u00a0\u00bb css=\u00a0\u00bb.vc_custom_1556012261515{margin-top: 0px !important;}\u00a0\u00bb]<span style=\"font-size: 12pt\">Chaque entreprise a ses propres besoins en fonction de sa taille, de son activit\u00e9, de son emplacement. C\u2019est pourquoi, chez Dreamond, nous prenons d\u2019abord le temps de comprendre l&rsquo;activit\u00e9 et de d\u00e9terminer, en collaboration avec l\u2019\u00e9quipe de direction, comment nous pouvons contribuer \u00e0 rendre l\u2019entreprise plus efficace en d\u00e9veloppant des solutions, ce sera essentiel. Une solution d&rsquo;entreprise performante est une solution qui peut \u00eatre utilis\u00e9e facilement par tout le monde dans l&rsquo;entreprise et qui correspond \u00e0 ses besoins.<\/span>[\/vc_cta][\/vc_column][\/vc_row]<\/p>\n<\/div>","protected":false},"excerpt":{"rendered":"<p>[vc_row][vc_column][vc_cta h2=\u00a0\u00bbCOMMENT NOUS TRAVAILLONS\u00a0\u00bb txt_align=\u00a0\u00bbcenter\u00a0\u00bb style=\u00a0\u00bbflat\u00a0\u00bb color=\u00a0\u00bbblack\u00a0\u00bb add_button=\u00a0\u00bbbottom\u00a0\u00bb btn_title=\u00a0\u00bbCONTACTEZ NOUS\u00a0\u00bb btn_style=\u00a0\u00bbflat\u00a0\u00bb btn_color=\u00a0\u00bbjuicy-pink\u00a0\u00bb btn_size=\u00a0\u00bblg\u00a0\u00bb btn_align=\u00a0\u00bbcenter\u00a0\u00bb btn_css_animation=\u00a0\u00bbbounceIn\u00a0\u00bb btn_link=\u00a0\u00bburl:https%3A%2F%2Fdreamond.com%2Ffr%2Fcontact%2F%3Flang%3Dfr|\u00a0\u00bb css=\u00a0\u00bb.vc_custom_1556012261515{margin-top: 0px !important;}\u00a0\u00bb]Chaque entreprise a ses propres besoins en fonction<span class=\"excerpt-hellip\"> [\u2026]<\/span><\/p>\n","protected":false},"author":9,"featured_media":0,"parent":1067,"menu_order":0,"comment_status":"closed","ping_status":"closed","template":"","meta":{"footnotes":""},"class_list":["post-1064","page","type-page","status-publish","hentry"],"_links":{"self":[{"href":"https:\/\/old.dreamond.com\/fr\/wp-json\/wp\/v2\/pages\/1064","targetHints":{"allow":["GET"]}}],"collection":[{"href":"https:\/\/old.dreamond.com\/fr\/wp-json\/wp\/v2\/pages"}],"about":[{"href":"https:\/\/old.dreamond.com\/fr\/wp-json\/wp\/v2\/types\/page"}],"author":[{"embeddable":true,"href":"https:\/\/old.dreamond.com\/fr\/wp-json\/wp\/v2\/users\/9"}],"replies":[{"embeddable":true,"href":"https:\/\/old.dreamond.com\/fr\/wp-json\/wp\/v2\/comments?post=1064"}],"version-history":[{"count":0,"href":"https:\/\/old.dreamond.com\/fr\/wp-json\/wp\/v2\/pages\/1064\/revisions"}],"up":[{"embeddable":true,"href":"https:\/\/old.dreamond.com\/fr\/wp-json\/wp\/v2\/pages\/1067"}],"wp:attachment":[{"href":"https:\/\/old.dreamond.com\/fr\/wp-json\/wp\/v2\/media?parent=1064"}],"curies":[{"name":"wp","href":"https:\/\/api.w.org\/{rel}","templated":true}]}}