{"id":1061,"date":"2019-04-30T21:36:14","date_gmt":"2019-04-30T21:36:14","guid":{"rendered":"https:\/\/old.dreamond.com\/gestion-des-medias-sociaux\/"},"modified":"2019-05-09T18:52:00","modified_gmt":"2019-05-09T18:52:00","slug":"gestion-des-medias-sociaux","status":"publish","type":"page","link":"https:\/\/old.dreamond.com\/fr\/services\/gestion-des-medias-sociaux\/","title":{"rendered":"Gestion des m\u00e9dias sociaux"},"content":{"rendered":"<div class=\"wpb-content-wrapper\"><p>[vc_row][vc_column][vc_cta h2=\u00a0\u00bb CHAQUE ENTREPRISE N\u00c9CESSITE UNE PR\u00c9SENCE DANS LES M\u00c9DIAS SOCIAUX\u00a0\u00bb txt_align=\u00a0\u00bbcenter\u00a0\u00bb style=\u00a0\u00bbflat\u00a0\u00bb color=\u00a0\u00bbblack\u00a0\u00bb add_button=\u00a0\u00bbbottom\u00a0\u00bb btn_title=\u00a0\u00bbCONTACTEZ NOUS\u00a0\u00bb btn_style=\u00a0\u00bbflat\u00a0\u00bb btn_color=\u00a0\u00bbjuicy-pink\u00a0\u00bb btn_size=\u00a0\u00bblg\u00a0\u00bb btn_align=\u00a0\u00bbcenter\u00a0\u00bb btn_css_animation=\u00a0\u00bbbounceIn\u00a0\u00bb btn_link=\u00a0\u00bburl:https%3A%2F%2Fdreamond.com%2Ffr%2Fcontact%2F%3Flang%3Dfr|\u00a0\u00bb css=\u00a0\u00bb.vc_custom_1556012328651{margin-top: 0px !important;}\u00a0\u00bb]<span style=\"font-size: 12pt\">La pr\u00e9sence sur les m\u00e9dias sociaux peut aider \u00e0 renforcer la notori\u00e9t\u00e9 de la marque. Cela stimulera \u00e9galement les conversions de leads de l&rsquo;entreprise et, au final, les ventes. Gr\u00e2ce aux plates-formes de m\u00e9dias sociaux, il est facile pour une entreprise de d\u00e9gager de l&rsquo;autorit\u00e9, d&rsquo;encourager l&rsquo;engagement et de montrer son authenticit\u00e9, renfor\u00e7ant ainsi l&rsquo;identit\u00e9 et la notori\u00e9t\u00e9 de la marque.<\/span>[\/vc_cta][\/vc_column][\/vc_row]<\/p>\n<\/div>","protected":false},"excerpt":{"rendered":"<p>[vc_row][vc_column][vc_cta h2=\u00a0\u00bb CHAQUE ENTREPRISE N\u00c9CESSITE UNE PR\u00c9SENCE DANS LES M\u00c9DIAS SOCIAUX\u00a0\u00bb txt_align=\u00a0\u00bbcenter\u00a0\u00bb style=\u00a0\u00bbflat\u00a0\u00bb color=\u00a0\u00bbblack\u00a0\u00bb add_button=\u00a0\u00bbbottom\u00a0\u00bb btn_title=\u00a0\u00bbCONTACTEZ NOUS\u00a0\u00bb btn_style=\u00a0\u00bbflat\u00a0\u00bb btn_color=\u00a0\u00bbjuicy-pink\u00a0\u00bb btn_size=\u00a0\u00bblg\u00a0\u00bb btn_align=\u00a0\u00bbcenter\u00a0\u00bb btn_css_animation=\u00a0\u00bbbounceIn\u00a0\u00bb btn_link=\u00a0\u00bburl:https%3A%2F%2Fdreamond.com%2Ffr%2Fcontact%2F%3Flang%3Dfr|\u00a0\u00bb css=\u00a0\u00bb.vc_custom_1556012328651{margin-top: 0px !important;}\u00a0\u00bb]La<span class=\"excerpt-hellip\"> [\u2026]<\/span><\/p>\n","protected":false},"author":9,"featured_media":0,"parent":1067,"menu_order":0,"comment_status":"closed","ping_status":"closed","template":"","meta":{"footnotes":""},"class_list":["post-1061","page","type-page","status-publish","hentry"],"_links":{"self":[{"href":"https:\/\/old.dreamond.com\/fr\/wp-json\/wp\/v2\/pages\/1061","targetHints":{"allow":["GET"]}}],"collection":[{"href":"https:\/\/old.dreamond.com\/fr\/wp-json\/wp\/v2\/pages"}],"about":[{"href":"https:\/\/old.dreamond.com\/fr\/wp-json\/wp\/v2\/types\/page"}],"author":[{"embeddable":true,"href":"https:\/\/old.dreamond.com\/fr\/wp-json\/wp\/v2\/users\/9"}],"replies":[{"embeddable":true,"href":"https:\/\/old.dreamond.com\/fr\/wp-json\/wp\/v2\/comments?post=1061"}],"version-history":[{"count":0,"href":"https:\/\/old.dreamond.com\/fr\/wp-json\/wp\/v2\/pages\/1061\/revisions"}],"up":[{"embeddable":true,"href":"https:\/\/old.dreamond.com\/fr\/wp-json\/wp\/v2\/pages\/1067"}],"wp:attachment":[{"href":"https:\/\/old.dreamond.com\/fr\/wp-json\/wp\/v2\/media?parent=1061"}],"curies":[{"name":"wp","href":"https:\/\/api.w.org\/{rel}","templated":true}]}}