{"id":1056,"date":"2019-04-30T21:30:29","date_gmt":"2019-04-30T21:30:29","guid":{"rendered":"https:\/\/old.dreamond.com\/marketing-local\/"},"modified":"2019-05-09T19:00:33","modified_gmt":"2019-05-09T19:00:33","slug":"marketing-local","status":"publish","type":"page","link":"https:\/\/old.dreamond.com\/fr\/services\/marketing-local\/","title":{"rendered":"Marketing local"},"content":{"rendered":"<div class=\"wpb-content-wrapper\"><p>[vc_row][vc_column][vc_cta h2=\u00a0\u00bb ASSUREZ-VOUS QUE VOS CLIENTS VOUS TROUVENT EN PREMIER!\u00a0\u00bb txt_align=\u00a0\u00bbcenter\u00a0\u00bb style=\u00a0\u00bbflat\u00a0\u00bb color=\u00a0\u00bbblack\u00a0\u00bb add_button=\u00a0\u00bbbottom\u00a0\u00bb btn_title=\u00a0\u00bbCONTACTEZ NOUS\u00a0\u00bb btn_style=\u00a0\u00bbflat\u00a0\u00bb btn_color=\u00a0\u00bbjuicy-pink\u00a0\u00bb btn_size=\u00a0\u00bblg\u00a0\u00bb btn_align=\u00a0\u00bbcenter\u00a0\u00bb btn_css_animation=\u00a0\u00bbbounceIn\u00a0\u00bb btn_link=\u00a0\u00bburl:https%3A%2F%2Fdreamond.com%2Ffr%2Fcontact%2F%3Flang%3Dfr|\u00a0\u00bb css=\u00a0\u00bb.vc_custom_1556012353466{margin-top: 0px !important;}\u00a0\u00bb]<span style=\"font-size: 12pt\">Nous aidons \u00e0 g\u00e9n\u00e9rer du trafic et \u00e0 livrer des clients cibles \u00e0 votre domicile en nous assurant des positions de choix sur Google au niveau local et international. Plus d&rsquo;autres techniques innovantes de marketing local.<\/span>[\/vc_cta][\/vc_column][\/vc_row]<\/p>\n<\/div>","protected":false},"excerpt":{"rendered":"<p>[vc_row][vc_column][vc_cta h2=\u00a0\u00bb ASSUREZ-VOUS QUE VOS CLIENTS VOUS TROUVENT EN PREMIER!\u00a0\u00bb txt_align=\u00a0\u00bbcenter\u00a0\u00bb style=\u00a0\u00bbflat\u00a0\u00bb color=\u00a0\u00bbblack\u00a0\u00bb add_button=\u00a0\u00bbbottom\u00a0\u00bb btn_title=\u00a0\u00bbCONTACTEZ NOUS\u00a0\u00bb btn_style=\u00a0\u00bbflat\u00a0\u00bb btn_color=\u00a0\u00bbjuicy-pink\u00a0\u00bb btn_size=\u00a0\u00bblg\u00a0\u00bb btn_align=\u00a0\u00bbcenter\u00a0\u00bb btn_css_animation=\u00a0\u00bbbounceIn\u00a0\u00bb btn_link=\u00a0\u00bburl:https%3A%2F%2Fdreamond.com%2Ffr%2Fcontact%2F%3Flang%3Dfr|\u00a0\u00bb css=\u00a0\u00bb.vc_custom_1556012353466{margin-top: 0px !important;}\u00a0\u00bb]Nous aidons<span class=\"excerpt-hellip\"> [\u2026]<\/span><\/p>\n","protected":false},"author":9,"featured_media":0,"parent":1067,"menu_order":0,"comment_status":"closed","ping_status":"closed","template":"","meta":{"footnotes":""},"class_list":["post-1056","page","type-page","status-publish","hentry"],"_links":{"self":[{"href":"https:\/\/old.dreamond.com\/fr\/wp-json\/wp\/v2\/pages\/1056","targetHints":{"allow":["GET"]}}],"collection":[{"href":"https:\/\/old.dreamond.com\/fr\/wp-json\/wp\/v2\/pages"}],"about":[{"href":"https:\/\/old.dreamond.com\/fr\/wp-json\/wp\/v2\/types\/page"}],"author":[{"embeddable":true,"href":"https:\/\/old.dreamond.com\/fr\/wp-json\/wp\/v2\/users\/9"}],"replies":[{"embeddable":true,"href":"https:\/\/old.dreamond.com\/fr\/wp-json\/wp\/v2\/comments?post=1056"}],"version-history":[{"count":0,"href":"https:\/\/old.dreamond.com\/fr\/wp-json\/wp\/v2\/pages\/1056\/revisions"}],"up":[{"embeddable":true,"href":"https:\/\/old.dreamond.com\/fr\/wp-json\/wp\/v2\/pages\/1067"}],"wp:attachment":[{"href":"https:\/\/old.dreamond.com\/fr\/wp-json\/wp\/v2\/media?parent=1056"}],"curies":[{"name":"wp","href":"https:\/\/api.w.org\/{rel}","templated":true}]}}