{"id":1050,"date":"2019-04-11T12:37:17","date_gmt":"2019-04-11T12:37:17","guid":{"rendered":"https:\/\/old.dreamond.com\/solutions-cloud\/"},"modified":"2019-05-08T20:51:21","modified_gmt":"2019-05-08T20:51:21","slug":"cloud-solutions","status":"publish","type":"page","link":"https:\/\/old.dreamond.com\/fr\/services\/cloud-solutions\/","title":{"rendered":"Solutions Cloud"},"content":{"rendered":"<div class=\"wpb-content-wrapper\"><p>[vc_row][vc_column][vc_cta h2=\u00a0\u00bbCOMMENT NOUS TRAVAILLONS\u00a0\u00bb txt_align=\u00a0\u00bbcenter\u00a0\u00bb style=\u00a0\u00bbflat\u00a0\u00bb color=\u00a0\u00bbblack\u00a0\u00bb add_button=\u00a0\u00bbbottom\u00a0\u00bb btn_title=\u00a0\u00bbCONTACTEZ NOUS\u00a0\u00bb btn_style=\u00a0\u00bbflat\u00a0\u00bb btn_color=\u00a0\u00bbjuicy-pink\u00a0\u00bb btn_size=\u00a0\u00bblg\u00a0\u00bb btn_align=\u00a0\u00bbcenter\u00a0\u00bb btn_css_animation=\u00a0\u00bbbounceIn\u00a0\u00bb btn_link=\u00a0\u00bburl:https%3A%2F%2Fdreamond.com%2Ffr%2Fcontact%2F%3Flang%3Dfr|\u00a0\u00bb css=\u00a0\u00bb.vc_custom_1556012407385{margin-top: 0px !important;}\u00a0\u00bb]<span style=\"font-size: 12pt\">Connectez, synchronisez, acc\u00e9l\u00e9rez la circulation de l&rsquo;information. Changez votre fa\u00e7on de faire des affaires et d\u2019acc\u00e9l\u00e9rer votre d\u00e9veloppement. Nous travaillons avec des entreprises de diff\u00e9rents secteurs: distribution, services, tourisme et h\u00f4tellerie, immobilier et plus encore!<\/span><\/p>\n<p><span style=\"font-size: 12pt\">Pour plus de d\u00e9tails sur les services de cloud computing &#8230;<\/span>[\/vc_cta][\/vc_column][\/vc_row]<\/p>\n<\/div>","protected":false},"excerpt":{"rendered":"<p>[vc_row][vc_column][vc_cta h2=\u00a0\u00bbCOMMENT NOUS TRAVAILLONS\u00a0\u00bb txt_align=\u00a0\u00bbcenter\u00a0\u00bb style=\u00a0\u00bbflat\u00a0\u00bb color=\u00a0\u00bbblack\u00a0\u00bb add_button=\u00a0\u00bbbottom\u00a0\u00bb btn_title=\u00a0\u00bbCONTACTEZ NOUS\u00a0\u00bb btn_style=\u00a0\u00bbflat\u00a0\u00bb btn_color=\u00a0\u00bbjuicy-pink\u00a0\u00bb btn_size=\u00a0\u00bblg\u00a0\u00bb btn_align=\u00a0\u00bbcenter\u00a0\u00bb btn_css_animation=\u00a0\u00bbbounceIn\u00a0\u00bb btn_link=\u00a0\u00bburl:https%3A%2F%2Fdreamond.com%2Ffr%2Fcontact%2F%3Flang%3Dfr|\u00a0\u00bb css=\u00a0\u00bb.vc_custom_1556012407385{margin-top: 0px !important;}\u00a0\u00bb]Connectez, synchronisez, acc\u00e9l\u00e9rez la circulation de l&rsquo;information. Changez<span class=\"excerpt-hellip\"> [\u2026]<\/span><\/p>\n","protected":false},"author":9,"featured_media":0,"parent":1067,"menu_order":0,"comment_status":"closed","ping_status":"closed","template":"","meta":{"footnotes":""},"class_list":["post-1050","page","type-page","status-publish","hentry"],"_links":{"self":[{"href":"https:\/\/old.dreamond.com\/fr\/wp-json\/wp\/v2\/pages\/1050","targetHints":{"allow":["GET"]}}],"collection":[{"href":"https:\/\/old.dreamond.com\/fr\/wp-json\/wp\/v2\/pages"}],"about":[{"href":"https:\/\/old.dreamond.com\/fr\/wp-json\/wp\/v2\/types\/page"}],"author":[{"embeddable":true,"href":"https:\/\/old.dreamond.com\/fr\/wp-json\/wp\/v2\/users\/9"}],"replies":[{"embeddable":true,"href":"https:\/\/old.dreamond.com\/fr\/wp-json\/wp\/v2\/comments?post=1050"}],"version-history":[{"count":0,"href":"https:\/\/old.dreamond.com\/fr\/wp-json\/wp\/v2\/pages\/1050\/revisions"}],"up":[{"embeddable":true,"href":"https:\/\/old.dreamond.com\/fr\/wp-json\/wp\/v2\/pages\/1067"}],"wp:attachment":[{"href":"https:\/\/old.dreamond.com\/fr\/wp-json\/wp\/v2\/media?parent=1050"}],"curies":[{"name":"wp","href":"https:\/\/api.w.org\/{rel}","templated":true}]}}