{"id":1034,"date":"2019-04-30T21:01:03","date_gmt":"2019-04-30T21:01:03","guid":{"rendered":"https:\/\/old.dreamond.com\/les-solutions\/"},"modified":"2020-05-08T21:18:06","modified_gmt":"2020-05-08T21:18:06","slug":"les-solutions","status":"publish","type":"page","link":"https:\/\/old.dreamond.com\/fr\/les-solutions\/","title":{"rendered":"Les solutions"},"content":{"rendered":"<div class=\"wpb-content-wrapper\"><p>[vc_row][vc_column][vc_column_text css_animation=\u00a0\u00bbbottom-to-top\u00a0\u00bb css=\u00a0\u00bb.vc_custom_1551875783155{margin-right: 30px !important;margin-left: 30px !important;}\u00a0\u00bb]<\/p>\n<p id=\"tw-target-text\" class=\"tw-data-text tw-ta tw-text-small\" dir=\"ltr\" data-placeholder=\"Traduction\"><span lang=\"fr\" style=\"font-size: 12pt\">Vous avez travaill\u00e9 dur pour construire votre entreprise. Il est maintenant temps de d\u00e9finir vos solutions et vos strat\u00e9gies. La notori\u00e9t\u00e9 de la marque, la g\u00e9n\u00e9ration de leads, l\u2019optimisation des ventes, l\u2019efficacit\u00e9 de l\u2019organisation et la transformation num\u00e9rique sont au c\u0153ur d\u2019un plan marketing de d\u00e9marrage. <\/span><\/p>\n<p class=\"tw-data-text tw-ta tw-text-small\" dir=\"ltr\" data-placeholder=\"Traduction\"><span lang=\"fr\" style=\"font-size: 12pt\">Ne n\u00e9gligez pas la valeur de ces solutions. Parler au monde entier de votre marque sur un budget est possible avec la bonne \u00e9quipe derri\u00e8re vous! De plus, c\u2019est SMART (Sp\u00e9cifique-Mesurable-Atteignable-R\u00e9aliste-Temporel) &#8211; vous savez o\u00f9 va votre budget et vous connaissez le retour sur investissement. Soyez un acheteur intelligent maintenant!<\/span><\/p>\n<p>[\/vc_column_text][\/vc_column][\/vc_row][vc_row][vc_column width=\u00a0\u00bb1\/2&Prime;][vc_hoverbox image=\u00a0\u00bb821&Prime; primary_title=\u00a0\u00bb\u00a0\u00bb primary_title_font_container=\u00a0\u00bbcolor:%23000000&Prime; primary_title_google_fonts=\u00a0\u00bbfont_family:Montserrat%3Aregular%2C700|font_style:400%20regular%3A400%3Anormal\u00a0\u00bb hover_title=\u00a0\u00bb SENSIBILISATION \u00c0 LA MARQUE\u00a0\u00bb hover_title_font_container=\u00a0\u00bbcolor:%23ffffff\u00a0\u00bb hover_title_google_fonts=\u00a0\u00bbfont_family:Montserrat%3Aregular%2C700|font_style:700%20bold%20regular%3A700%3Anormal\u00a0\u00bb hover_background_color=\u00a0\u00bbblack\u00a0\u00bb use_custom_fonts_primary_title=\u00a0\u00bbtrue\u00a0\u00bb use_custom_fonts_hover_title=\u00a0\u00bbtrue\u00a0\u00bb primary_title_link=\u00a0\u00bburl:https%3A%2F%2Fdreamond.com%2Fnotoriete%2F%3Flang%3Dfr|\u00a0\u00bb hover_title_link=\u00a0\u00bburl:https%3A%2F%2Fdreamond.com%2Fnotoriete%2F%3Flang%3Dfr|\u00a0\u00bb][\/vc_hoverbox][\/vc_column][vc_column width=\u00a0\u00bb1\/2&Prime;][vc_hoverbox image=\u00a0\u00bb822&Prime; primary_title=\u00a0\u00bb\u00a0\u00bb primary_title_font_container=\u00a0\u00bbcolor:%23000000&Prime; primary_title_google_fonts=\u00a0\u00bbfont_family:Montserrat%3Aregular%2C700|font_style:400%20regular%3A400%3Anormal\u00a0\u00bb hover_title=\u00a0\u00bbG\u00c9N\u00c9RATION DE LEAD &amp; LEAD NURTURING\u00a0\u00bb hover_title_font_container=\u00a0\u00bbcolor:%23ffffff\u00a0\u00bb hover_title_google_fonts=\u00a0\u00bbfont_family:Montserrat%3Aregular%2C700|font_style:700%20bold%20regular%3A700%3Anormal\u00a0\u00bb hover_background_color=\u00a0\u00bbblack\u00a0\u00bb use_custom_fonts_primary_title=\u00a0\u00bbtrue\u00a0\u00bb use_custom_fonts_hover_title=\u00a0\u00bbtrue\u00a0\u00bb primary_title_link=\u00a0\u00bburl:https%3A%2F%2Fdreamond.com%2Fgeneration-de-leads-lead-nurturing%2F%3Flang%3Dfr|\u00a0\u00bb hover_title_link=\u00a0\u00bburl:https%3A%2F%2Fdreamond.com%2Fgeneration-de-leads-lead-nurturing%2F%3Flang%3Dfr|\u00a0\u00bb][\/vc_hoverbox][\/vc_column][\/vc_row][vc_row][vc_column width=\u00a0\u00bb1\/3&Prime;][vc_hoverbox image=\u00a0\u00bb823&Prime; primary_title=\u00a0\u00bb\u00a0\u00bb primary_title_font_container=\u00a0\u00bbcolor:%23000000&Prime; primary_title_google_fonts=\u00a0\u00bbfont_family:Montserrat%3Aregular%2C700|font_style:400%20regular%3A400%3Anormal\u00a0\u00bb hover_title=\u00a0\u00bb OPTIMISATION DES VENTES\u00a0\u00bb hover_title_font_container=\u00a0\u00bbcolor:%23ffffff\u00a0\u00bb hover_title_google_fonts=\u00a0\u00bbfont_family:Montserrat%3Aregular%2C700|font_style:700%20bold%20regular%3A700%3Anormal\u00a0\u00bb hover_background_color=\u00a0\u00bbblack\u00a0\u00bb use_custom_fonts_primary_title=\u00a0\u00bbtrue\u00a0\u00bb use_custom_fonts_hover_title=\u00a0\u00bbtrue\u00a0\u00bb primary_title_link=\u00a0\u00bburl:https%3A%2F%2Fdreamond.com%2Foptimisation-des-ventes%2F%3Flang%3Dfr|\u00a0\u00bb hover_title_link=\u00a0\u00bburl:https%3A%2F%2Fdreamond.com%2Foptimisation-des-ventes%2F%3Flang%3Dfr|\u00a0\u00bb][\/vc_hoverbox][\/vc_column][vc_column width=\u00a0\u00bb1\/3&Prime;][vc_hoverbox image=\u00a0\u00bb824&Prime; primary_title=\u00a0\u00bb\u00a0\u00bb primary_title_font_container=\u00a0\u00bbcolor:%23000000&Prime; primary_title_google_fonts=\u00a0\u00bbfont_family:Montserrat%3Aregular%2C700|font_style:400%20regular%3A400%3Anormal\u00a0\u00bb hover_title=\u00a0\u00bb EFFICACIT\u00c9 ORGANISATIONNELLE\u00a0\u00bb hover_title_font_container=\u00a0\u00bbcolor:%23ffffff\u00a0\u00bb hover_title_google_fonts=\u00a0\u00bbfont_family:Montserrat%3Aregular%2C700|font_style:700%20bold%20regular%3A700%3Anormal\u00a0\u00bb hover_background_color=\u00a0\u00bbblack\u00a0\u00bb use_custom_fonts_primary_title=\u00a0\u00bbtrue\u00a0\u00bb use_custom_fonts_hover_title=\u00a0\u00bbtrue\u00a0\u00bb primary_title_link=\u00a0\u00bburl:https%3A%2F%2Fdreamond.com%2Ffr%2Fles-solutions%2Fefficacite-de-lorganisation%2F|\u00a0\u00bb hover_title_link=\u00a0\u00bburl:https%3A%2F%2Fdreamond.com%2Ffr%2Fles-solutions%2Fefficacite-de-lorganisation%2F|\u00a0\u00bb][\/vc_hoverbox][\/vc_column][vc_column width=\u00a0\u00bb1\/3&Prime;][vc_hoverbox image=\u00a0\u00bb825&Prime; primary_title=\u00a0\u00bb\u00a0\u00bb primary_title_font_container=\u00a0\u00bbcolor:%23000000&Prime; primary_title_google_fonts=\u00a0\u00bbfont_family:Montserrat%3Aregular%2C700|font_style:400%20regular%3A400%3Anormal\u00a0\u00bb hover_title=\u00a0\u00bbTRANSFORMATION DIGITALE\u00a0\u00bb hover_title_font_container=\u00a0\u00bbcolor:%23ffffff\u00a0\u00bb hover_title_google_fonts=\u00a0\u00bbfont_family:Montserrat%3Aregular%2C700|font_style:700%20bold%20regular%3A700%3Anormal\u00a0\u00bb hover_background_color=\u00a0\u00bbblack\u00a0\u00bb use_custom_fonts_primary_title=\u00a0\u00bbtrue\u00a0\u00bb use_custom_fonts_hover_title=\u00a0\u00bbtrue\u00a0\u00bb primary_title_link=\u00a0\u00bburl:%2F%3Fpage_id%3D355|\u00a0\u00bb hover_title_link=\u00a0\u00bburl:%2F%3Fpage_id%3D355|\u00a0\u00bb][\/vc_hoverbox][\/vc_column][\/vc_row]<\/p>\n<\/div>","protected":false},"excerpt":{"rendered":"<p>[vc_row][vc_column][vc_column_text css_animation=\u00a0\u00bbbottom-to-top\u00a0\u00bb css=\u00a0\u00bb.vc_custom_1551875783155{margin-right: 30px !important;margin-left: 30px !important;}\u00a0\u00bb] Vous avez travaill\u00e9 dur pour construire votre entreprise. Il est maintenant temps de d\u00e9finir vos solutions et vos strat\u00e9gies.<span class=\"excerpt-hellip\"> [\u2026]<\/span><\/p>\n","protected":false},"author":3,"featured_media":0,"parent":0,"menu_order":0,"comment_status":"closed","ping_status":"closed","template":"","meta":{"footnotes":""},"class_list":["post-1034","page","type-page","status-publish","hentry"],"_links":{"self":[{"href":"https:\/\/old.dreamond.com\/fr\/wp-json\/wp\/v2\/pages\/1034","targetHints":{"allow":["GET"]}}],"collection":[{"href":"https:\/\/old.dreamond.com\/fr\/wp-json\/wp\/v2\/pages"}],"about":[{"href":"https:\/\/old.dreamond.com\/fr\/wp-json\/wp\/v2\/types\/page"}],"author":[{"embeddable":true,"href":"https:\/\/old.dreamond.com\/fr\/wp-json\/wp\/v2\/users\/3"}],"replies":[{"embeddable":true,"href":"https:\/\/old.dreamond.com\/fr\/wp-json\/wp\/v2\/comments?post=1034"}],"version-history":[{"count":0,"href":"https:\/\/old.dreamond.com\/fr\/wp-json\/wp\/v2\/pages\/1034\/revisions"}],"wp:attachment":[{"href":"https:\/\/old.dreamond.com\/fr\/wp-json\/wp\/v2\/media?parent=1034"}],"curies":[{"name":"wp","href":"https:\/\/api.w.org\/{rel}","templated":true}]}}