{"id":1032,"date":"2019-04-30T20:54:43","date_gmt":"2019-04-30T20:54:43","guid":{"rendered":"https:\/\/old.dreamond.com\/notoriete\/"},"modified":"2019-05-05T19:22:50","modified_gmt":"2019-05-05T19:22:50","slug":"notoriete","status":"publish","type":"page","link":"https:\/\/old.dreamond.com\/fr\/les-solutions\/notoriete\/","title":{"rendered":"Notori\u00e9t\u00e9"},"content":{"rendered":"<div class=\"wpb-content-wrapper\"><p>[vc_row][vc_column]<div class=\"trailer_box \"><img decoding=\"async\" class=\"scale-with-grid\" src=\"https:\/\/old.dreamond.com\/wp-content\/uploads\/2019\/03\/brand-awareness.jpg\" alt=\"brand awareness\" width=\"1280\" height=\"752\"\/><div class=\"desc\"><div class=\"subtitle\"> SENSIBILISATION \u00c0 LA MARQUE<\/div><div class=\"line\"><\/div><\/div><\/div>\n[vc_column_text]<\/p>\n<p id=\"tw-target-text\" class=\"tw-data-text tw-ta tw-text-small\" dir=\"ltr\" data-placeholder=\"Traduction\"><span lang=\"fr\" style=\"font-size: 12pt\">\u00c0 l&rsquo;origine, la notori\u00e9t\u00e9 de la marque est un terme marketing qui d\u00e9crit le niveau de reconnaissance du produit ou du service par le client. Aujourd&rsquo;hui, cela implique \u00e9galement les principes et l&rsquo;image que l&rsquo;entreprise transmet \u00e0 son public cible. C&rsquo;est une \u00e9tape majeure dans la promotion d&rsquo;un produit ou d&rsquo;un service, que ce soit hors ligne ou de mani\u00e8re traditionnelle. Id\u00e9alement, la notori\u00e9t\u00e9 d&rsquo;une marque implique l&rsquo;utilisation de la proposition de vente unique d&rsquo;une entreprise qui la diff\u00e9rencie de ses concurrents.<\/span><\/p>\n<p>[\/vc_column_text][vc_column_text]<\/p>\n<h3><span style=\"font-size: 18pt\"><strong>PROBL\u00c8MES DE SENSIBILISATION \u00c0 LA MARQUE<\/strong><\/span><\/h3>\n<p>[\/vc_column_text][vc_row_inner][vc_column_inner width=\u00a0\u00bb1\/5&Prime;][\/vc_column_inner][vc_column_inner width=\u00a0\u00bb1\/5&Prime;][vc_icon icon_fontawesome=\u00a0\u00bbfa fa-users\u00a0\u00bb color=\u00a0\u00bbcustom\u00a0\u00bb size=\u00a0\u00bbxl\u00a0\u00bb align=\u00a0\u00bbcenter\u00a0\u00bb css_animation=\u00a0\u00bbfadeInLeft\u00a0\u00bb custom_color=\u00a0\u00bb#f43ea0&Prime;][vc_column_text css_animation=\u00a0\u00bbfadeIn\u00a0\u00bb]<\/p>\n<p id=\"tw-target-text\" class=\"tw-data-text tw-ta tw-text-small\" dir=\"ltr\" style=\"text-align: center\" data-placeholder=\"Traduction\"><strong><span lang=\"fr\" style=\"font-size: 12pt\">Votre marque est noy\u00e9e par les grandes entreprises. <\/span><\/strong><\/p>\n<p class=\"tw-data-text tw-ta tw-text-small\" dir=\"ltr\" style=\"text-align: center\" data-placeholder=\"Traduction\"><span lang=\"fr\" style=\"font-size: 12pt\">La plupart des consommateurs pensent souvent que votre concurrent a quelque chose d&rsquo;unique \u00e0 offrir.<\/span><\/p>\n<p>[\/vc_column_text][\/vc_column_inner][vc_column_inner width=\u00a0\u00bb1\/5&Prime;][vc_icon icon_fontawesome=\u00a0\u00bbfa fa-search\u00a0\u00bb color=\u00a0\u00bbcustom\u00a0\u00bb size=\u00a0\u00bbxl\u00a0\u00bb align=\u00a0\u00bbcenter\u00a0\u00bb css_animation=\u00a0\u00bbfadeInUp\u00a0\u00bb custom_color=\u00a0\u00bb#f43ea0&Prime;][vc_column_text css_animation=\u00a0\u00bbfadeIn\u00a0\u00bb]<\/p>\n<p style=\"text-align: center\"><strong><span style=\"font-size: 12pt\">Votre marque n&rsquo;appara\u00eet pas sur la page de r\u00e9sultats de Google. <\/span><\/strong><\/p>\n<p style=\"text-align: center\"><span style=\"font-size: 12pt\">Cela ne vous oblige qu&rsquo;\u00e0 faire des recherches par mot cl\u00e9 et \u00e0 changer vos techniques de r\u00e9f\u00e9rencement.<\/span><\/p>\n<p>[\/vc_column_text][\/vc_column_inner][vc_column_inner width=\u00a0\u00bb1\/5&Prime;][vc_icon icon_fontawesome=\u00a0\u00bbfa fa-money\u00a0\u00bb color=\u00a0\u00bbcustom\u00a0\u00bb size=\u00a0\u00bbxl\u00a0\u00bb align=\u00a0\u00bbcenter\u00a0\u00bb css_animation=\u00a0\u00bbfadeInRight\u00a0\u00bb custom_color=\u00a0\u00bb#f43ea0&Prime;][vc_column_text css_animation=\u00a0\u00bbfadeIn\u00a0\u00bb]<\/p>\n<p id=\"tw-target-text\" class=\"tw-data-text tw-ta tw-text-small\" dir=\"ltr\" style=\"text-align: center\" data-placeholder=\"Traduction\"><strong><span lang=\"fr\" style=\"font-size: 12pt\">Le budget marketing a augment\u00e9 mais les ventes ne sont toujours pas rentables. <\/span><\/strong><\/p>\n<p class=\"tw-data-text tw-ta tw-text-small\" dir=\"ltr\" style=\"text-align: center\" data-placeholder=\"Traduction\"><span lang=\"fr\" style=\"font-size: 12pt\">Votre marque n&rsquo;est pas capable de capturer le public cible.<\/span><\/p>\n<p>[\/vc_column_text][\/vc_column_inner][vc_column_inner width=\u00a0\u00bb1\/5&Prime;][\/vc_column_inner][\/vc_row_inner][vc_column_text]<\/p>\n<h2><span style=\"font-size: 24pt\"><strong><span lang=\"fr\">Solutions Dreamond de sensibilisation \u00e0 la marque :<\/span><\/strong><\/span><\/h2>\n<p>[\/vc_column_text][vc_row_inner][vc_column_inner width=\u00a0\u00bb1\/3&Prime;][vc_hoverbox image=\u00a0\u00bb321&Prime; primary_title=\u00a0\u00bb\u00a0\u00bb hover_title=\u00a0\u00bbLE MARKETING DIGITAL\u00a0\u00bb hover_title_font_container=\u00a0\u00bbcolor:%23ffffff\u00a0\u00bb hover_title_google_fonts=\u00a0\u00bbfont_family:Montserrat%3Aregular%2C700|font_style:700%20bold%20regular%3A700%3Anormal\u00a0\u00bb hover_background_color=\u00a0\u00bbblack\u00a0\u00bb use_custom_fonts_hover_title=\u00a0\u00bbtrue\u00a0\u00bb hover_title_link=\u00a0\u00bburl:https%3A%2F%2Fdreamond.com%2Ffr%2Fles-solutions%2Fnotoriete%2Fmarketing-digital%2F|\u00a0\u00bb]<span style=\"font-size: 12pt\">Inclut les m\u00e9dias sociaux, le contenu, les moteurs de recherche, les courriels et les applications mobiles.<\/span>[\/vc_hoverbox][\/vc_column_inner][vc_column_inner width=\u00a0\u00bb1\/3&Prime;][vc_hoverbox image=\u00a0\u00bb322&Prime; primary_title=\u00a0\u00bb\u00a0\u00bb hover_title=\u00a0\u00bbR\u00c9PUTATION EN LIGNE\u00a0\u00bb hover_title_font_container=\u00a0\u00bbcolor:%23ffffff\u00a0\u00bb hover_title_google_fonts=\u00a0\u00bbfont_family:Montserrat%3Aregular%2C700|font_style:700%20bold%20regular%3A700%3Anormal\u00a0\u00bb hover_background_color=\u00a0\u00bbblack\u00a0\u00bb use_custom_fonts_hover_title=\u00a0\u00bbtrue\u00a0\u00bb hover_title_link=\u00a0\u00bburl:https%3A%2F%2Fdreamond.com%2Ffr%2Fles-solutions%2Fnotoriete%2Freputation-en-ligne%2F|\u00a0\u00bb]<span style=\"font-size: 12pt;color: #ffffff\">R\u00e9duisez l&rsquo;impact de la mauvaise publicit\u00e9 et ravivez la r\u00e9putation positive de l&rsquo;entreprise.<\/span>[\/vc_hoverbox][\/vc_column_inner][vc_column_inner width=\u00a0\u00bb1\/3&Prime;][vc_hoverbox image=\u00a0\u00bb323&Prime; primary_title=\u00a0\u00bb\u00a0\u00bb hover_title=\u00a0\u00bb CAMPAGNES COMMERCIALES\u00a0\u00bb hover_title_font_container=\u00a0\u00bbcolor:%23ffffff\u00a0\u00bb hover_title_google_fonts=\u00a0\u00bbfont_family:Montserrat%3Aregular%2C700|font_style:700%20bold%20regular%3A700%3Anormal\u00a0\u00bb hover_background_color=\u00a0\u00bbblack\u00a0\u00bb use_custom_fonts_hover_title=\u00a0\u00bbtrue\u00a0\u00bb hover_title_link=\u00a0\u00bburl:https%3A%2F%2Fdreamond.com%2Ffr%2Fles-solutions%2Fnotoriete%2Fcampagnes-marketing%2F|\u00a0\u00bb]<span style=\"font-size: 12pt;color: #ffffff\">Tels que la publicit\u00e9 imprim\u00e9e, le paiement au clic, la publicit\u00e9 \u00e0 la radio, la publicit\u00e9 \u00e0 la t\u00e9l\u00e9vision, les m\u00e9dias sociaux, et plus encore!<\/span>[\/vc_hoverbox][\/vc_column_inner][\/vc_row_inner][\/vc_column][\/vc_row]<\/p>\n<\/div>","protected":false},"excerpt":{"rendered":"<p>[vc_row][vc_column][vc_column_text] \u00c0 l&rsquo;origine, la notori\u00e9t\u00e9 de la marque est un terme marketing qui d\u00e9crit le niveau de reconnaissance du produit ou du service par le client.<span class=\"excerpt-hellip\"> [\u2026]<\/span><\/p>\n","protected":false},"author":9,"featured_media":0,"parent":1034,"menu_order":0,"comment_status":"closed","ping_status":"closed","template":"","meta":{"footnotes":""},"class_list":["post-1032","page","type-page","status-publish","hentry"],"_links":{"self":[{"href":"https:\/\/old.dreamond.com\/fr\/wp-json\/wp\/v2\/pages\/1032","targetHints":{"allow":["GET"]}}],"collection":[{"href":"https:\/\/old.dreamond.com\/fr\/wp-json\/wp\/v2\/pages"}],"about":[{"href":"https:\/\/old.dreamond.com\/fr\/wp-json\/wp\/v2\/types\/page"}],"author":[{"embeddable":true,"href":"https:\/\/old.dreamond.com\/fr\/wp-json\/wp\/v2\/users\/9"}],"replies":[{"embeddable":true,"href":"https:\/\/old.dreamond.com\/fr\/wp-json\/wp\/v2\/comments?post=1032"}],"version-history":[{"count":0,"href":"https:\/\/old.dreamond.com\/fr\/wp-json\/wp\/v2\/pages\/1032\/revisions"}],"up":[{"embeddable":true,"href":"https:\/\/old.dreamond.com\/fr\/wp-json\/wp\/v2\/pages\/1034"}],"wp:attachment":[{"href":"https:\/\/old.dreamond.com\/fr\/wp-json\/wp\/v2\/media?parent=1032"}],"curies":[{"name":"wp","href":"https:\/\/api.w.org\/{rel}","templated":true}]}}