{"id":1024,"date":"2019-04-30T20:31:52","date_gmt":"2019-04-30T20:31:52","guid":{"rendered":"https:\/\/old.dreamond.com\/secteurs\/"},"modified":"2019-05-05T19:27:42","modified_gmt":"2019-05-05T19:27:42","slug":"secteurs","status":"publish","type":"page","link":"https:\/\/old.dreamond.com\/fr\/secteurs\/","title":{"rendered":"Secteurs"},"content":{"rendered":"<div class=\"wpb-content-wrapper\"><p>[vc_row][vc_column][vc_column_text]<\/p>\n<p id=\"tw-target-text\" class=\"tw-data-text tw-ta tw-text-small\" dir=\"ltr\" data-placeholder=\"Traduction\"><span lang=\"fr\" style=\"font-size: 12pt\">Vous \u00eates-vous d\u00e9j\u00e0 demand\u00e9 comment les entreprises prosp\u00e8res, petites ou grandes, appliquaient leurs strat\u00e9gies marketing? <\/span><\/p>\n<p class=\"tw-data-text tw-ta tw-text-small\" dir=\"ltr\" data-placeholder=\"Traduction\"><strong><span lang=\"fr\" style=\"font-size: 12pt\">Ils investissent dans le marketing personnalis\u00e9, sp\u00e9cialement pour leur secteur. <\/span><\/strong><\/p>\n<p class=\"tw-data-text tw-ta tw-text-small\" dir=\"ltr\" data-placeholder=\"Traduction\"><span lang=\"fr\" style=\"font-size: 12pt\">Votre entreprise peut \u00e9galement conna\u00eetre ce succ\u00e8s si vous avez un plan marketing personnalis\u00e9. <\/span><\/p>\n<p class=\"tw-data-text tw-ta tw-text-small\" dir=\"ltr\" data-placeholder=\"Traduction\"><span lang=\"fr\" style=\"font-size: 12pt\">Une taille unique ne convient certainement pas \u00e0 tous, en particulier dans le marketing num\u00e9rique. Cependant, lorsque vous travaillez avec nous, nous veillons \u00e0 envoyer le bon message aux bonnes personnes au bon moment afin que vous obteniez le meilleur retour sur investissement. <\/span><\/p>\n<p class=\"tw-data-text tw-ta tw-text-small\" dir=\"ltr\" data-placeholder=\"Traduction\"><span lang=\"fr\" style=\"font-size: 12pt\">Essayez en cliquant sur votre secteur d&rsquo;activit\u00e9 pour voir comment nous personnalisons nos plans. Vous ne voyez pas votre industrie? Cela ne veut pas dire qu\u2019il n\u2019y a pas de plan personnalis\u00e9 pour vous. Cliquez sur le lien de la page de contact pour parler avec un membre de notre \u00e9quipe de la fa\u00e7on dont nous pouvons vous aider \u00e0 d\u00e9passer la concurrence.<\/span><\/p>\n<p>[\/vc_column_text][\/vc_column][\/vc_row][vc_row][vc_column width=\u00a0\u00bb1\/3&Prime;][vc_hoverbox image=\u00a0\u00bb465&Prime; primary_title=\u00a0\u00bb\u00a0\u00bb primary_title_font_container=\u00a0\u00bbcolor:%23000000&Prime; primary_title_google_fonts=\u00a0\u00bbfont_family:Montserrat%3Aregular%2C700|font_style:400%20regular%3A400%3Anormal\u00a0\u00bb hover_title=\u00a0\u00bbIMMOBILIER\u00a0\u00bb hover_title_font_container=\u00a0\u00bbcolor:%23ffffff\u00a0\u00bb hover_title_google_fonts=\u00a0\u00bbfont_family:Montserrat%3Aregular%2C700|font_style:700%20bold%20regular%3A700%3Anormal\u00a0\u00bb hover_background_color=\u00a0\u00bbblack\u00a0\u00bb use_custom_fonts_primary_title=\u00a0\u00bbtrue\u00a0\u00bb use_custom_fonts_hover_title=\u00a0\u00bbtrue\u00a0\u00bb primary_title_link=\u00a0\u00bburl:https%3A%2F%2Fdreamond.com%2Ffr%2Fsecteurs%2Fimmobilier%2F|\u00a0\u00bb hover_title_link=\u00a0\u00bburl:https%3A%2F%2Fdreamond.com%2Ffr%2Fsecteurs%2Fimmobilier%2F|\u00a0\u00bb]<br \/>\n<span style=\"font-size: 12pt;color: #ffffff\">Il est difficile de d\u00e9velopper une entreprise immobili\u00e8re sans que vous ayez \u00e0 vendre les propri\u00e9t\u00e9s que vous avez construites.<\/span><br \/>\n[\/vc_hoverbox][\/vc_column][vc_column width=\u00a0\u00bb1\/3&Prime;][vc_hoverbox image=\u00a0\u00bb466&Prime; primary_title=\u00a0\u00bb\u00a0\u00bb primary_title_font_container=\u00a0\u00bbcolor:%23000000&Prime; primary_title_google_fonts=\u00a0\u00bbfont_family:Montserrat%3Aregular%2C700|font_style:400%20regular%3A400%3Anormal\u00a0\u00bb hover_title=\u00a0\u00bbE-COMMERCE\u00a0\u00bb hover_title_font_container=\u00a0\u00bbcolor:%23ffffff\u00a0\u00bb hover_title_google_fonts=\u00a0\u00bbfont_family:Montserrat%3Aregular%2C700|font_style:700%20bold%20regular%3A700%3Anormal\u00a0\u00bb hover_background_color=\u00a0\u00bbblack\u00a0\u00bb use_custom_fonts_primary_title=\u00a0\u00bbtrue\u00a0\u00bb use_custom_fonts_hover_title=\u00a0\u00bbtrue\u00a0\u00bb primary_title_link=\u00a0\u00bburl:https%3A%2F%2Fdreamond.com%2Ffr%2Fsecteurs%2Fe-commerce%2F|\u00a0\u00bb hover_title_link=\u00a0\u00bburl:https%3A%2F%2Fdreamond.com%2Ffr%2Fsecteurs%2Fe-commerce%2F|\u00a0\u00bb]<\/p>\n<h6><span style=\"font-size: 12pt;color: #ffffff\">Les principaux d\u00e9fis auxquels le secteur de l&rsquo;e-commerce est confront\u00e9 sont les suivants:<\/span><\/h6>\n<p>[\/vc_hoverbox][\/vc_column][vc_column width=\u00a0\u00bb1\/3&Prime;][vc_hoverbox image=\u00a0\u00bb478&Prime; primary_title=\u00a0\u00bb\u00a0\u00bb primary_title_font_container=\u00a0\u00bbcolor:%23000000&Prime; primary_title_google_fonts=\u00a0\u00bbfont_family:Montserrat%3Aregular%2C700|font_style:400%20regular%3A400%3Anormal\u00a0\u00bb hover_title=\u00a0\u00bbHOSPITALIT\u00c9\u00a0\u00bb hover_title_font_container=\u00a0\u00bbcolor:%23ffffff\u00a0\u00bb hover_title_google_fonts=\u00a0\u00bbfont_family:Montserrat%3Aregular%2C700|font_style:700%20bold%20regular%3A700%3Anormal\u00a0\u00bb hover_background_color=\u00a0\u00bbblack\u00a0\u00bb use_custom_fonts_primary_title=\u00a0\u00bbtrue\u00a0\u00bb use_custom_fonts_hover_title=\u00a0\u00bbtrue\u00a0\u00bb primary_title_link=\u00a0\u00bburl:https%3A%2F%2Fdreamond.com%2Ffr%2Fsecteurs%2Fhotellerie%2F|\u00a0\u00bb hover_title_link=\u00a0\u00bburl:https%3A%2F%2Fdreamond.com%2Ffr%2Fsecteurs%2Fhotellerie%2F|\u00a0\u00bb]<\/p>\n<h6><span style=\"font-size: 12pt;color: #ffffff\">Voici quelques-uns des d\u00e9fis les plus importants auxquels l&rsquo;industrie h\u00f4teli\u00e8re est confront\u00e9e aujourd&rsquo;hui<\/span><\/h6>\n<p>[\/vc_hoverbox][\/vc_column][\/vc_row][vc_row][vc_column width=\u00a0\u00bb1\/3&Prime;][vc_hoverbox image=\u00a0\u00bb468&Prime; primary_title=\u00a0\u00bb\u00a0\u00bb primary_title_font_container=\u00a0\u00bbcolor:%23000000&Prime; primary_title_google_fonts=\u00a0\u00bbfont_family:Montserrat%3Aregular%2C700|font_style:400%20regular%3A400%3Anormal\u00a0\u00bb hover_title=\u00a0\u00bb VENTE AU D\u00c9TAIL\u00a0\u00bb hover_title_font_container=\u00a0\u00bbcolor:%23ffffff\u00a0\u00bb hover_title_google_fonts=\u00a0\u00bbfont_family:Montserrat%3Aregular%2C700|font_style:700%20bold%20regular%3A700%3Anormal\u00a0\u00bb hover_background_color=\u00a0\u00bbblack\u00a0\u00bb use_custom_fonts_primary_title=\u00a0\u00bbtrue\u00a0\u00bb use_custom_fonts_hover_title=\u00a0\u00bbtrue\u00a0\u00bb primary_title_link=\u00a0\u00bburl:https%3A%2F%2Fdreamond.com%2Ffr%2Fsecteurs%2Fvente-au-detail%2F|\u00a0\u00bb hover_title_link=\u00a0\u00bburl:https%3A%2F%2Fdreamond.com%2Ffr%2Fsecteurs%2Fvente-au-detail%2F|\u00a0\u00bb]<\/p>\n<p id=\"tw-target-text\" class=\"tw-data-text tw-ta tw-text-small\" dir=\"ltr\" style=\"text-align: center\" data-placeholder=\"Traduction\"><span lang=\"fr\" style=\"font-size: 12pt;color: #ffffff\">Le changement arrive vite quand il s&rsquo;agit de magasins de d\u00e9tail. La plupart de ses d\u00e9fis concernent davantage les perceptions et les processus de pens\u00e9e des consommateurs.<\/span><\/p>\n<p>[\/vc_hoverbox][\/vc_column][vc_column width=\u00a0\u00bb1\/3&Prime;][vc_hoverbox image=\u00a0\u00bb469&Prime; primary_title=\u00a0\u00bb\u00a0\u00bb primary_title_font_container=\u00a0\u00bbcolor:%23000000&Prime; primary_title_google_fonts=\u00a0\u00bbfont_family:Montserrat%3Aregular%2C700|font_style:400%20regular%3A400%3Anormal\u00a0\u00bb hover_title=\u00a0\u00bb SOCI\u00c9T\u00c9 DE LOGICIELS\u00a0\u00bb hover_title_font_container=\u00a0\u00bbcolor:%23ffffff\u00a0\u00bb hover_title_google_fonts=\u00a0\u00bbfont_family:Montserrat%3Aregular%2C700|font_style:700%20bold%20regular%3A700%3Anormal\u00a0\u00bb hover_background_color=\u00a0\u00bbblack\u00a0\u00bb use_custom_fonts_primary_title=\u00a0\u00bbtrue\u00a0\u00bb use_custom_fonts_hover_title=\u00a0\u00bbtrue\u00a0\u00bb primary_title_link=\u00a0\u00bburl:https%3A%2F%2Fdreamond.com%2Ffr%2Fsecteurs%2Fdeveloppement-de-logiciels%2F|\u00a0\u00bb hover_title_link=\u00a0\u00bburl:https%3A%2F%2Fdreamond.com%2Ffr%2Fsecteurs%2Fdeveloppement-de-logiciels%2F|\u00a0\u00bb]<\/p>\n<p style=\"text-align: center\"><span style=\"font-size: 12pt;color: #ffffff\">Le secteur du logiciel \u00e9volue rapidement, et les entreprises qui ne peuvent pas suivre le rythme peuvent se replier aussi vite qu\u2019elles ont commenc\u00e9.<\/span><\/p>\n<p>[\/vc_hoverbox][\/vc_column][vc_column width=\u00a0\u00bb1\/3&Prime;][vc_hoverbox image=\u00a0\u00bb470&Prime; primary_title=\u00a0\u00bb\u00a0\u00bb primary_title_font_container=\u00a0\u00bbcolor:%23000000&Prime; primary_title_google_fonts=\u00a0\u00bbfont_family:Montserrat%3Aregular%2C700|font_style:400%20regular%3A400%3Anormal\u00a0\u00bb hover_title=\u00a0\u00bbCONSULTANT\u00a0\u00bb hover_title_font_container=\u00a0\u00bbcolor:%23ffffff\u00a0\u00bb hover_title_google_fonts=\u00a0\u00bbfont_family:Montserrat%3Aregular%2C700|font_style:700%20bold%20regular%3A700%3Anormal\u00a0\u00bb hover_background_color=\u00a0\u00bbblack\u00a0\u00bb use_custom_fonts_primary_title=\u00a0\u00bbtrue\u00a0\u00bb use_custom_fonts_hover_title=\u00a0\u00bbtrue\u00a0\u00bb primary_title_link=\u00a0\u00bburl:https%3A%2F%2Fdreamond.com%2Ffr%2Fsecteurs%2Fconsultant%2F|\u00a0\u00bb hover_title_link=\u00a0\u00bburl:https%3A%2F%2Fdreamond.com%2Ffr%2Fsecteurs%2Fconsultant%2F|\u00a0\u00bb]<br \/>\n<span style=\"font-size: 12pt;color: #ffffff\">De nombreuses forces ouvrent la voie au changement dans l&rsquo;industrie et elles sont \u00e9galement vari\u00e9es.<\/span><br \/>\n[\/vc_hoverbox][\/vc_column][\/vc_row]<\/p>\n<\/div>","protected":false},"excerpt":{"rendered":"<p>[vc_row][vc_column][vc_column_text] Vous \u00eates-vous d\u00e9j\u00e0 demand\u00e9 comment les entreprises prosp\u00e8res, petites ou grandes, appliquaient leurs strat\u00e9gies marketing? Ils investissent dans le marketing personnalis\u00e9, sp\u00e9cialement pour leur secteur.<span class=\"excerpt-hellip\"> [\u2026]<\/span><\/p>\n","protected":false},"author":9,"featured_media":0,"parent":0,"menu_order":0,"comment_status":"closed","ping_status":"closed","template":"","meta":{"footnotes":""},"class_list":["post-1024","page","type-page","status-publish","hentry"],"_links":{"self":[{"href":"https:\/\/old.dreamond.com\/fr\/wp-json\/wp\/v2\/pages\/1024","targetHints":{"allow":["GET"]}}],"collection":[{"href":"https:\/\/old.dreamond.com\/fr\/wp-json\/wp\/v2\/pages"}],"about":[{"href":"https:\/\/old.dreamond.com\/fr\/wp-json\/wp\/v2\/types\/page"}],"author":[{"embeddable":true,"href":"https:\/\/old.dreamond.com\/fr\/wp-json\/wp\/v2\/users\/9"}],"replies":[{"embeddable":true,"href":"https:\/\/old.dreamond.com\/fr\/wp-json\/wp\/v2\/comments?post=1024"}],"version-history":[{"count":0,"href":"https:\/\/old.dreamond.com\/fr\/wp-json\/wp\/v2\/pages\/1024\/revisions"}],"wp:attachment":[{"href":"https:\/\/old.dreamond.com\/fr\/wp-json\/wp\/v2\/media?parent=1024"}],"curies":[{"name":"wp","href":"https:\/\/api.w.org\/{rel}","templated":true}]}}