{"id":1000,"date":"2019-04-30T19:11:12","date_gmt":"2019-04-30T19:11:12","guid":{"rendered":"https:\/\/old.dreamond.com\/services-de-publicite-en-ligne\/"},"modified":"2019-05-08T20:38:54","modified_gmt":"2019-05-08T20:38:54","slug":"services-de-publicite-en-ligne","status":"publish","type":"page","link":"https:\/\/old.dreamond.com\/fr\/services\/services-de-publicite-en-ligne\/","title":{"rendered":"Services de publicit\u00e9 en ligne"},"content":{"rendered":"<div class=\"wpb-content-wrapper\"><p>[vc_row][vc_column][vc_cta h2=\u00a0\u00bbTROUVEZ VOTRE PUBLIC, RAPIDEMENT!\u00a0\u00bb txt_align=\u00a0\u00bbcenter\u00a0\u00bb style=\u00a0\u00bbflat\u00a0\u00bb color=\u00a0\u00bbblack\u00a0\u00bb add_button=\u00a0\u00bbbottom\u00a0\u00bb btn_title=\u00a0\u00bbCONTACTEZ NOUS\u00a0\u00bb btn_style=\u00a0\u00bbflat\u00a0\u00bb btn_color=\u00a0\u00bbjuicy-pink\u00a0\u00bb btn_size=\u00a0\u00bblg\u00a0\u00bb btn_align=\u00a0\u00bbcenter\u00a0\u00bb btn_css_animation=\u00a0\u00bbbounceIn\u00a0\u00bb btn_link=\u00a0\u00bburl:https%3A%2F%2Fdreamond.com%2Ffr%2Fcontact%2F|\u00a0\u00bb css=\u00a0\u00bb.vc_custom_1556012299377{margin-top: 0px !important;}\u00a0\u00bb]<\/p>\n<h6 id=\"tw-target-text\" class=\"tw-data-text tw-ta tw-text-small\" data-placeholder=\"Traduction\"><span lang=\"fr\" style=\"font-size: 12pt;color: #ffffff\">Vous ne savez pas comment commencer \u00e0 cr\u00e9er une notori\u00e9t\u00e9? Vous cherchez \u00e0 augmenter le volume de lead? Nos services de publicit\u00e9 en ligne aident nos clients \u00e0 d\u00e9passer leurs objectifs publicitaires et \u00e0 obtenir des r\u00e9sultats imm\u00e9diats gr\u00e2ce \u00e0 d&rsquo;excellentes strat\u00e9gies et \u00e0 l&rsquo;optimisation du taux de conversion en fonction des donn\u00e9es.<\/span><\/h6>\n<p>[\/vc_cta][\/vc_column][\/vc_row]<\/p>\n<\/div>","protected":false},"excerpt":{"rendered":"<p>[vc_row][vc_column][vc_cta h2=\u00a0\u00bbTROUVEZ VOTRE PUBLIC, RAPIDEMENT!\u00a0\u00bb txt_align=\u00a0\u00bbcenter\u00a0\u00bb style=\u00a0\u00bbflat\u00a0\u00bb color=\u00a0\u00bbblack\u00a0\u00bb add_button=\u00a0\u00bbbottom\u00a0\u00bb btn_title=\u00a0\u00bbCONTACTEZ NOUS\u00a0\u00bb btn_style=\u00a0\u00bbflat\u00a0\u00bb btn_color=\u00a0\u00bbjuicy-pink\u00a0\u00bb btn_size=\u00a0\u00bblg\u00a0\u00bb btn_align=\u00a0\u00bbcenter\u00a0\u00bb btn_css_animation=\u00a0\u00bbbounceIn\u00a0\u00bb btn_link=\u00a0\u00bburl:https%3A%2F%2Fdreamond.com%2Ffr%2Fcontact%2F|\u00a0\u00bb css=\u00a0\u00bb.vc_custom_1556012299377{margin-top: 0px !important;}\u00a0\u00bb] Vous ne savez pas comment commencer<span class=\"excerpt-hellip\"> [\u2026]<\/span><\/p>\n","protected":false},"author":9,"featured_media":0,"parent":1067,"menu_order":0,"comment_status":"closed","ping_status":"closed","template":"","meta":{"footnotes":""},"class_list":["post-1000","page","type-page","status-publish","hentry"],"_links":{"self":[{"href":"https:\/\/old.dreamond.com\/fr\/wp-json\/wp\/v2\/pages\/1000","targetHints":{"allow":["GET"]}}],"collection":[{"href":"https:\/\/old.dreamond.com\/fr\/wp-json\/wp\/v2\/pages"}],"about":[{"href":"https:\/\/old.dreamond.com\/fr\/wp-json\/wp\/v2\/types\/page"}],"author":[{"embeddable":true,"href":"https:\/\/old.dreamond.com\/fr\/wp-json\/wp\/v2\/users\/9"}],"replies":[{"embeddable":true,"href":"https:\/\/old.dreamond.com\/fr\/wp-json\/wp\/v2\/comments?post=1000"}],"version-history":[{"count":0,"href":"https:\/\/old.dreamond.com\/fr\/wp-json\/wp\/v2\/pages\/1000\/revisions"}],"up":[{"embeddable":true,"href":"https:\/\/old.dreamond.com\/fr\/wp-json\/wp\/v2\/pages\/1067"}],"wp:attachment":[{"href":"https:\/\/old.dreamond.com\/fr\/wp-json\/wp\/v2\/media?parent=1000"}],"curies":[{"name":"wp","href":"https:\/\/api.w.org\/{rel}","templated":true}]}}